{"id":19142,"date":"2025-06-27T17:37:12","date_gmt":"2025-06-27T15:37:12","guid":{"rendered":"https:\/\/stage.poppersparadise.eu\/product\/cosmic-titan-dildo-m\/"},"modified":"2025-09-23T11:25:14","modified_gmt":"2025-09-23T09:25:14","slug":"cosmic-titan-dildo-m","status":"publish","type":"product","link":"https:\/\/stage.poppersparadise.eu\/de\/produkt\/cosmic-titan-dildo-m\/","title":{"rendered":"Kosmischer Titan Dildo - M"},"content":{"rendered":"<h2 class=\"font-bold text-h3 leading-[36px] pt-[21px] pb-[2px] [&amp;_a]:underline-offset-[6px] [&amp;_.underline]:underline-offset-[6px]\" dir=\"ltr\">Entdecke das Universum mit dem Cosmic Titan Dildo<\/h2>\n<p class=\"text-body font-regular leading-[24px] pt-[9px] pb-[2px]\" dir=\"ltr\">Treten Sie mit dem Cosmic Titan Dildo in ein Universum nie dagewesener Gen\u00fcsse ein. Durchdrungen von galaktischer Anziehungskraft, l\u00e4dt dich diese au\u00dferirdische Kreation ein, dich von irdischen Zw\u00e4ngen zu befreien und ein Reich der Fantasie und Ekstase zu erkunden. Stellen Sie sich einen kosmischen Reisenden vor, der in leuchtenden Violett- und Rosat\u00f6nen auf die Erde herabsteigt, um Ihre tiefsten Sehns\u00fcchte zu wecken. Diese eindrucksvolle Verschmelzung von kosmischer Energie und urspr\u00fcnglicher Kraft verspricht ein transzendentes Abenteuer.<\/p>\n<p class=\"text-body font-regular leading-[24px] pt-[9px] pb-[2px]\" dir=\"ltr\">Der Cosmic Titan Dildo ist nicht einfach nur ein weiteres Lustinstrument - er ist Ihr Tor zu einer au\u00dfergew\u00f6hnlichen Erfahrung, die die Grenzen Ihrer Vorstellungskraft sprengt. Jede Kurve und jede Kontur schwingt mit dem Herzschlag des Universums mit und liefert Empfindungen, die wahrlich jenseitig sind. Jede Ber\u00fchrung setzt einen Strom kosmischer Energie frei, der Sie nahtlos mit den Geheimnissen des Kosmos verbindet.<\/p>\n<p class=\"text-body font-regular leading-[24px] pt-[9px] pb-[2px]\" dir=\"ltr\"><b><strong class=\"font-bold\">Spezifikationen<\/strong><\/b><\/p>\n<ul class=\"pt-[9px] pb-[2px] pl-[24px] list-disc [&amp;_ul]:pt-[5px] pt-[5px]\">\n<li class=\"text-body font-regular leading-[24px] my-[5px] [&amp;&gt;ol]:!pt-0 [&amp;&gt;ol]:!pb-0 [&amp;&gt;ul]:!pt-0 [&amp;&gt;ul]:!pb-0\" value=\"1\">Gesamtl\u00e4nge: 22,3 cm, bietet eine befriedigende und atemberaubende Erfahrung.<\/li>\n<li class=\"text-body font-regular leading-[24px] my-[5px] [&amp;&gt;ol]:!pt-0 [&amp;&gt;ol]:!pb-0 [&amp;&gt;ul]:!pt-0 [&amp;&gt;ul]:!pb-0\" value=\"2\">Einf\u00fchrbare L\u00e4nge: 18,1 cm, entwickelt, um neue Tiefen der Zufriedenheit zu erreichen.<\/li>\n<li class=\"text-body font-regular leading-[24px] my-[5px] [&amp;&gt;ol]:!pt-0 [&amp;&gt;ol]:!pb-0 [&amp;&gt;ul]:!pt-0 [&amp;&gt;ul]:!pb-0\" value=\"3\">Oberer Durchmesser: 4,9 cm, f\u00fcr eine schrittweise und angenehme Einf\u00fchrung.<\/li>\n<li class=\"text-body font-regular leading-[24px] my-[5px] [&amp;&gt;ol]:!pt-0 [&amp;&gt;ol]:!pb-0 [&amp;&gt;ul]:!pt-0 [&amp;&gt;ul]:!pb-0\" value=\"4\">Mitteldurchmesser: 5,9 cm, sorgt f\u00fcr ein volleres Gef\u00fchl, wenn Sie tiefer gehen.<\/li>\n<li class=\"text-body font-regular leading-[24px] my-[5px] [&amp;&gt;ol]:!pt-0 [&amp;&gt;ol]:!pb-0 [&amp;&gt;ul]:!pt-0 [&amp;&gt;ul]:!pb-0\" value=\"5\">Sockeldurchmesser: 12,0 cm, sorgt f\u00fcr einen festen Halt bei Ihren kosmischen Erkundungen.<\/li>\n<li class=\"text-body font-regular leading-[24px] my-[5px] [&amp;&gt;ol]:!pt-0 [&amp;&gt;ol]:!pb-0 [&amp;&gt;ul]:!pt-0 [&amp;&gt;ul]:!pb-0\" value=\"6\">Gewicht: 676 Gramm, was auf seine beachtliche Pr\u00e4senz hinweist.<\/li>\n<li class=\"text-body font-regular leading-[24px] my-[5px] [&amp;&gt;ol]:!pt-0 [&amp;&gt;ol]:!pb-0 [&amp;&gt;ul]:!pt-0 [&amp;&gt;ul]:!pb-0\" value=\"7\">Farben: Eine bezaubernde Mischung aus violetten und rosafarbenen T\u00f6nen, die an \u00fcppige au\u00dferirdische Landschaften erinnern.<\/li>\n<li class=\"text-body font-regular leading-[24px] my-[5px] [&amp;&gt;ol]:!pt-0 [&amp;&gt;ol]:!pb-0 [&amp;&gt;ul]:!pt-0 [&amp;&gt;ul]:!pb-0\" value=\"8\">Material: Hergestellt aus hochwertigem Platin-Silikon, bietet eine seidenweiche Textur, die sowohl langlebig als auch sicher f\u00fcr den K\u00f6rper ist.<\/li>\n<\/ul>\n<p class=\"text-body font-regular leading-[24px] pt-[9px] pb-[2px]\" dir=\"ltr\">Genie\u00dfen Sie eine Geschichte von kosmischer Leidenschaft und roher Kraft, in der jede Begegnung mit dem Cosmic Titan Dildo zu einer himmlischen Suche wird. Entwickelt, um die tiefsten Fantasien von M\u00e4nnern und Frauen zu erf\u00fcllen, l\u00e4dt er sie ein, die Grenzen ihrer Vorstellungskraft zu erweitern. Willkommen in einem Universum, in dem Fantasie und Realit\u00e4t verschmelzen und das Vergn\u00fcgen keine Grenzen kennt. Sp\u00fcren Sie die Umarmung des Universums und lassen Sie Ihre Begierde unter den Sternen mit diesem himmlischen Begleiter aufsteigen.<\/p>","protected":false},"excerpt":{"rendered":"<p>Entdecken Sie himmlisches Vergn\u00fcgen mit dem Cosmic Titan Dildo - wo Fantasie und Realit\u00e4t zusammenkommen, um unvergleichliche Abenteuer und Befriedigung zu bieten.<\/p>","protected":false},"featured_media":19141,"comment_status":"open","ping_status":"closed","template":"","meta":[],"product_brand":[767],"product_cat":[766,787],"product_tag":[],"class_list":{"0":"post-19142","1":"product","2":"type-product","3":"status-publish","4":"has-post-thumbnail","6":"product_brand-giant-space-intruders","7":"product_cat-dildos","8":"product_cat-monster-fantasy-dildos","10":"first","11":"instock","12":"sale","13":"taxable","14":"shipping-taxable","15":"purchasable","16":"product-type-simple"},"_links":{"self":[{"href":"https:\/\/stage.poppersparadise.eu\/de\/wp-json\/wp\/v2\/product\/19142","targetHints":{"allow":["GET"]}}],"collection":[{"href":"https:\/\/stage.poppersparadise.eu\/de\/wp-json\/wp\/v2\/product"}],"about":[{"href":"https:\/\/stage.poppersparadise.eu\/de\/wp-json\/wp\/v2\/types\/product"}],"replies":[{"embeddable":true,"href":"https:\/\/stage.poppersparadise.eu\/de\/wp-json\/wp\/v2\/comments?post=19142"}],"wp:featuredmedia":[{"embeddable":true,"href":"https:\/\/stage.poppersparadise.eu\/de\/wp-json\/wp\/v2\/media\/19141"}],"wp:attachment":[{"href":"https:\/\/stage.poppersparadise.eu\/de\/wp-json\/wp\/v2\/media?parent=19142"}],"wp:term":[{"taxonomy":"product_brand","embeddable":true,"href":"https:\/\/stage.poppersparadise.eu\/de\/wp-json\/wp\/v2\/product_brand?post=19142"},{"taxonomy":"product_cat","embeddable":true,"href":"https:\/\/stage.poppersparadise.eu\/de\/wp-json\/wp\/v2\/product_cat?post=19142"},{"taxonomy":"product_tag","embeddable":true,"href":"https:\/\/stage.poppersparadise.eu\/de\/wp-json\/wp\/v2\/product_tag?post=19142"}],"curies":[{"name":"wp","href":"https:\/\/api.w.org\/{rel}","templated":true}]}}