{"id":19197,"date":"2025-06-27T17:40:43","date_gmt":"2025-06-27T15:40:43","guid":{"rendered":"https:\/\/stage.poppersparadise.eu\/product\/saturnian-stallion-dildo-m\/"},"modified":"2025-09-23T11:25:15","modified_gmt":"2025-09-23T09:25:15","slug":"saturnian-hengst-dildo-m","status":"publish","type":"product","link":"https:\/\/stage.poppersparadise.eu\/de\/produkt\/saturnian-hengst-dildo-m\/","title":{"rendered":"Saturnian Hengst Dildo - M"},"content":{"rendered":"<h2 class=\"font-bold text-h3 leading-[40px] pt-[21px] pb-[2px] [&amp;_a]:underline-offset-[6px] [&amp;_.underline]:underline-offset-[6px]\" dir=\"ltr\">Vorsicht vor dem Dildo des Saturnhengstes<\/h2>\n<p class=\"text-body font-regular leading-[24px] pt-[9px] pb-[2px]\" dir=\"ltr\">Entfesseln Sie jenseitiges Vergn\u00fcgen mit dem Saturnian Stallion Dildo, einem handgefertigten Meisterwerk aus den Tiefen des Weltalls. Der Legende nach erschien der Saturnian Stallion, ein mysteri\u00f6ses Wesen, das den Auftrag hatte, das Universum zu bev\u00f6lkern, erstmals auf der Erde. Mit seiner kosmischen Anziehungskraft und seinem unvergleichlichen Design ist dieser Dildo bereit, Ihre gl\u00fchendsten Fantasien zum Leben zu erwecken.<\/p>\n<p class=\"text-body font-regular leading-[24px] pt-[9px] pb-[2px]\" dir=\"ltr\">Egal, ob Sie solo unterwegs sind, Ihre Beziehung aufpeppen oder Ihre tiefsten W\u00fcnsche nach au\u00dferirdischen Begegnungen erforschen wollen, der Saturnian Stallion Dildo garantiert ein transzendentes Erlebnis f\u00fcr alle abenteuerlustigen Paare, Solo-Entdecker und Fantasy-Liebhaber.<\/p>\n<h3 class=\"font-bold text-h4 leading-[30px] pt-[15px] pb-[2px] [&amp;_a]:underline-offset-[6px] [&amp;_.underline]:underline-offset-[6px]\" dir=\"ltr\">Warum den Saturnian Stallion Dildo w\u00e4hlen?<\/h3>\n<p class=\"text-body font-regular leading-[24px] pt-[9px] pb-[2px]\" dir=\"ltr\">Inspiriert von der verf\u00fchrerischen Sch\u00f6nheit intergalaktischer Kreationen, wurde dieser Premium-Dildo sorgf\u00e4ltig aus feinstem Platin-Silikon gefertigt. Seine weiche, samtige Oberfl\u00e4che bietet ein noch nie dagewesenes realistisches Gef\u00fchl. Die schimmernde Mischung aus Braun, Grau und Gold spiegelt die kosmische Anziehungskraft der Saturnringe wider und macht ihn nicht nur zu einem Spielzeug, sondern auch zu einer kunstvollen Erg\u00e4nzung Ihrer Sammlung.<\/p>\n<h3 class=\"font-bold text-h4 leading-[30px] pt-[15px] pb-[2px] [&amp;_a]:underline-offset-[6px] [&amp;_.underline]:underline-offset-[6px]\" dir=\"ltr\">Produktspezifikationen<\/h3>\n<ul class=\"pt-[9px] pb-[2px] pl-[24px] list-disc [&amp;_ul]:pt-[5px] pt-[5px]\">\n<li class=\"text-body font-regular leading-[24px] my-[5px] [&amp;&gt;ol]:!pt-0 [&amp;&gt;ol]:!pb-0 [&amp;&gt;ul]:!pt-0 [&amp;&gt;ul]:!pb-0\" value=\"1\"><b><strong class=\"font-bold\">Gesamtl\u00e4nge:<\/strong><\/b> 25,0 cm<\/li>\n<li class=\"text-body font-regular leading-[24px] my-[5px] [&amp;&gt;ol]:!pt-0 [&amp;&gt;ol]:!pb-0 [&amp;&gt;ul]:!pt-0 [&amp;&gt;ul]:!pb-0\" value=\"2\"><b><strong class=\"font-bold\">L\u00e4nge der Einf\u00fcgung:<\/strong><\/b> 11,5 cm<\/li>\n<li class=\"text-body font-regular leading-[24px] my-[5px] [&amp;&gt;ol]:!pt-0 [&amp;&gt;ol]:!pb-0 [&amp;&gt;ul]:!pt-0 [&amp;&gt;ul]:!pb-0\" value=\"3\"><b><strong class=\"font-bold\">Durchmesser der Spitze:<\/strong><\/b> 4,8 cm<\/li>\n<li class=\"text-body font-regular leading-[24px] my-[5px] [&amp;&gt;ol]:!pt-0 [&amp;&gt;ol]:!pb-0 [&amp;&gt;ul]:!pt-0 [&amp;&gt;ul]:!pb-0\" value=\"4\"><b><strong class=\"font-bold\">Durchmesser des Mittelteils:<\/strong><\/b> 7,4 cm<\/li>\n<li class=\"text-body font-regular leading-[24px] my-[5px] [&amp;&gt;ol]:!pt-0 [&amp;&gt;ol]:!pb-0 [&amp;&gt;ul]:!pt-0 [&amp;&gt;ul]:!pb-0\" value=\"5\"><b><strong class=\"font-bold\">Durchmesser der Basis:<\/strong><\/b> 10,0 cm<\/li>\n<li class=\"text-body font-regular leading-[24px] my-[5px] [&amp;&gt;ol]:!pt-0 [&amp;&gt;ol]:!pb-0 [&amp;&gt;ul]:!pt-0 [&amp;&gt;ul]:!pb-0\" value=\"6\"><b><strong class=\"font-bold\">Gewicht:<\/strong><\/b> 803 Gramm<\/li>\n<li class=\"text-body font-regular leading-[24px] my-[5px] [&amp;&gt;ol]:!pt-0 [&amp;&gt;ol]:!pb-0 [&amp;&gt;ul]:!pt-0 [&amp;&gt;ul]:!pb-0\" value=\"7\"><b><strong class=\"font-bold\">Farben:<\/strong><\/b> Eine sch\u00f6ne Mischung aus Braun, Grau und Gold<\/li>\n<li class=\"text-body font-regular leading-[24px] my-[5px] [&amp;&gt;ol]:!pt-0 [&amp;&gt;ol]:!pb-0 [&amp;&gt;ul]:!pt-0 [&amp;&gt;ul]:!pb-0\" value=\"8\"><b><strong class=\"font-bold\">Material:<\/strong><\/b> Hochwertiges Silikon in Platin-Qualit\u00e4t<\/li>\n<\/ul>\n<h3 class=\"font-bold text-h4 leading-[30px] pt-[15px] pb-[2px] [&amp;_a]:underline-offset-[6px] [&amp;_.underline]:underline-offset-[6px]\" dir=\"ltr\">Einzigartige Merkmale<\/h3>\n<ul class=\"pt-[9px] pb-[2px] pl-[24px] list-disc [&amp;_ul]:pt-[5px] pt-[5px]\">\n<li class=\"text-body font-regular leading-[24px] my-[5px] [&amp;&gt;ol]:!pt-0 [&amp;&gt;ol]:!pb-0 [&amp;&gt;ul]:!pt-0 [&amp;&gt;ul]:!pb-0\" value=\"1\"><b><strong class=\"font-bold\">Au\u00dfergew\u00f6hnliche Qualit\u00e4t:<\/strong><\/b> Hergestellt aus Platin-Silikon, f\u00fcr Haltbarkeit und ein hyper-realistisches Gef\u00fchl auf der Haut.<\/li>\n<li class=\"text-body font-regular leading-[24px] my-[5px] [&amp;&gt;ol]:!pt-0 [&amp;&gt;ol]:!pb-0 [&amp;&gt;ul]:!pt-0 [&amp;&gt;ul]:!pb-0\" value=\"2\"><b><strong class=\"font-bold\">Lebendiges Design:<\/strong><\/b> Jeder Farbwirbel erz\u00e4hlt eine kosmische Geschichte und verbindet m\u00fchelos \u00c4sthetik und Lust.<\/li>\n<li class=\"text-body font-regular leading-[24px] my-[5px] [&amp;&gt;ol]:!pt-0 [&amp;&gt;ol]:!pb-0 [&amp;&gt;ul]:!pt-0 [&amp;&gt;ul]:!pb-0\" value=\"3\"><b><strong class=\"font-bold\">Vielseitige Magie:<\/strong><\/b> Perfekt f\u00fcr vaginale und anale Erkundungen, bringt er jeden intimen Moment auf die n\u00e4chste Stufe.<\/li>\n<\/ul>\n<h3 class=\"font-bold text-h4 leading-[30px] pt-[15px] pb-[2px] [&amp;_a]:underline-offset-[6px] [&amp;_.underline]:underline-offset-[6px]\" dir=\"ltr\">Sich der Geschichte hingeben<\/h3>\n<p class=\"text-body font-regular leading-[24px] pt-[9px] pb-[2px]\" dir=\"ltr\">Der Saturnhengst durchquerte einst die Sterne, angetrieben von einem Urtrieb, sein Verm\u00e4chtnis im Universum zu verbreiten. Jetzt beehrt er unseren Planeten mit seinem himmlischen Charisma. Seine Aufgabe? Die Herzen, K\u00f6rper und Vorstellungskraft von M\u00e4nnern und Frauen zu erobern. Beschw\u00f6ren Sie die m\u00e4chtige Energie dieser mythischen Bestie und verwandeln Sie Ihre Fantasien in galaktische Abenteuer.<\/p>\n<p class=\"text-body font-regular leading-[24px] pt-[9px] pb-[2px]\" dir=\"ltr\">Treten Sie mutig in ein neues Reich der Lust ein, in dem jede Empfindung auf maximalen Genuss abgestimmt ist. Ob Sie gemeinsame Momente mit einem Partner suchen oder Ihre eigenen unbekannten Territorien erkunden, der Saturnian Stallion ist hier, um Sie mit purer Befriedigung zu verbinden.<\/p>\n<p class=\"text-body font-regular leading-[24px] pt-[9px] pb-[2px]\" dir=\"ltr\">Machen Sie sich bereit, das Universum des Vergn\u00fcgens zu erkunden.<\/p>","protected":false},"excerpt":{"rendered":"<p>Tauchen Sie ein in ein Universum der Lust mit dem Saturnian Stallion Dildo - aus hochwertigem Platin-Silikon, kosmischem Design und bereit f\u00fcr Ihre Fantasien.<\/p>","protected":false},"featured_media":19196,"comment_status":"open","ping_status":"closed","template":"","meta":[],"product_brand":[767],"product_cat":[766,787],"product_tag":[],"class_list":{"0":"post-19197","1":"product","2":"type-product","3":"status-publish","4":"has-post-thumbnail","6":"product_brand-giant-space-intruders","7":"product_cat-dildos","8":"product_cat-monster-fantasy-dildos","10":"first","11":"instock","12":"sale","13":"taxable","14":"shipping-taxable","15":"purchasable","16":"product-type-simple"},"_links":{"self":[{"href":"https:\/\/stage.poppersparadise.eu\/de\/wp-json\/wp\/v2\/product\/19197","targetHints":{"allow":["GET"]}}],"collection":[{"href":"https:\/\/stage.poppersparadise.eu\/de\/wp-json\/wp\/v2\/product"}],"about":[{"href":"https:\/\/stage.poppersparadise.eu\/de\/wp-json\/wp\/v2\/types\/product"}],"replies":[{"embeddable":true,"href":"https:\/\/stage.poppersparadise.eu\/de\/wp-json\/wp\/v2\/comments?post=19197"}],"wp:featuredmedia":[{"embeddable":true,"href":"https:\/\/stage.poppersparadise.eu\/de\/wp-json\/wp\/v2\/media\/19196"}],"wp:attachment":[{"href":"https:\/\/stage.poppersparadise.eu\/de\/wp-json\/wp\/v2\/media?parent=19197"}],"wp:term":[{"taxonomy":"product_brand","embeddable":true,"href":"https:\/\/stage.poppersparadise.eu\/de\/wp-json\/wp\/v2\/product_brand?post=19197"},{"taxonomy":"product_cat","embeddable":true,"href":"https:\/\/stage.poppersparadise.eu\/de\/wp-json\/wp\/v2\/product_cat?post=19197"},{"taxonomy":"product_tag","embeddable":true,"href":"https:\/\/stage.poppersparadise.eu\/de\/wp-json\/wp\/v2\/product_tag?post=19197"}],"curies":[{"name":"wp","href":"https:\/\/api.w.org\/{rel}","templated":true}]}}