{"id":19430,"date":"2025-07-03T08:25:45","date_gmt":"2025-07-03T06:25:45","guid":{"rendered":"https:\/\/stage.poppersparadise.eu\/product\/just-glide-premium-anaal-glijmiddel-200-ml\/"},"modified":"2025-09-16T17:41:15","modified_gmt":"2025-09-16T15:41:15","slug":"just-glide-premium-anal-gleitmittel-200-ml","status":"publish","type":"product","link":"https:\/\/stage.poppersparadise.eu\/de\/produkt\/just-glide-premium-anal-gleitmittel-200-ml\/","title":{"rendered":"Just Glide Premium Anaal Glijmiddel 200 ml"},"content":{"rendered":"<h2 class=\"font-bold text-h3 leading-[36px] pt-[21px] pb-[2px] [&amp;_a]:underline-offset-[6px] [&amp;_.underline]:underline-offset-[6px]\" dir=\"ltr\">Genie\u00dfen Sie umweltbewussten Spa\u00df mit dem veganen Just Glide Premium Anal<\/h2>\n<p class=\"text-body font-regular leading-[24px] pt-[9px] pb-[2px]\" dir=\"ltr\">Verbessern Sie Ihre intimen Momente mit Just Glide Premium Anal, speziell f\u00fcr das anale Vergn\u00fcgen entwickelt. Diese umweltbewusste Wahl ist zu 100 % vegan und wird aus erneuerbaren Ressourcen hergestellt, um ein angenehmes Erlebnis zu gew\u00e4hrleisten und gleichzeitig den Planeten zu sch\u00fctzen.<\/p>\n<h3 class=\"font-bold text-h4 leading-[30px] pt-[15px] pb-[2px] [&amp;_a]:underline-offset-[6px] [&amp;_.underline]:underline-offset-[6px]\" dir=\"ltr\">Wesentliche Merkmale<\/h3>\n<ul class=\"pt-[9px] pb-[2px] pl-[24px] list-disc [&amp;_ul]:pt-[5px] pt-[5px]\">\n<li class=\"text-body font-regular leading-[24px] my-[5px] [&amp;&gt;ol]:!pt-0 [&amp;&gt;ol]:!pb-0 [&amp;&gt;ul]:!pt-0 [&amp;&gt;ul]:!pb-0\" value=\"1\"><b><strong class=\"font-bold\">Umweltbewusste Wahl:<\/strong><\/b> Hergestellt aus nachwachsenden Rohstoffen und in umweltfreundlicher Verpackung.<\/li>\n<li class=\"text-body font-regular leading-[24px] my-[5px] [&amp;&gt;ol]:!pt-0 [&amp;&gt;ol]:!pb-0 [&amp;&gt;ul]:!pt-0 [&amp;&gt;ul]:!pb-0\" value=\"2\"><b><strong class=\"font-bold\">Optimiert f\u00fcr das anale Vergn\u00fcgen:<\/strong><\/b> pH-balanciert f\u00fcr Sicherheit und Komfort.<\/li>\n<li class=\"text-body font-regular leading-[24px] my-[5px] [&amp;&gt;ol]:!pt-0 [&amp;&gt;ol]:!pb-0 [&amp;&gt;ul]:!pt-0 [&amp;&gt;ul]:!pb-0\" value=\"3\"><b><strong class=\"font-bold\">Vegan und tierfrei:<\/strong><\/b> Geeignet f\u00fcr ein breites Publikum, frei von Tierversuchen.<\/li>\n<li class=\"text-body font-regular leading-[24px] my-[5px] [&amp;&gt;ol]:!pt-0 [&amp;&gt;ol]:!pb-0 [&amp;&gt;ul]:!pt-0 [&amp;&gt;ul]:!pb-0\" value=\"4\"><b><strong class=\"font-bold\">Feuchtigkeitsspendend und lindernd:<\/strong><\/b> Enth\u00e4lt Aloe Vera, Allantoin und Panthenol f\u00fcr weiche Haut.<\/li>\n<li class=\"text-body font-regular leading-[24px] my-[5px] [&amp;&gt;ol]:!pt-0 [&amp;&gt;ol]:!pb-0 [&amp;&gt;ul]:!pt-0 [&amp;&gt;ul]:!pb-0\" value=\"5\"><b><strong class=\"font-bold\">Geruchlos und geschmacklos:<\/strong><\/b> Leicht abwaschbar und hinterl\u00e4sst keine fettigen R\u00fcckst\u00e4nde f\u00fcr ein diskretes Erlebnis.<\/li>\n<li class=\"text-body font-regular leading-[24px] my-[5px] [&amp;&gt;ol]:!pt-0 [&amp;&gt;ol]:!pb-0 [&amp;&gt;ul]:!pt-0 [&amp;&gt;ul]:!pb-0\" value=\"6\"><b><strong class=\"font-bold\">Extreme Streichf\u00e4higkeit:<\/strong><\/b> Enth\u00e4lt Silikon\u00f6l f\u00fcr eine au\u00dfergew\u00f6hnlich weiche Konsistenz, die das Vergn\u00fcgen steigert.<\/li>\n<\/ul>\n<h3 class=\"font-bold text-h4 leading-[30px] pt-[15px] pb-[2px] [&amp;_a]:underline-offset-[6px] [&amp;_.underline]:underline-offset-[6px]\" dir=\"ltr\">Produktspezifikationen<\/h3>\n<ul class=\"pt-[9px] pb-[2px] pl-[24px] list-disc [&amp;_ul]:pt-[5px] pt-[5px]\">\n<li class=\"text-body font-regular leading-[24px] my-[5px] [&amp;&gt;ol]:!pt-0 [&amp;&gt;ol]:!pb-0 [&amp;&gt;ul]:!pt-0 [&amp;&gt;ul]:!pb-0\" value=\"1\">Volumen: 200 ml<\/li>\n<li class=\"text-body font-regular leading-[24px] my-[5px] [&amp;&gt;ol]:!pt-0 [&amp;&gt;ol]:!pb-0 [&amp;&gt;ul]:!pt-0 [&amp;&gt;ul]:!pb-0\" value=\"2\">Vegan und tierfrei<\/li>\n<li class=\"text-body font-regular leading-[24px] my-[5px] [&amp;&gt;ol]:!pt-0 [&amp;&gt;ol]:!pb-0 [&amp;&gt;ul]:!pt-0 [&amp;&gt;ul]:!pb-0\" value=\"3\">Umweltfreundliche Inhaltsstoffe<\/li>\n<li class=\"text-body font-regular leading-[24px] my-[5px] [&amp;&gt;ol]:!pt-0 [&amp;&gt;ol]:!pb-0 [&amp;&gt;ul]:!pt-0 [&amp;&gt;ul]:!pb-0\" value=\"4\">pH-ausgeglichene Formel<\/li>\n<li class=\"text-body font-regular leading-[24px] my-[5px] [&amp;&gt;ol]:!pt-0 [&amp;&gt;ol]:!pb-0 [&amp;&gt;ul]:!pt-0 [&amp;&gt;ul]:!pb-0\" value=\"5\">Geruchlos und geschmacklos<\/li>\n<li class=\"text-body font-regular leading-[24px] my-[5px] [&amp;&gt;ol]:!pt-0 [&amp;&gt;ol]:!pb-0 [&amp;&gt;ul]:!pt-0 [&amp;&gt;ul]:!pb-0\" value=\"6\">Feuchtigkeitsspendende Inhaltsstoffe: Aloe vera, Allantoin, Panthenol<\/li>\n<li class=\"text-body font-regular leading-[24px] my-[5px] [&amp;&gt;ol]:!pt-0 [&amp;&gt;ol]:!pb-0 [&amp;&gt;ul]:!pt-0 [&amp;&gt;ul]:!pb-0\" value=\"7\">Enth\u00e4lt Silikon\u00f6l f\u00fcr bessere Schmierung<\/li>\n<\/ul>\n<p class=\"text-body font-regular leading-[24px] pt-[9px] pb-[2px]\" dir=\"ltr\"><b><strong class=\"font-bold\"><br \/>\nZutaten:<\/strong><\/b> Wasser, Glycerin, Hydroxyethylcellulose, Dimethicon, Phenoxyethanol, Panthenol, Hydroxypropyl Guar Hydroxypropyltrimonium Chlorid, Natriumhyaluronat, Ethylhexylglycerin, Zitronens\u00e4ure<\/p>\n<p class=\"text-body font-regular leading-[24px] pt-[9px] pb-[2px]\" dir=\"ltr\">W\u00e4hlen Sie Just Glide Premium Anal f\u00fcr ein angenehmes und umweltbewusstes Intimerlebnis.<\/p>","protected":false},"excerpt":{"rendered":"<p>Veganes Analgel mit Aloe Vera und Panthenol f\u00fcr ultimativen Komfort und Feuchtigkeitszufuhr. Umweltfreundlich und geruchsneutral, 200 ml.<\/p>","protected":false},"featured_media":19416,"comment_status":"open","ping_status":"closed","template":"","meta":[],"product_brand":[770],"product_cat":[479,671],"product_tag":[],"class_list":{"0":"post-19430","1":"product","2":"type-product","3":"status-publish","4":"has-post-thumbnail","6":"product_brand-orion","7":"product_cat-drogist","8":"product_cat-glijmiddelen","10":"first","11":"instock","12":"sale","13":"taxable","14":"shipping-taxable","15":"purchasable","16":"product-type-simple"},"_links":{"self":[{"href":"https:\/\/stage.poppersparadise.eu\/de\/wp-json\/wp\/v2\/product\/19430","targetHints":{"allow":["GET"]}}],"collection":[{"href":"https:\/\/stage.poppersparadise.eu\/de\/wp-json\/wp\/v2\/product"}],"about":[{"href":"https:\/\/stage.poppersparadise.eu\/de\/wp-json\/wp\/v2\/types\/product"}],"replies":[{"embeddable":true,"href":"https:\/\/stage.poppersparadise.eu\/de\/wp-json\/wp\/v2\/comments?post=19430"}],"wp:featuredmedia":[{"embeddable":true,"href":"https:\/\/stage.poppersparadise.eu\/de\/wp-json\/wp\/v2\/media\/19416"}],"wp:attachment":[{"href":"https:\/\/stage.poppersparadise.eu\/de\/wp-json\/wp\/v2\/media?parent=19430"}],"wp:term":[{"taxonomy":"product_brand","embeddable":true,"href":"https:\/\/stage.poppersparadise.eu\/de\/wp-json\/wp\/v2\/product_brand?post=19430"},{"taxonomy":"product_cat","embeddable":true,"href":"https:\/\/stage.poppersparadise.eu\/de\/wp-json\/wp\/v2\/product_cat?post=19430"},{"taxonomy":"product_tag","embeddable":true,"href":"https:\/\/stage.poppersparadise.eu\/de\/wp-json\/wp\/v2\/product_tag?post=19430"}],"curies":[{"name":"wp","href":"https:\/\/api.w.org\/{rel}","templated":true}]}}