{"id":21528,"date":"2025-09-19T16:34:50","date_gmt":"2025-09-19T14:34:50","guid":{"rendered":"https:\/\/stage.poppersparadise.eu\/?post_type=product&#038;p=21528"},"modified":"2025-09-19T16:58:35","modified_gmt":"2025-09-19T14:58:35","slug":"xtrm-schmierpulver-225-g","status":"publish","type":"product","link":"https:\/\/stage.poppersparadise.eu\/de\/produkt\/xtrm-schmierpulver-225-g\/","title":{"rendered":"XTRM Schmiermittelpulver 225 g - F\u00fcr 25 Liter Schmiermittel!"},"content":{"rendered":"<p class=\"text-body font-regular leading-[24px] pt-[9px] pb-xxs\" dir=\"ltr\">XTRM Lube Powder gibt Ihnen die vollst\u00e4ndige Kontrolle \u00fcber Ihr Vergn\u00fcgen, indem es Ihnen erm\u00f6glicht, ein perfekt zugeschnittenes, hochwertiges Gleitmittel f\u00fcr jede Begegnung zu kreieren. Dieses hochkonzentrierte Pulver verwandelt sich in ein kristallklares, geruchs- und geschmacksneutrales Gel auf Wasserbasis, so dass Sie genau die Konsistenz w\u00e4hlen k\u00f6nnen, die Sie w\u00fcnschen. Ob Sie eine d\u00fcnne, glatte Schicht f\u00fcr sanfte Spiele oder ein ultra-cremiges, dickes Gel f\u00fcr intensivere Aktivit\u00e4ten wie Fisting ben\u00f6tigen, Sie haben die Kontrolle. <strong>Eine Flasche reicht f\u00fcr bis zu 25 Liter Premium-Schmiermittel, damit Sie immer auf Abenteuer vorbereitet sind.<\/strong>.<\/p>\n<p class=\"text-body font-regular leading-[24px] pt-[9px] pb-xxs\" dir=\"ltr\">Erleben Sie un\u00fcbertroffene Gleitf\u00e4higkeit und lang anhaltende Leistung mit einer Formel, die Sie selbst mischen. Einfach das Pulver in lauwarmes Wasser geben, sch\u00fctteln und ruhen lassen. Das Gel entwickelt sich zu einem seidig-glatten Gleitmittel, das sich perfekt f\u00fcr Solospiel, Partnersex und die Verwendung mit allen Arten von Toys eignet. Da es auf Wasserbasis ist, l\u00e4sst es sich m\u00fchelos reinigen und hinterl\u00e4sst keine Flecken oder R\u00fcckst\u00e4nde. \u00dcbernehmen Sie die Kontrolle \u00fcber Ihre Empfindungen und mischen Sie Ihr Gleitmittel genau so, wie Sie es wollen.<\/p>\n<h3 class=\"font-semibold pdf-heading-class-replace text-h4 leading-[30px] pb-xxs [&amp;:not(:first-child)]:pt-[15px] [&amp;_a]:underline-offset-[6px] [&amp;_.underline]:underline-offset-[6px]\" dir=\"ltr\">Produktspezifikationen<\/h3>\n<ul class=\"pt-[9px] pb-xxs pl-5xl list-disc pt-[5px]\">\n<li class=\"text-body font-regular leading-[24px] my-[5px] [&amp;&gt;ol]:!pt-0 [&amp;&gt;ol]:!pb-0 [&amp;&gt;ul]:!pt-0 [&amp;&gt;ul]:!pb-0\" dir=\"ltr\" value=\"1\"><b><strong class=\"font-semibold\">Art:<\/strong><\/b> Konzentriertes Schmiermittelpulver (mit Wasser mischen)<\/li>\n<li class=\"text-body font-regular leading-[24px] my-[5px] [&amp;&gt;ol]:!pt-0 [&amp;&gt;ol]:!pb-0 [&amp;&gt;ul]:!pt-0 [&amp;&gt;ul]:!pb-0\" dir=\"ltr\" value=\"2\"><b><strong class=\"font-semibold\">Ausbeute:<\/strong><\/b> 225 g Pulver ergeben bis zu 25 Liter Schmierstoff<\/li>\n<li class=\"text-body font-regular leading-[24px] my-[5px] [&amp;&gt;ol]:!pt-0 [&amp;&gt;ol]:!pb-0 [&amp;&gt;ul]:!pt-0 [&amp;&gt;ul]:!pb-0\" dir=\"ltr\" value=\"3\"><b><strong class=\"font-semibold\">Konsistenz:<\/strong><\/b> Vollst\u00e4ndig anpassbar von d\u00fcnn bis ultrad\u00fcnn<\/li>\n<li class=\"text-body font-regular leading-[24px] my-[5px] [&amp;&gt;ol]:!pt-0 [&amp;&gt;ol]:!pb-0 [&amp;&gt;ul]:!pt-0 [&amp;&gt;ul]:!pb-0\" dir=\"ltr\" value=\"4\"><b><strong class=\"font-semibold\">Merkmale:<\/strong><\/b> Auf Wasserbasis, kristallklar, geschmacksneutral und geruchsneutral<\/li>\n<li class=\"text-body font-regular leading-[24px] my-[5px] [&amp;&gt;ol]:!pt-0 [&amp;&gt;ol]:!pb-0 [&amp;&gt;ul]:!pt-0 [&amp;&gt;ul]:!pb-0\" dir=\"ltr\" value=\"5\"><b><strong class=\"font-semibold\">Kompatibilit\u00e4t:<\/strong><\/b> Sicher f\u00fcr alle Spielzeugmaterialien, Kondome und Haut<\/li>\n<li class=\"text-body font-regular leading-[24px] my-[5px] [&amp;&gt;ol]:!pt-0 [&amp;&gt;ol]:!pb-0 [&amp;&gt;ul]:!pt-0 [&amp;&gt;ul]:!pb-0\" dir=\"ltr\" value=\"6\"><b><strong class=\"font-semibold\">Zutaten:<\/strong><\/b> Natriumpolyacrylat (zuckerfrei)<\/li>\n<\/ul>","protected":false},"excerpt":{"rendered":"<p>Das deutsche Premium-Gleitmittel XTRM FIST bietet optimale Gleitf\u00e4higkeit und Dehnbarkeit f\u00fcr das Intimspiel. Langanhaltend, nicht klebrig und latexkondomfreundlich.<\/p>","protected":false},"featured_media":21529,"comment_status":"open","ping_status":"closed","template":"","meta":[],"product_brand":[],"product_cat":[479,671],"product_tag":[],"class_list":{"0":"post-21528","1":"product","2":"type-product","3":"status-publish","4":"has-post-thumbnail","6":"product_cat-drogist","7":"product_cat-glijmiddelen","9":"first","10":"instock","11":"sale","12":"taxable","13":"shipping-taxable","14":"purchasable","15":"product-type-simple"},"_links":{"self":[{"href":"https:\/\/stage.poppersparadise.eu\/de\/wp-json\/wp\/v2\/product\/21528","targetHints":{"allow":["GET"]}}],"collection":[{"href":"https:\/\/stage.poppersparadise.eu\/de\/wp-json\/wp\/v2\/product"}],"about":[{"href":"https:\/\/stage.poppersparadise.eu\/de\/wp-json\/wp\/v2\/types\/product"}],"replies":[{"embeddable":true,"href":"https:\/\/stage.poppersparadise.eu\/de\/wp-json\/wp\/v2\/comments?post=21528"}],"wp:featuredmedia":[{"embeddable":true,"href":"https:\/\/stage.poppersparadise.eu\/de\/wp-json\/wp\/v2\/media\/21529"}],"wp:attachment":[{"href":"https:\/\/stage.poppersparadise.eu\/de\/wp-json\/wp\/v2\/media?parent=21528"}],"wp:term":[{"taxonomy":"product_brand","embeddable":true,"href":"https:\/\/stage.poppersparadise.eu\/de\/wp-json\/wp\/v2\/product_brand?post=21528"},{"taxonomy":"product_cat","embeddable":true,"href":"https:\/\/stage.poppersparadise.eu\/de\/wp-json\/wp\/v2\/product_cat?post=21528"},{"taxonomy":"product_tag","embeddable":true,"href":"https:\/\/stage.poppersparadise.eu\/de\/wp-json\/wp\/v2\/product_tag?post=21528"}],"curies":[{"name":"wp","href":"https:\/\/api.w.org\/{rel}","templated":true}]}}