{"id":21643,"date":"2025-09-23T09:35:20","date_gmt":"2025-09-23T07:35:20","guid":{"rendered":"https:\/\/stage.poppersparadise.eu\/product\/animals-dieren-dildo-toro-bravo-stier\/"},"modified":"2025-09-23T10:17:34","modified_gmt":"2025-09-23T08:17:34","slug":"tier-dildo-stier","status":"publish","type":"product","link":"https:\/\/stage.poppersparadise.eu\/de\/produkt\/tier-dildo-stier\/","title":{"rendered":"Dieren Dildo Stier"},"content":{"rendered":"<h2 class=\"text-body font-regular leading-[24px] pt-[9px] pb-xxs\" dir=\"ltr\">Die Dieren Dildo Stier wurde entwickelt, um ein unvergleichlich kraftvolles Erlebnis zu bieten, inspiriert von der imposanten Kraft und Potenz eines Stiers, f\u00fcr alle, die beeindruckende Gr\u00f6\u00dfe und intensive F\u00fclle suchen.<\/h2>\n<p class=\"text-body font-regular leading-[24px] pt-[9px] pb-xxs\" dir=\"ltr\">Dieser Dildo fordert Sie bis zum \u00c4u\u00dfersten heraus, mit einem gro\u00dfz\u00fcgigen, konisch zulaufenden Schaft, der sich allm\u00e4hlich auf einen beeindruckenden maximalen Durchmesser von 4,7 cm erweitert. Dank seines naturgetreuen Designs und seiner beeindruckenden L\u00e4nge werden Sie eine tiefe, befriedigende Dehnung und ein allumfassendes Gef\u00fchl der F\u00fclle erleben, das sich kraftvoll und urspr\u00fcnglich anf\u00fchlt.<\/p>\n<p class=\"text-body font-regular leading-[24px] pt-[9px] pb-xxs\" dir=\"ltr\">Dieser Dildo aus weichem, biegsamem PVC kombiniert einen festen Kern mit einem flexiblen \u00c4u\u00dferen, so dass er sich Ihren Bewegungen anpasst und f\u00fcr intensive Stimulation sorgt. Perfekt geeignet f\u00fcr vaginale und anale Erfahrungen, bietet der Bull trotz seiner beeindruckenden Gr\u00f6\u00dfe eine komfortable und intensive Erfahrung. Dieser Dildo ist mit jeder Art von Gleitmittel kompatibel - ob auf Wasser-, Silikon- oder \u00d6lbasis - und gibt Ihnen die Freiheit, Ihre wildesten Fantasien auszuleben und ultimatives Vergn\u00fcgen zu erleben.<\/p>\n<h3 class=\"font-semibold pdf-heading-class-replace text-h4 leading-[30px] pb-xxs [&amp;:not(:first-child)]:pt-[15px] [&amp;_a]:underline-offset-[6px] [&amp;_.underline]:underline-offset-[6px]\" dir=\"ltr\">Produktspezifikationen<\/h3>\n<ul class=\"pt-[9px] pb-xxs pl-5xl list-disc pt-[5px]\">\n<li class=\"text-body font-regular leading-[24px] my-[5px] [&amp;&gt;ol]:!pt-0 [&amp;&gt;ol]:!pb-0 [&amp;&gt;ul]:!pt-0 [&amp;&gt;ul]:!pb-0\" dir=\"ltr\" value=\"1\"><b><strong class=\"font-semibold\">Material:<\/strong><\/b> Weiches, k\u00f6rpervertr\u00e4gliches PVC<\/li>\n<li class=\"text-body font-regular leading-[24px] my-[5px] [&amp;&gt;ol]:!pt-0 [&amp;&gt;ol]:!pb-0 [&amp;&gt;ul]:!pt-0 [&amp;&gt;ul]:!pb-0\" dir=\"ltr\" value=\"2\"><b><strong class=\"font-semibold\">Gesamtl\u00e4nge:<\/strong><\/b> 39,0 cm<\/li>\n<li class=\"text-body font-regular leading-[24px] my-[5px] [&amp;&gt;ol]:!pt-0 [&amp;&gt;ol]:!pb-0 [&amp;&gt;ul]:!pt-0 [&amp;&gt;ul]:!pb-0\" dir=\"ltr\" value=\"3\"><b><strong class=\"font-semibold\">Maximaler Durchmesser:<\/strong><\/b> 4,7 cm<\/li>\n<li class=\"text-body font-regular leading-[24px] my-[5px] [&amp;&gt;ol]:!pt-0 [&amp;&gt;ol]:!pb-0 [&amp;&gt;ul]:!pt-0 [&amp;&gt;ul]:!pb-0\" dir=\"ltr\" value=\"4\"><b><strong class=\"font-semibold\">Entwurf:<\/strong><\/b> Naturgetreue Nachbildung eines Stierpenis<\/li>\n<\/ul>","protected":false},"excerpt":{"rendered":"<p>Animals Dildos sind ein absolutes Muss f\u00fcr alle Petplay-Liebhaber. Sie werden keine besseren Nachbildungen finden. Sehr gutes, weiches, kompaktes und flexibles Material. Diese Spielzeuge werden in Europa hergestellt.<\/p>","protected":false},"featured_media":21642,"comment_status":"open","ping_status":"closed","template":"","meta":[],"product_brand":[786],"product_cat":[766,785],"product_tag":[],"class_list":{"0":"post-21643","1":"product","2":"type-product","3":"status-publish","4":"has-post-thumbnail","6":"product_brand-animals","7":"product_cat-dildos","8":"product_cat-realistische-dieren-dildos","10":"first","11":"instock","12":"sale","13":"taxable","14":"shipping-taxable","15":"purchasable","16":"product-type-simple"},"_links":{"self":[{"href":"https:\/\/stage.poppersparadise.eu\/de\/wp-json\/wp\/v2\/product\/21643","targetHints":{"allow":["GET"]}}],"collection":[{"href":"https:\/\/stage.poppersparadise.eu\/de\/wp-json\/wp\/v2\/product"}],"about":[{"href":"https:\/\/stage.poppersparadise.eu\/de\/wp-json\/wp\/v2\/types\/product"}],"replies":[{"embeddable":true,"href":"https:\/\/stage.poppersparadise.eu\/de\/wp-json\/wp\/v2\/comments?post=21643"}],"wp:featuredmedia":[{"embeddable":true,"href":"https:\/\/stage.poppersparadise.eu\/de\/wp-json\/wp\/v2\/media\/21642"}],"wp:attachment":[{"href":"https:\/\/stage.poppersparadise.eu\/de\/wp-json\/wp\/v2\/media?parent=21643"}],"wp:term":[{"taxonomy":"product_brand","embeddable":true,"href":"https:\/\/stage.poppersparadise.eu\/de\/wp-json\/wp\/v2\/product_brand?post=21643"},{"taxonomy":"product_cat","embeddable":true,"href":"https:\/\/stage.poppersparadise.eu\/de\/wp-json\/wp\/v2\/product_cat?post=21643"},{"taxonomy":"product_tag","embeddable":true,"href":"https:\/\/stage.poppersparadise.eu\/de\/wp-json\/wp\/v2\/product_tag?post=21643"}],"curies":[{"name":"wp","href":"https:\/\/api.w.org\/{rel}","templated":true}]}}