{"id":21674,"date":"2025-09-23T09:36:23","date_gmt":"2025-09-23T07:36:23","guid":{"rendered":"https:\/\/stage.poppersparadise.eu\/product\/animals-dieren-dildo-hulok\/"},"modified":"2025-09-23T09:51:40","modified_gmt":"2025-09-23T07:51:40","slug":"tier-dildo-hulok","status":"publish","type":"product","link":"https:\/\/stage.poppersparadise.eu\/de\/produkt\/tier-dildo-hulok\/","title":{"rendered":"Dieren Dildo Hulok"},"content":{"rendered":"<h2 class=\"wp-block-heading\">Der Dieren Dildo Hulok l\u00e4dt Sie dazu ein, Ihre wilde Seite mit einem einzigartig gestalteten und naturgetreuen Werkzeug f\u00fcr ultimatives Vergn\u00fcgen zu erkunden. <\/h2>\n\n\n\n<p>Perfekt f\u00fcr alle, die eine andere Art der Stimulation suchen. Dieser Dildo hat ein unverwechselbares Design, das von einem Hulok-Penis inspiriert ist. Seine einzigartigen Formen und naturgetreuen Details wurden speziell entwickelt, um intensive, verlockende Empfindungen zu bieten und dich auf ein Abenteuer abseits der ausgetretenen Pfade mitzunehmen.<\/p>\n\n\n\n<p>Dieser Dildo aus weichem, flexiblem PVC kombiniert Festigkeit mit Flexibilit\u00e4t f\u00fcr ein unglaubliches Erlebnis. Er eignet sich sowohl f\u00fcr die vaginale als auch f\u00fcr die anale Stimulation und bietet ein angenehmes und befriedigendes Gef\u00fchl. Das Material ist mit allen Arten von Gleitmitteln kompatibel - ob auf Wasser-, Silikon- oder \u00d6lbasis - so dass Sie ihn immer auf Ihre Weise genie\u00dfen k\u00f6nnen. Entfesseln Sie Ihre animalischen Instinkte und erleben Sie eine v\u00f6llig neue Form der Ekstase.<\/p>\n\n\n\n<h3 class=\"wp-block-heading\">Produktspezifikationen<\/h3>\n\n\n\n<ul class=\"wp-block-list\">\n<li><strong>Material:<\/strong> Weiches und k\u00f6rpervertr\u00e4gliches PVC<\/li>\n\n\n\n<li><strong>Gesamth\u00f6he:<\/strong> 21,5 cm<\/li>\n\n\n\n<li><strong>L\u00e4nge der Einf\u00fcgung:<\/strong> 16,5 cm<\/li>\n\n\n\n<li><strong>Durchmesser:<\/strong> 3,8 cm bis 4,8 cm<\/li>\n\n\n\n<li><strong>Entwurf:<\/strong> Naturgetreue Nachbildung eines Hulok-Penis<\/li>\n<\/ul>\n\n\n\n<h3 class=\"wp-block-heading\">Meta Beschreibung<\/h3>\n\n\n\n<p>Entdecken Sie Ihre wilde Seite mit diesem realistischen Tier-Dildo. Inspiriert von einem Hulok, bietet seine einzigartige Form eine aufregende und andere Art von Vergn\u00fcgen.<\/p>","protected":false},"excerpt":{"rendered":"<p>Animals Dildos sind ein absolutes Muss f\u00fcr alle Petplay-Liebhaber. Sie werden keine besseren Nachbildungen finden. Sehr gutes, weiches, kompaktes und flexibles Material. Diese Spielzeuge werden in Europa hergestellt.<\/p>","protected":false},"featured_media":21673,"comment_status":"open","ping_status":"closed","template":"","meta":[],"product_brand":[786],"product_cat":[766,785],"product_tag":[],"class_list":{"0":"post-21674","1":"product","2":"type-product","3":"status-publish","4":"has-post-thumbnail","6":"product_brand-animals","7":"product_cat-dildos","8":"product_cat-realistische-dieren-dildos","10":"first","11":"instock","12":"sale","13":"taxable","14":"shipping-taxable","15":"purchasable","16":"product-type-simple"},"_links":{"self":[{"href":"https:\/\/stage.poppersparadise.eu\/de\/wp-json\/wp\/v2\/product\/21674","targetHints":{"allow":["GET"]}}],"collection":[{"href":"https:\/\/stage.poppersparadise.eu\/de\/wp-json\/wp\/v2\/product"}],"about":[{"href":"https:\/\/stage.poppersparadise.eu\/de\/wp-json\/wp\/v2\/types\/product"}],"replies":[{"embeddable":true,"href":"https:\/\/stage.poppersparadise.eu\/de\/wp-json\/wp\/v2\/comments?post=21674"}],"wp:featuredmedia":[{"embeddable":true,"href":"https:\/\/stage.poppersparadise.eu\/de\/wp-json\/wp\/v2\/media\/21673"}],"wp:attachment":[{"href":"https:\/\/stage.poppersparadise.eu\/de\/wp-json\/wp\/v2\/media?parent=21674"}],"wp:term":[{"taxonomy":"product_brand","embeddable":true,"href":"https:\/\/stage.poppersparadise.eu\/de\/wp-json\/wp\/v2\/product_brand?post=21674"},{"taxonomy":"product_cat","embeddable":true,"href":"https:\/\/stage.poppersparadise.eu\/de\/wp-json\/wp\/v2\/product_cat?post=21674"},{"taxonomy":"product_tag","embeddable":true,"href":"https:\/\/stage.poppersparadise.eu\/de\/wp-json\/wp\/v2\/product_tag?post=21674"}],"curies":[{"name":"wp","href":"https:\/\/api.w.org\/{rel}","templated":true}]}}