{"id":829,"date":"2024-10-08T16:52:03","date_gmt":"2024-10-08T14:52:03","guid":{"rendered":"https:\/\/stage.poppersparadise.eu\/product\/bb-amyl-24ml-blue-boy\/"},"modified":"2025-10-01T19:06:49","modified_gmt":"2025-10-01T17:06:49","slug":"bb-amyl-poppers-24ml","status":"publish","type":"product","link":"https:\/\/stage.poppersparadise.eu\/de\/produkt\/bb-amyl-poppers-24ml\/","title":{"rendered":"BB Amyl 24ml (Blue Boy)"},"content":{"rendered":"<h2 class=\"wp-block-heading\">Entdecken Sie die Welt von Blue Boy Amyl Poppers<\/h2>\n\n\n\n<p>Blue Boy poppers sind weltweit f\u00fcr ihr raffiniertes Aroma und ihre kultigen blauen Flaschen beliebt. Mit einer reichen Geschichte, die bis in die 1970er Jahre zur\u00fcckreicht, sind diese Poppers ein fester Bestandteil f\u00fcr Liebhaber von hochwertigen Duftdiffusoren geworden.<\/p>\n\n\n\n<h3 class=\"wp-block-heading\">Warum sollten Sie sich f\u00fcr Blue Boy Amyl Poppers entscheiden?<\/h3>\n\n\n\n<ul class=\"wp-block-list\">\n<li><strong>K\u00f6stliches Aroma<\/strong>: Genie\u00dfen Sie einen raffinierten Duft, der lange anh\u00e4lt.<\/li>\n\n\n\n<li><strong>Hochwertige Komposition<\/strong>: Hergestellt auf der Basis von Amylnitrit, das f\u00fcr seine starke Geruchsdiffusion bekannt ist.<\/li>\n\n\n\n<li><strong>Kompakte Verpackung<\/strong>Erh\u00e4ltlich in praktischen 10- oder 24-ml-Glasflaschen.<\/li>\n\n\n\n<li><strong>Intelligentes Sparen<\/strong>: Profitieren Sie von attraktiven Stapelrabatten bei gr\u00f6\u00dferen Bestellungen.<\/li>\n<\/ul>\n\n\n\n<h3 class=\"wp-block-heading\">Was macht Blue Boy Amyl Poppers einzigartig?<\/h3>\n\n\n\n<p>Blue Boy poppers sind mit Amylnitrit formuliert, einem der st\u00e4rksten und raffiniertesten Aromen. Dank der konzentrierten Formel wird nur eine kleine Menge f\u00fcr ein lang anhaltendes Dufterlebnis ben\u00f6tigt, wodurch das Produkt sparsam im Verbrauch ist.<\/p>\n\n\n\n<h3 class=\"wp-block-heading\">Wichtige Benutzerinformationen<\/h3>\n\n\n\n<ul class=\"wp-block-list\">\n<li>Dieses Produkt ist nur zur Verwendung als Duftstoffdiffusor oder Reinigungsmittel bestimmt.<\/li>\n\n\n\n<li>Es ist nicht f\u00fcr den menschlichen Verzehr oder zum Einatmen geeignet.<\/li>\n\n\n\n<li>Wegen seiner \u00e4tzenden Eigenschaften direkten Haut- oder Augenkontakt vermeiden.<\/li>\n\n\n\n<li>An einem k\u00fchlen, dunklen Ort aufbewahren und die Flasche nach Gebrauch fest verschlie\u00dfen.<\/li>\n<\/ul>\n\n\n\n<h3 class=\"wp-block-heading\">Warnungen<\/h3>\n\n\n\n<ul class=\"wp-block-list\">\n<li>Fl\u00fcssigkeit und Dampf leicht entz\u00fcndbar (H225).<\/li>\n\n\n\n<li>Verursacht Haut- und Augenreizungen (H315\/H319).<\/li>\n\n\n\n<li>Giftig beim Einatmen (H331).<\/li>\n\n\n\n<li>Es handelt sich nicht um eine Droge oder ein medizinisches Produkt.<\/li>\n\n\n\n<li>Nur nach Vorschrift verwenden.<\/li>\n<\/ul>\n\n\n\n<h3 class=\"wp-block-heading\">Lagerung<\/h3>\n\n\n\n<ul class=\"wp-block-list\">\n<li>K\u00fchl und trocken lagern.<\/li>\n\n\n\n<li>Au\u00dferhalb der Reichweite von Kindern aufbewahren.<\/li>\n<\/ul>\n\n\n\n<p><strong>Herkunftsland<\/strong>Luxemburg<\/p>\n\n\n\n<h3 class=\"wp-block-heading\">Blue Boy Amyl Poppers heute bestellen<\/h3>\n\n\n\n<p>Mit Blue Boy Amyl Poppers holen Sie sich einen hochwertigen Duftzerst\u00e4uber nach Hause, der Qualit\u00e4t und Funktionalit\u00e4t vereint. Bestellen Sie noch heute und entdecken Sie, warum dieses Produkt ein Favorit unter den Liebhabern von Duftzerst\u00e4ubern ist!<\/p>","protected":false},"excerpt":{"rendered":"<p><strong><br \/>KOMPATIBLES ZUBEH\u00d6R:<\/strong><\/p>\n<ul>\n<li><a href=\"https:\/\/stage.poppersparadise.eu\/de\/produktkategorie\/zubehor\/schnuffler-gros\/\">Schn\u00fcffler Gro\u00df<\/a><\/li>\n<li><a href=\"https:\/\/stage.poppersparadise.eu\/de\/produkt\/xtrm-poppers-halter-gros-2\/\">XTRM Poppers Halterung Gro\u00df<\/a><\/li>\n<li><a href=\"https:\/\/stage.poppersparadise.eu\/de\/produkt\/xtrm-poppers-keeper-gros-24ml\/\">XTRM Poppers Keeper gro\u00df<\/a><\/li>\n<\/ul>","protected":false},"featured_media":263,"comment_status":"open","ping_status":"closed","template":"","meta":[],"product_brand":[737],"product_cat":[35],"product_tag":[],"class_list":{"0":"post-829","1":"product","2":"type-product","3":"status-publish","4":"has-post-thumbnail","6":"product_brand-bb","7":"product_cat-grote-flesjes-poppers","9":"first","10":"instock","11":"taxable","12":"shipping-taxable","13":"purchasable","14":"product-type-simple"},"_links":{"self":[{"href":"https:\/\/stage.poppersparadise.eu\/de\/wp-json\/wp\/v2\/product\/829","targetHints":{"allow":["GET"]}}],"collection":[{"href":"https:\/\/stage.poppersparadise.eu\/de\/wp-json\/wp\/v2\/product"}],"about":[{"href":"https:\/\/stage.poppersparadise.eu\/de\/wp-json\/wp\/v2\/types\/product"}],"replies":[{"embeddable":true,"href":"https:\/\/stage.poppersparadise.eu\/de\/wp-json\/wp\/v2\/comments?post=829"}],"wp:featuredmedia":[{"embeddable":true,"href":"https:\/\/stage.poppersparadise.eu\/de\/wp-json\/wp\/v2\/media\/263"}],"wp:attachment":[{"href":"https:\/\/stage.poppersparadise.eu\/de\/wp-json\/wp\/v2\/media?parent=829"}],"wp:term":[{"taxonomy":"product_brand","embeddable":true,"href":"https:\/\/stage.poppersparadise.eu\/de\/wp-json\/wp\/v2\/product_brand?post=829"},{"taxonomy":"product_cat","embeddable":true,"href":"https:\/\/stage.poppersparadise.eu\/de\/wp-json\/wp\/v2\/product_cat?post=829"},{"taxonomy":"product_tag","embeddable":true,"href":"https:\/\/stage.poppersparadise.eu\/de\/wp-json\/wp\/v2\/product_tag?post=829"}],"curies":[{"name":"wp","href":"https:\/\/api.w.org\/{rel}","templated":true}]}}