{"id":866,"date":"2024-10-08T16:52:13","date_gmt":"2024-10-08T14:52:13","guid":{"rendered":"https:\/\/stage.poppersparadise.eu\/product\/amyl-titanium-24ml\/"},"modified":"2025-09-18T20:07:47","modified_gmt":"2025-09-18T18:07:47","slug":"amyl-titan-knallkorper-24ml-2","status":"publish","type":"product","link":"https:\/\/stage.poppersparadise.eu\/de\/produkt\/amyl-titan-knallkorper-24ml-2\/","title":{"rendered":"Amyl Titanium 24ml"},"content":{"rendered":"<h2 class=\"wp-block-heading\">Lassen Sie sich von unserem leistungsstarken Amyl Titanium Poppers<\/h2>\n\n\n\n<p>Entdecken Sie die Kraft von Amyl Titanium Poppers, verpackt in einer praktischen, quadratischen 24-ml-Flasche. Dieser hochwertige Duftzerst\u00e4uber bietet ein intensives und langanhaltendes Dufterlebnis, das speziell f\u00fcr erfahrene Benutzer entwickelt wurde, die Qualit\u00e4t und Wirksamkeit suchen.<\/p>\n\n\n\n<h3 class=\"wp-block-heading\">Wesentliche Merkmale<\/h3>\n\n\n\n<ul class=\"wp-block-list\">\n<li><strong>Lang anhaltende Geruchsdiffusion<\/strong>: Mit einem Fassungsverm\u00f6gen von 24 ml genie\u00dfen Sie ein intensives Dufterlebnis f\u00fcr l\u00e4ngere Zeit.<\/li>\n\n\n\n<li><strong>Leistungsstarke Formel<\/strong>: Enth\u00e4lt Isoamylnitrit, eine der st\u00e4rksten und wirksamsten Formulierungen.<\/li>\n\n\n\n<li><strong>Bequemes Format<\/strong>: Die quadratische Flasche ist kompakt und leicht zu verstauen.<\/li>\n<\/ul>\n\n\n\n<h3 class=\"wp-block-heading\">Wichtige Benutzerinformationen<\/h3>\n\n\n\n<ul class=\"wp-block-list\">\n<li>Dieses Produkt ist nur zur Verwendung als Duftstoffdiffusor oder Reinigungsmittel bestimmt.<\/li>\n\n\n\n<li>Es ist nicht f\u00fcr den menschlichen Verzehr oder zum Einatmen geeignet.<\/li>\n\n\n\n<li>Wegen seiner \u00e4tzenden Eigenschaften ist direkter Hautkontakt zu vermeiden.<\/li>\n\n\n\n<li>An einem k\u00fchlen, dunklen Ort aufbewahren und die Flasche nach Gebrauch fest verschlie\u00dfen.<\/li>\n<\/ul>\n\n\n\n<h3 class=\"wp-block-heading\">Warnungen<\/h3>\n\n\n\n<ul class=\"wp-block-list\">\n<li>Fl\u00fcssigkeit und Dampf leicht entz\u00fcndbar (H225).<\/li>\n\n\n\n<li>Verursacht Haut- und Augenreizungen (H315\/H319).<\/li>\n\n\n\n<li>Giftig beim Einatmen (H331).<\/li>\n\n\n\n<li>Es handelt sich nicht um eine Droge oder ein medizinisches Produkt.<\/li>\n\n\n\n<li>Nur nach Vorschrift verwenden.<\/li>\n<\/ul>\n\n\n\n<h3 class=\"wp-block-heading\">Lagerung<\/h3>\n\n\n\n<ul class=\"wp-block-list\">\n<li>K\u00fchl und trocken lagern.<\/li>\n\n\n\n<li>Au\u00dferhalb der Reichweite von Kindern aufbewahren.<\/li>\n<\/ul>\n\n\n\n<p><strong>Herkunftsland<\/strong>Luxemburg<\/p>\n\n\n\n<h3 class=\"wp-block-heading\">Bestellen Sie Amyl Titan Poppers noch heute<\/h3>\n\n\n\n<p>Mit Amyl Titanium Poppers erhalten Sie einen leistungsstarken Duftzerst\u00e4uber, der Qualit\u00e4t und Funktionalit\u00e4t vereint. Bestellen Sie noch heute und entdecken Sie, warum dieses Produkt ein Favorit unter den Liebhabern von Duftzerst\u00e4ubern ist!<\/p>","protected":false},"excerpt":{"rendered":"<p><strong><br \/>KOMPATIBLES ZUBEH\u00d6R:<\/strong><\/p>\n<ul>\n<li><a href=\"https:\/\/stage.poppersparadise.eu\/de\/produktkategorie\/zubehor\/schnuffler-gros\/\">Schn\u00fcffler Gro\u00df<\/a><\/li>\n<li><a href=\"https:\/\/stage.poppersparadise.eu\/de\/produkt\/xtrm-poppers-halter-gros-2\/\">XTRM Poppers Halterung Gro\u00df<\/a><\/li>\n<li><a href=\"https:\/\/stage.poppersparadise.eu\/de\/produkt\/xtrm-poppers-keeper-gros-24ml\/\">XTRM Poppers Keeper gro\u00df<\/a><\/li>\n<\/ul>","protected":false},"featured_media":330,"comment_status":"open","ping_status":"closed","template":"","meta":[],"product_brand":[736],"product_cat":[35],"product_tag":[],"class_list":{"0":"post-866","1":"product","2":"type-product","3":"status-publish","4":"has-post-thumbnail","6":"product_brand-amyl","7":"product_cat-grote-flesjes-poppers","9":"first","10":"instock","11":"taxable","12":"shipping-taxable","13":"purchasable","14":"product-type-simple"},"_links":{"self":[{"href":"https:\/\/stage.poppersparadise.eu\/de\/wp-json\/wp\/v2\/product\/866","targetHints":{"allow":["GET"]}}],"collection":[{"href":"https:\/\/stage.poppersparadise.eu\/de\/wp-json\/wp\/v2\/product"}],"about":[{"href":"https:\/\/stage.poppersparadise.eu\/de\/wp-json\/wp\/v2\/types\/product"}],"replies":[{"embeddable":true,"href":"https:\/\/stage.poppersparadise.eu\/de\/wp-json\/wp\/v2\/comments?post=866"}],"wp:featuredmedia":[{"embeddable":true,"href":"https:\/\/stage.poppersparadise.eu\/de\/wp-json\/wp\/v2\/media\/330"}],"wp:attachment":[{"href":"https:\/\/stage.poppersparadise.eu\/de\/wp-json\/wp\/v2\/media?parent=866"}],"wp:term":[{"taxonomy":"product_brand","embeddable":true,"href":"https:\/\/stage.poppersparadise.eu\/de\/wp-json\/wp\/v2\/product_brand?post=866"},{"taxonomy":"product_cat","embeddable":true,"href":"https:\/\/stage.poppersparadise.eu\/de\/wp-json\/wp\/v2\/product_cat?post=866"},{"taxonomy":"product_tag","embeddable":true,"href":"https:\/\/stage.poppersparadise.eu\/de\/wp-json\/wp\/v2\/product_tag?post=866"}],"curies":[{"name":"wp","href":"https:\/\/api.w.org\/{rel}","templated":true}]}}