{"id":895,"date":"2024-10-08T16:52:22","date_gmt":"2024-10-08T14:52:22","guid":{"rendered":"https:\/\/stage.poppersparadise.eu\/product\/juicd-plus-24ml\/"},"modified":"2025-10-01T05:28:20","modified_gmt":"2025-10-01T03:28:20","slug":"juicd-plus-poppers-24ml","status":"publish","type":"product","link":"https:\/\/stage.poppersparadise.eu\/de\/produkt\/juicd-plus-poppers-24ml\/","title":{"rendered":"Juic'D Plus 24ml"},"content":{"rendered":"<h2 class=\"wp-block-heading\">Entfesseln Sie Ihre wilde Seite mit Juic'd Plus Poppers<\/h2>\n\n\n\n<p>Erh\u00f6hen Sie besondere Momente mit Juic'd Plus Poppers! Ob Sie einen Abend zu Hause oder einen besonderen Anlass genie\u00dfen, dieser Duftdiffusor bietet ein intensives Aroma, das zu einer einzigartigen und angenehmen Atmosph\u00e4re beitr\u00e4gt.<\/p>\n\n\n\n<h3 class=\"wp-block-heading\">Hauptmerkmale von Juic'd Plus Poppers<\/h3>\n\n\n\n<ul class=\"wp-block-list\">\n<li><strong>Marke<\/strong>: Juic'd<\/li>\n\n\n\n<li><strong>Inhalt<\/strong>Erh\u00e4ltlich in 10ml und 24ml Flaschen.<\/li>\n\n\n\n<li><strong>Ehemals bekannt als<\/strong>: Jungle Juice Plus<\/li>\n\n\n\n<li><strong>Aktiver Inhaltsstoff<\/strong>: Isopropylnitrit<\/li>\n<\/ul>\n\n\n\n<p>Juic'd Plus Poppers sind bekannt f\u00fcr ihr starkes Aroma und ihre hohe Qualit\u00e4t. Perfekt f\u00fcr alle, die ein anspruchsvolles Dufterlebnis suchen.<\/p>\n\n\n\n<h3 class=\"wp-block-heading\">Was ist Isopropylnitrit?<\/h3>\n\n\n\n<p>Isopropylnitrit ist ein h\u00e4ufiger Bestandteil von Duftstoffzerst\u00e4ubern. Es sorgt f\u00fcr ein intensives Aroma und wird f\u00fcr seine Wirksamkeit gesch\u00e4tzt. F\u00fcr eine optimale Duftverbreitung wird nur eine kleine Menge ben\u00f6tigt.<\/p>\n\n\n\n<h3 class=\"wp-block-heading\">Wichtige Benutzerinformationen<\/h3>\n\n\n\n<ul class=\"wp-block-list\">\n<li>Dieses Produkt ist nur zur Verwendung als Duftstoffdiffusor oder Reinigungsmittel bestimmt.<\/li>\n\n\n\n<li>Es ist nicht f\u00fcr den menschlichen Verzehr oder zum Einatmen geeignet.<\/li>\n\n\n\n<li>Wegen seiner \u00e4tzenden Eigenschaften ist direkter Hautkontakt zu vermeiden.<\/li>\n\n\n\n<li>An einem k\u00fchlen, dunklen Ort aufbewahren und die Flasche nach Gebrauch fest verschlie\u00dfen.<\/li>\n<\/ul>\n\n\n\n<h3 class=\"wp-block-heading\">Warnungen<\/h3>\n\n\n\n<ul class=\"wp-block-list\">\n<li>Fl\u00fcssigkeit und Dampf leicht entz\u00fcndbar (H225).<\/li>\n\n\n\n<li>Verursacht Haut- und Augenreizungen (H315\/H319).<\/li>\n\n\n\n<li>Giftig beim Einatmen (H331).<\/li>\n\n\n\n<li>Es handelt sich nicht um eine Droge oder ein medizinisches Produkt.<\/li>\n\n\n\n<li>Nur nach Vorschrift verwenden.<\/li>\n<\/ul>\n\n\n\n<h3 class=\"wp-block-heading\">Lagerung<\/h3>\n\n\n\n<ul class=\"wp-block-list\">\n<li>K\u00fchl und trocken lagern.<\/li>\n\n\n\n<li>Au\u00dferhalb der Reichweite von Kindern aufbewahren.<\/li>\n<\/ul>\n\n\n\n<h3 class=\"wp-block-heading\">Warum sollten Sie sich f\u00fcr Juic'd Plus Poppers entscheiden?<\/h3>\n\n\n\n<p>Juic'd Plus Poppers kombiniert ein intensives Aroma mit einer hochwertigen Komposition, perfekt f\u00fcr Liebhaber, die ein einzigartiges Dufterlebnis suchen.<\/p>\n\n\n\n<p>Bestellen Sie noch heute Ihre Flasche Juic'd Plus Poppers und entdecken Sie die Qualit\u00e4t und Intensit\u00e4t, die dieses Produkt zu bieten hat!<\/p>","protected":false},"excerpt":{"rendered":"<p><strong><br \/>KOMPATIBLES ZUBEH\u00d6R:<\/strong><\/p>\n<ul>\n<li><a href=\"https:\/\/stage.poppersparadise.eu\/de\/produktkategorie\/zubehor\/schnuffler-gros\/\">Schn\u00fcffler Gro\u00df<\/a><\/li>\n<li><a href=\"https:\/\/stage.poppersparadise.eu\/de\/produkt\/xtrm-poppers-halter-gros-2\/\">XTRM Poppers Halterung Gro\u00df<\/a><\/li>\n<li><a href=\"https:\/\/stage.poppersparadise.eu\/de\/produkt\/xtrm-poppers-keeper-gros-24ml\/\">XTRM Poppers Keeper gro\u00df<\/a><\/li>\n<\/ul>","protected":false},"featured_media":385,"comment_status":"open","ping_status":"closed","template":"","meta":[],"product_brand":[743],"product_cat":[35],"product_tag":[],"class_list":{"0":"post-895","1":"product","2":"type-product","3":"status-publish","4":"has-post-thumbnail","6":"product_brand-juicd","7":"product_cat-grote-flesjes-poppers","9":"first","10":"instock","11":"taxable","12":"shipping-taxable","13":"purchasable","14":"product-type-simple"},"_links":{"self":[{"href":"https:\/\/stage.poppersparadise.eu\/de\/wp-json\/wp\/v2\/product\/895","targetHints":{"allow":["GET"]}}],"collection":[{"href":"https:\/\/stage.poppersparadise.eu\/de\/wp-json\/wp\/v2\/product"}],"about":[{"href":"https:\/\/stage.poppersparadise.eu\/de\/wp-json\/wp\/v2\/types\/product"}],"replies":[{"embeddable":true,"href":"https:\/\/stage.poppersparadise.eu\/de\/wp-json\/wp\/v2\/comments?post=895"}],"wp:featuredmedia":[{"embeddable":true,"href":"https:\/\/stage.poppersparadise.eu\/de\/wp-json\/wp\/v2\/media\/385"}],"wp:attachment":[{"href":"https:\/\/stage.poppersparadise.eu\/de\/wp-json\/wp\/v2\/media?parent=895"}],"wp:term":[{"taxonomy":"product_brand","embeddable":true,"href":"https:\/\/stage.poppersparadise.eu\/de\/wp-json\/wp\/v2\/product_brand?post=895"},{"taxonomy":"product_cat","embeddable":true,"href":"https:\/\/stage.poppersparadise.eu\/de\/wp-json\/wp\/v2\/product_cat?post=895"},{"taxonomy":"product_tag","embeddable":true,"href":"https:\/\/stage.poppersparadise.eu\/de\/wp-json\/wp\/v2\/product_tag?post=895"}],"curies":[{"name":"wp","href":"https:\/\/api.w.org\/{rel}","templated":true}]}}