{"id":925,"date":"2024-10-08T16:52:30","date_gmt":"2024-10-08T14:52:30","guid":{"rendered":"https:\/\/stage.poppersparadise.eu\/product\/super-rush-black-label-pentyl-long-24ml\/"},"modified":"2025-10-01T22:07:01","modified_gmt":"2025-10-01T20:07:01","slug":"super-rush-black-label-pentyl-poppers-24ml","status":"publish","type":"product","link":"https:\/\/stage.poppersparadise.eu\/de\/produkt\/super-rush-black-label-pentyl-poppers-24ml\/","title":{"rendered":"Super Rush Black Label Pentyl Long 24ml"},"content":{"rendered":"<h2 class=\"wp-block-heading\">Entdecken Sie den starken Duft von Super Rush Black Label Poppers<\/h2>\n\n\n\n<p>Super Rush Black Label Poppers bietet eine intensive Duftverbreitung, verpackt in einer eleganten, l\u00e4nglichen 24-ml-Glasflasche. Mit einer leistungsstarken Formel auf der Basis von Pentylnitrit sind diese Duftzerst\u00e4uber ideal f\u00fcr Liebhaber von hochwertigen Produkten.<\/p>\n\n\n\n<h3 class=\"wp-block-heading\">Bemerkenswerte Eigenschaften von Super Rush Black Label Poppers<\/h3>\n\n\n\n<ul class=\"wp-block-list\">\n<li><strong>Marke<\/strong>: Rush<\/li>\n\n\n\n<li><strong>Inhalt<\/strong>: 24 ml<\/li>\n\n\n\n<li><strong>Leistungsstarke Formel<\/strong>Hergestellt auf Basis von Pentylnitrit f\u00fcr eine lang anhaltende und effektive Geruchsdiffusion.<\/li>\n\n\n\n<li><strong>Stilvolle Verpackung<\/strong>: Verpackt in einer l\u00e4nglichen Glasflasche f\u00fcr eine einfache Anwendung.<\/li>\n\n\n\n<li><strong>Attraktiver Stapelrabatt<\/strong>: Sparen Sie mehr bei gr\u00f6\u00dferen Eink\u00e4ufen.<\/li>\n<\/ul>\n\n\n\n<h3 class=\"wp-block-heading\">Wichtige Benutzerinformationen<\/h3>\n\n\n\n<ul class=\"wp-block-list\">\n<li>Dieses Produkt ist nur zur Verwendung als Duftstoffdiffusor oder Reinigungsmittel bestimmt.<\/li>\n\n\n\n<li>Es ist nicht f\u00fcr den menschlichen Verzehr oder zum Einatmen geeignet.<\/li>\n\n\n\n<li>Wegen seiner \u00e4tzenden Eigenschaften ist direkter Hautkontakt zu vermeiden.<\/li>\n\n\n\n<li>An einem k\u00fchlen, dunklen Ort aufbewahren und die Flasche nach Gebrauch fest verschlie\u00dfen.<\/li>\n<\/ul>\n\n\n\n<h3 class=\"wp-block-heading\">Warnungen<\/h3>\n\n\n\n<ul class=\"wp-block-list\">\n<li>Fl\u00fcssigkeit und Dampf leicht entz\u00fcndbar (H225).<\/li>\n\n\n\n<li>Verursacht Haut- und Augenreizungen (H315\/H319).<\/li>\n\n\n\n<li>Giftig beim Einatmen (H331).<\/li>\n\n\n\n<li>Es handelt sich nicht um eine Droge oder ein medizinisches Produkt.<\/li>\n\n\n\n<li>Nur nach Vorschrift verwenden.<\/li>\n<\/ul>\n\n\n\n<h3 class=\"wp-block-heading\">Lagerung<\/h3>\n\n\n\n<ul class=\"wp-block-list\">\n<li>K\u00fchl und trocken lagern.<\/li>\n\n\n\n<li>Au\u00dferhalb der Reichweite von Kindern aufbewahren.<\/li>\n<\/ul>\n\n\n\n<h3 class=\"wp-block-heading\">Herkunftsland<\/h3>\n\n\n\n<ul class=\"wp-block-list\">\n<li>Luxemburg<\/li>\n<\/ul>\n\n\n\n<h3 class=\"wp-block-heading\">Warum sollten Sie sich f\u00fcr Super Rush Black Label Poppers entscheiden?<\/h3>\n\n\n\n<p>Super Rush Black Label Poppers kombinieren eine starke Duftverbreitung mit einer eleganten Verpackung und wirtschaftlichen Vorteilen dank Stapelrabatten. Perfekt f\u00fcr Liebhaber, die ein zuverl\u00e4ssiges und hochwertiges Dufterlebnis suchen.<\/p>\n\n\n\n<p>Bestellen Sie noch heute Ihre Flasche Super Rush Black Label Poppers und entdecken Sie die Qualit\u00e4t und Intensit\u00e4t, die dieses Produkt zu bieten hat!<\/p>\n\n\n\n<p><\/p>","protected":false},"excerpt":{"rendered":"<p><strong><br \/>\nKOMPATIBLES ZUBEH\u00d6R:<\/strong><\/p>\n<ul>\n<li><a href=\"https:\/\/stage.poppersparadise.eu\/de\/produktkategorie\/zubehor\/schnuffler-klein\/\">Schn\u00fcffler Klein<\/a><\/li>\n<\/ul>","protected":false},"featured_media":427,"comment_status":"open","ping_status":"closed","template":"","meta":[],"product_brand":[751],"product_cat":[35],"product_tag":[705],"class_list":{"0":"post-925","1":"product","2":"type-product","3":"status-publish","4":"has-post-thumbnail","6":"product_brand-rush","7":"product_cat-grote-flesjes-poppers","8":"product_tag-tube","10":"first","11":"instock","12":"taxable","13":"shipping-taxable","14":"purchasable","15":"product-type-simple"},"_links":{"self":[{"href":"https:\/\/stage.poppersparadise.eu\/de\/wp-json\/wp\/v2\/product\/925","targetHints":{"allow":["GET"]}}],"collection":[{"href":"https:\/\/stage.poppersparadise.eu\/de\/wp-json\/wp\/v2\/product"}],"about":[{"href":"https:\/\/stage.poppersparadise.eu\/de\/wp-json\/wp\/v2\/types\/product"}],"replies":[{"embeddable":true,"href":"https:\/\/stage.poppersparadise.eu\/de\/wp-json\/wp\/v2\/comments?post=925"}],"wp:featuredmedia":[{"embeddable":true,"href":"https:\/\/stage.poppersparadise.eu\/de\/wp-json\/wp\/v2\/media\/427"}],"wp:attachment":[{"href":"https:\/\/stage.poppersparadise.eu\/de\/wp-json\/wp\/v2\/media?parent=925"}],"wp:term":[{"taxonomy":"product_brand","embeddable":true,"href":"https:\/\/stage.poppersparadise.eu\/de\/wp-json\/wp\/v2\/product_brand?post=925"},{"taxonomy":"product_cat","embeddable":true,"href":"https:\/\/stage.poppersparadise.eu\/de\/wp-json\/wp\/v2\/product_cat?post=925"},{"taxonomy":"product_tag","embeddable":true,"href":"https:\/\/stage.poppersparadise.eu\/de\/wp-json\/wp\/v2\/product_tag?post=925"}],"curies":[{"name":"wp","href":"https:\/\/api.w.org\/{rel}","templated":true}]}}