{"id":936,"date":"2024-10-08T16:52:33","date_gmt":"2024-10-08T14:52:33","guid":{"rendered":"https:\/\/stage.poppersparadise.eu\/product\/original-gold10ml\/"},"modified":"2025-08-19T15:41:23","modified_gmt":"2025-08-19T13:41:23","slug":"original-gold-poppers-10ml","status":"publish","type":"product","link":"https:\/\/stage.poppersparadise.eu\/de\/produkt\/original-gold-poppers-10ml\/","title":{"rendered":"\u26a1Original Gold\u26a110ml"},"content":{"rendered":"<h2 class=\"wp-block-heading\">Verbessern Sie Ihr Erlebnis mit Original Gold Poppers<\/h2>\n\n\n\n<p>Entfesseln Sie ein einzigartiges Dufterlebnis und erregen Sie Ihre Sinne mit Original Gold Poppers. Speziell f\u00fcr Kenner entwickelt, bietet dieses leistungsstarke Produkt eine intensive und lang anhaltende Duftverbreitung. Die hochwertige Formel auf der Basis von Isoamylnitrit sorgt f\u00fcr eine schnelle und effektive Wirkung, ideal f\u00fcr die Schaffung einer entspannten und angenehmen Atmosph\u00e4re.<\/p>\n\n\n\n<h3 class=\"wp-block-heading\">Wesentliche Merkmale<\/h3>\n\n\n\n<ul class=\"wp-block-list\">\n<li><strong>Schnell wirkende Formel<\/strong>: Sorgt f\u00fcr eine sofortige und starke Duftverbreitung.<\/li>\n\n\n\n<li><strong>Hochwertige Zutaten<\/strong>: Hergestellt mit Isoamylnitrit f\u00fcr ein zuverl\u00e4ssiges und lang anhaltendes Erlebnis.<\/li>\n\n\n\n<li><strong>Praktische Verpackung<\/strong>Erh\u00e4ltlich in Glasflaschen von 10 oder 30 ml, leicht zu tragen und zu verwenden.<\/li>\n<\/ul>\n\n\n\n<h3 class=\"wp-block-heading\">Produktspezifikationen<\/h3>\n\n\n\n<ul class=\"wp-block-list\">\n<li><strong>Inhalt<\/strong>: 10 \/ 30 ml<\/li>\n\n\n\n<li><strong>Aktiver Inhaltsstoff<\/strong>: Isoamylnitrit<\/li>\n<\/ul>\n\n\n\n<h3 class=\"wp-block-heading\">Anmeldung<\/h3>\n\n\n\n<p>Der Original Gold Poppers ist ideal, um in jedem Raum eine entspannende und angenehme Atmosph\u00e4re zu schaffen. Das Produkt ist nur f\u00fcr die Verwendung als Duftzerst\u00e4uber oder Reinigungsl\u00f6sung bestimmt.<\/p>\n\n\n\n<h3 class=\"wp-block-heading\">Wichtige Benutzerinformationen<\/h3>\n\n\n\n<ul class=\"wp-block-list\">\n<li>Dieses Produkt ist nur zur Verwendung als Duftstoffdiffusor oder Reinigungsmittel bestimmt.<\/li>\n\n\n\n<li>Es ist nicht f\u00fcr den menschlichen Verzehr oder zum Einatmen geeignet.<\/li>\n\n\n\n<li>Wegen seiner \u00e4tzenden Eigenschaften ist direkter Hautkontakt zu vermeiden.<\/li>\n\n\n\n<li>An einem k\u00fchlen, dunklen Ort aufbewahren und die Flasche nach Gebrauch fest verschlie\u00dfen.<\/li>\n<\/ul>\n\n\n\n<h3 class=\"wp-block-heading\">Warnungen<\/h3>\n\n\n\n<ul class=\"wp-block-list\">\n<li>Leichtentz\u00fcndliche Fl\u00fcssigkeit und Dampf (H225)<\/li>\n\n\n\n<li>Verursacht Haut- und Augenreizungen (H315\/H319)<\/li>\n\n\n\n<li>Giftig beim Einatmen (H331)<\/li>\n\n\n\n<li>Kein Arzneimittel oder Medizinprodukt<\/li>\n\n\n\n<li>Nur nach Vorschrift verwenden<\/li>\n<\/ul>\n\n\n\n<h3 class=\"wp-block-heading\">Lagerung<\/h3>\n\n\n\n<ul class=\"wp-block-list\">\n<li>K\u00fchl und trocken lagern.<\/li>\n\n\n\n<li>Au\u00dferhalb der Reichweite von Kindern aufbewahren.<\/li>\n<\/ul>\n\n\n\n<h3 class=\"wp-block-heading\">Herkunftsland<\/h3>\n\n\n\n<ul class=\"wp-block-list\">\n<li>Luxemburg<\/li>\n<\/ul>\n\n\n\n<p>Entdecken Sie das einzigartige Dufterlebnis von Original Gold Poppers und machen Sie jeden Moment zu etwas Besonderem. Bestellen Sie noch heute und erleben Sie die Qualit\u00e4t und Intensit\u00e4t, die nur Original Gold bieten kann!<\/p>","protected":false},"excerpt":{"rendered":"<p><strong><br \/>KOMPATIBLES ZUBEH\u00d6R:<\/strong><\/p>\n<ul>\n<li><a href=\"https:\/\/stage.poppersparadise.eu\/de\/produktkategorie\/zubehor\/schnuffler-klein\/\">Schn\u00fcffler Klein<\/a><\/li>\n<li><a href=\"https:\/\/stage.poppersparadise.eu\/de\/produkt\/xtrm-poppers-houder-zwart-small\/\">XTRM Poppers Halterung Klein<\/a><\/li>\n<li><a href=\"https:\/\/stage.poppersparadise.eu\/de\/produkt\/xtrm-poppers-keeper-klein-10ml\/\">XTRM Poppers Keeper Klein<\/a><\/li>\n<\/ul>","protected":false},"featured_media":644,"comment_status":"open","ping_status":"closed","template":"","meta":[],"product_brand":[748],"product_cat":[34],"product_tag":[],"class_list":{"0":"post-936","1":"product","2":"type-product","3":"status-publish","4":"has-post-thumbnail","6":"product_brand-original","7":"product_cat-kleine-flesjes-poppers","9":"first","10":"instock","11":"taxable","12":"shipping-taxable","13":"purchasable","14":"product-type-simple"},"_links":{"self":[{"href":"https:\/\/stage.poppersparadise.eu\/de\/wp-json\/wp\/v2\/product\/936","targetHints":{"allow":["GET"]}}],"collection":[{"href":"https:\/\/stage.poppersparadise.eu\/de\/wp-json\/wp\/v2\/product"}],"about":[{"href":"https:\/\/stage.poppersparadise.eu\/de\/wp-json\/wp\/v2\/types\/product"}],"replies":[{"embeddable":true,"href":"https:\/\/stage.poppersparadise.eu\/de\/wp-json\/wp\/v2\/comments?post=936"}],"wp:featuredmedia":[{"embeddable":true,"href":"https:\/\/stage.poppersparadise.eu\/de\/wp-json\/wp\/v2\/media\/644"}],"wp:attachment":[{"href":"https:\/\/stage.poppersparadise.eu\/de\/wp-json\/wp\/v2\/media?parent=936"}],"wp:term":[{"taxonomy":"product_brand","embeddable":true,"href":"https:\/\/stage.poppersparadise.eu\/de\/wp-json\/wp\/v2\/product_brand?post=936"},{"taxonomy":"product_cat","embeddable":true,"href":"https:\/\/stage.poppersparadise.eu\/de\/wp-json\/wp\/v2\/product_cat?post=936"},{"taxonomy":"product_tag","embeddable":true,"href":"https:\/\/stage.poppersparadise.eu\/de\/wp-json\/wp\/v2\/product_tag?post=936"}],"curies":[{"name":"wp","href":"https:\/\/api.w.org\/{rel}","templated":true}]}}