{"id":10631,"date":"2024-10-13T19:06:52","date_gmt":"2024-10-13T19:06:52","guid":{"rendered":"https:\/\/stage.poppersparadise.eu\/product\/xtrm-snffr-solo-large\/"},"modified":"2025-10-06T23:06:21","modified_gmt":"2025-10-06T21:06:21","slug":"xtrm-snffr-solo-grande","status":"publish","type":"product","link":"https:\/\/stage.poppersparadise.eu\/es\/producto\/xtrm-snffr-solo-grande\/","title":{"rendered":"XTRM SNFFR Large Solo"},"content":{"rendered":"<p><strong>El inhalador Sniffer XTRM es un accesorio sniffer para limpiadores de cuero<\/strong>. Con este accesorio, esnifar te da un subid\u00f3n absolutamente nuevo. Tan intenso, tan puro, tan cachondo con el subid\u00f3n de martillo m\u00e1s gordo que jam\u00e1s hayas visto.<\/p>\n<p>Con este inhalador Sniffer XTRM, su limpiador de cuero estar\u00e1 inmediatamente listo para usar, sin tener que andar buscando el tap\u00f3n de rosca. No m\u00e1s algod\u00f3n o m\u00e1scara necesaria y mucho menos posibilidades de derramar el producto.<\/p>\n<p><strong>Y lo mejor de todo: no tiene efectos secundarios. No hay contacto cut\u00e1neo desagradable con el aroma, ni irritaci\u00f3n o enrojecimiento de la piel.<\/strong><\/p>\n<ul>\n<li>Se adapta a todas las botellas grandes de Leather Cleaner<\/li>\n<li>El efecto se amplifica muchas veces<\/li>\n<li>El sistema de inhalaci\u00f3n recibe un gran impulso de la circulaci\u00f3n m\u00faltiple del aroma<\/li>\n<li>No irrita la piel ni enrojece la nariz<\/li>\n<li>Los viejos aromas reviven con nuestra SNFFR y vuelven a ser tan fuertes como antes<\/li>\n<li>Sin contacto cut\u00e1neo desagradable con el aroma, sin irritaci\u00f3n ni enrojecimiento de la piel<\/li>\n<li>Diversi\u00f3n al alcance de la mano, sin complicaciones con el tap\u00f3n de rosca<\/li>\n<li>100% fabricado en Austria (no en China ni en otros pa\u00edses baratos)<\/li>\n<li>El inhalador Sniffer XTRM es un accesorio de inhalaci\u00f3n para limpiadores de cuero. Con este accesorio, esnifar te da un subid\u00f3n absolutamente nuevo. Tan intenso, tan puro, tan cachondo con el subid\u00f3n de martillo m\u00e1s gordo que jam\u00e1s hayas visto.<\/li>\n<li>Con este inhalador Sniffer XTRM, su limpiador de cuero estar\u00e1 listo para usar de inmediato, sin tener que buscar el tap\u00f3n de rosca. No m\u00e1s algod\u00f3n o m\u00e1scara necesaria y mucho menos posibilidades de derramar el producto.<\/li>\n<li>Y lo mejor de todo: no tiene efectos secundarios. No hay contacto cut\u00e1neo desagradable con el aroma, ni irritaci\u00f3n o enrojecimiento de la piel.<\/li>\n<\/ul>\n<p><strong><br \/>Manual del usuario<\/strong>El inhalador Sniffer XTRM no soporta el sol, el calor, el fr\u00edo ni los productos de limpieza agresivos. Lo mejor es lavarlo despu\u00e9s de cada uso y guardarlo en su embalaje.<\/p>\n<p><img decoding=\"async\" src=\"https:\/\/cdn.webshopapp.com\/shops\/261986\/files\/457767906\/large-bottles.jpg\" alt=\"\" width=\"100%\" \/><\/p>","protected":false},"excerpt":{"rendered":"<p>El inhalador Sniffer XTRM es un accesorio olfateador para limpiadoras de cuero. Con este accesorio, esnifar te da un subid\u00f3n absolutamente nuevo. Tan intenso, tan puro, tan cachondo con el subid\u00f3n de martillo m\u00e1s gordo que jam\u00e1s hayas visto.<\/p>","protected":false},"featured_media":14750,"comment_status":"open","ping_status":"closed","template":"","meta":[],"product_brand":[752],"product_cat":[330,530],"product_tag":[528],"class_list":{"0":"post-10631","1":"product","2":"type-product","3":"status-publish","4":"has-post-thumbnail","6":"product_brand-xtrm","7":"product_cat-accessoires","8":"product_cat-sniffers-large","9":"product_tag-largesnnfr","11":"first","12":"instock","13":"sale","14":"taxable","15":"shipping-taxable","16":"purchasable","17":"product-type-simple"},"_links":{"self":[{"href":"https:\/\/stage.poppersparadise.eu\/es\/wp-json\/wp\/v2\/product\/10631","targetHints":{"allow":["GET"]}}],"collection":[{"href":"https:\/\/stage.poppersparadise.eu\/es\/wp-json\/wp\/v2\/product"}],"about":[{"href":"https:\/\/stage.poppersparadise.eu\/es\/wp-json\/wp\/v2\/types\/product"}],"replies":[{"embeddable":true,"href":"https:\/\/stage.poppersparadise.eu\/es\/wp-json\/wp\/v2\/comments?post=10631"}],"wp:featuredmedia":[{"embeddable":true,"href":"https:\/\/stage.poppersparadise.eu\/es\/wp-json\/wp\/v2\/media\/14750"}],"wp:attachment":[{"href":"https:\/\/stage.poppersparadise.eu\/es\/wp-json\/wp\/v2\/media?parent=10631"}],"wp:term":[{"taxonomy":"product_brand","embeddable":true,"href":"https:\/\/stage.poppersparadise.eu\/es\/wp-json\/wp\/v2\/product_brand?post=10631"},{"taxonomy":"product_cat","embeddable":true,"href":"https:\/\/stage.poppersparadise.eu\/es\/wp-json\/wp\/v2\/product_cat?post=10631"},{"taxonomy":"product_tag","embeddable":true,"href":"https:\/\/stage.poppersparadise.eu\/es\/wp-json\/wp\/v2\/product_tag?post=10631"}],"curies":[{"name":"wp","href":"https:\/\/api.w.org\/{rel}","templated":true}]}}