{"id":12047,"date":"2024-11-01T12:02:03","date_gmt":"2024-11-01T11:02:03","guid":{"rendered":"https:\/\/stage.poppersparadise.eu\/product\/deep-2-suck-deep-throat-spray\/"},"modified":"2025-09-25T20:56:11","modified_gmt":"2025-09-25T18:56:11","slug":"deep-2-suck-spray-garganta-profunda","status":"publish","type":"product","link":"https:\/\/stage.poppersparadise.eu\/es\/producto\/deep-2-suck-spray-garganta-profunda\/","title":{"rendered":"XTRM Deep 2 Suck Deep Throat Spray"},"content":{"rendered":"<h2 class=\"font-bold text-h3 leading-[36px] pt-[21px] pb-[2px] [&amp;_a]:underline-offset-[6px] [&amp;_.underline]:underline-offset-[6px]\" dir=\"ltr\">Descubre el placer m\u00e1s profundo con Deep2Suck<\/h2>\n<p class=\"text-body font-regular leading-[24px] pt-[9px] pb-[2px]\" dir=\"ltr\">Eleva tu experiencia \u00edntima con DEEP2SUCK Suck it Harder, un revolucionario spray para garganta profunda perfecto para mejorar el sexo oral. Confiado por los artistas adultos y aquellos que buscan llevar su gratificaci\u00f3n a un nivel profesional, este spray est\u00e1 dise\u00f1ado para aumentar el placer para ambos socios.<\/p>\n<p class=\"text-body font-regular leading-[24px] pt-[9px] pb-[2px]\" dir=\"ltr\"><strong>Hombre o mujer, estrella porno o dominatrix<\/strong>\u00a1todos lo hacen y les encanta! \u00a1Los menos intensos y m\u00e1s profundos!<\/p>\n<p>Muchas estrellas del porno (hombres o mujeres) ya conocen nuestra receta secreta de Deep2Suck, el placer de llevar oralmente el pene al tacto, muy profundo? \u00bfGarganta profunda?<\/p>\n<p>T\u00fambate boca arriba, con tu pareja frente a ti y ahora toma el pene.... cent\u00edmetro a cent\u00edmetro.<\/p>\n<ul class=\"pt-[9px] pb-[2px] pl-[24px] list-disc [&amp;_ul]:pt-[5px] pt-[5px]\">\n<li class=\"text-body font-regular leading-[24px] my-[5px] [&amp;&gt;ol]:!pt-0 [&amp;&gt;ol]:!pb-0 [&amp;&gt;ul]:!pt-0 [&amp;&gt;ul]:!pb-0\" value=\"1\"><b><strong class=\"font-bold\">Mejora la experiencia oral:<\/strong><\/b> Proporciona un placer m\u00e1s profundo e intenso sin molestias.<\/li>\n<li class=\"text-body font-regular leading-[24px] my-[5px] [&amp;&gt;ol]:!pt-0 [&amp;&gt;ol]:!pb-0 [&amp;&gt;ul]:!pt-0 [&amp;&gt;ul]:!pb-0\" value=\"2\"><b><strong class=\"font-bold\">F\u00f3rmula de acci\u00f3n r\u00e1pida:<\/strong><\/b> Sienta los efectos en s\u00f3lo 5-15 minutos.<\/li>\n<li class=\"text-body font-regular leading-[24px] my-[5px] [&amp;&gt;ol]:!pt-0 [&amp;&gt;ol]:!pb-0 [&amp;&gt;ul]:!pt-0 [&amp;&gt;ul]:!pb-0\" value=\"3\"><b><strong class=\"font-bold\">Aplicaci\u00f3n sencilla:<\/strong><\/b> Basta con pulverizar 2-3 veces en la garganta.<\/li>\n<li class=\"text-body font-regular leading-[24px] my-[5px] [&amp;&gt;ol]:!pt-0 [&amp;&gt;ol]:!pb-0 [&amp;&gt;ul]:!pt-0 [&amp;&gt;ul]:!pb-0\" value=\"4\"><b><strong class=\"font-bold\">Discretamente empaquetado:<\/strong><\/b> Mantenga la privacidad con un dise\u00f1o sutil y discreto.<\/li>\n<li class=\"text-body font-regular leading-[24px] my-[5px] [&amp;&gt;ol]:!pt-0 [&amp;&gt;ol]:!pb-0 [&amp;&gt;ul]:!pt-0 [&amp;&gt;ul]:!pb-0\" value=\"5\"><b><strong class=\"font-bold\">Con la confianza de los profesionales:<\/strong><\/b> Ideal para cualquiera que desee una experiencia de calidad profesional.<\/li>\n<\/ul>\n<p><strong>Especificaciones:<\/strong><\/p>\n<ul>\n<li>30 ml en pulverizador Oralvspray para garganta profunda<\/li>\n<li>Garganta profunda - Popular en la industria del porno<\/li>\n<li>Pulverizar 2-3 veces y dejar actuar de 15 a 30 minutos.<\/li>\n<li>S\u00f3lo para mayores de 18 a\u00f1os<\/li>\n<li>No pulverizar en los ojos ni en la piel<\/li>\n<li>El primer cosquilleo en la garganta es normal<\/li>\n<li>El sabor a menta tambi\u00e9n refresca el aliento<\/li>\n<\/ul>\n<p>Al final, la \u00fanica pregunta que queda es:<\/p>\n<p><em>tragar o escupir.<\/em> <em>Lo que usted haga de ello es asunto suyo, pero a muchos hombres y mujeres les encanta...<\/em><\/p>\n<p>Descubra los beneficios de nuestra f\u00f3rmula \u00fanica y transforme sus momentos \u00edntimos en experiencias extraordinarias. Disfrute con seguridad y respeto, sabiendo que utiliza un producto especialmente elaborado para enriquecer su placer.<\/p>\n<p class=\"text-body font-regular leading-[24px] pt-[9px] pb-[2px]\" dir=\"ltr\">Descubra los beneficios de nuestra f\u00f3rmula \u00fanica y transforme sus momentos \u00edntimos en experiencias extraordinarias. Disfrute con seguridad y respeto, sabiendo que est\u00e1 utilizando un producto espec\u00edficamente dise\u00f1ado para enriquecer su placer.<\/p>\n<p><strong>Ingredientes<\/strong>: Aqua, Glicerina, Laureth-9, PEG-6 Caprylic\/ Capric Glycerides, Menthyl Lactate, \u00c1cido l\u00e1ctico, Mentha Piperita, Alcohol benc\u00edlico, \u00c1cido benzoico, \u00c1cido s\u00f3rbico, Limas, Linalool.<\/p>","protected":false},"excerpt":{"rendered":"<p>Experimenta un placer m\u00e1s profundo e intenso con DEEP2SUCK, el spray de confianza para garganta profunda que mejora la experiencia oral.<\/p>","protected":false},"featured_media":12046,"comment_status":"open","ping_status":"closed","template":"","meta":[],"product_brand":[],"product_cat":[479,672],"product_tag":[],"class_list":{"0":"post-12047","1":"product","2":"type-product","3":"status-publish","4":"has-post-thumbnail","6":"product_cat-drogist","7":"product_cat-verdovende-sprays","9":"first","10":"instock","11":"taxable","12":"shipping-taxable","13":"purchasable","14":"product-type-simple"},"_links":{"self":[{"href":"https:\/\/stage.poppersparadise.eu\/es\/wp-json\/wp\/v2\/product\/12047","targetHints":{"allow":["GET"]}}],"collection":[{"href":"https:\/\/stage.poppersparadise.eu\/es\/wp-json\/wp\/v2\/product"}],"about":[{"href":"https:\/\/stage.poppersparadise.eu\/es\/wp-json\/wp\/v2\/types\/product"}],"replies":[{"embeddable":true,"href":"https:\/\/stage.poppersparadise.eu\/es\/wp-json\/wp\/v2\/comments?post=12047"}],"wp:featuredmedia":[{"embeddable":true,"href":"https:\/\/stage.poppersparadise.eu\/es\/wp-json\/wp\/v2\/media\/12046"}],"wp:attachment":[{"href":"https:\/\/stage.poppersparadise.eu\/es\/wp-json\/wp\/v2\/media?parent=12047"}],"wp:term":[{"taxonomy":"product_brand","embeddable":true,"href":"https:\/\/stage.poppersparadise.eu\/es\/wp-json\/wp\/v2\/product_brand?post=12047"},{"taxonomy":"product_cat","embeddable":true,"href":"https:\/\/stage.poppersparadise.eu\/es\/wp-json\/wp\/v2\/product_cat?post=12047"},{"taxonomy":"product_tag","embeddable":true,"href":"https:\/\/stage.poppersparadise.eu\/es\/wp-json\/wp\/v2\/product_tag?post=12047"}],"curies":[{"name":"wp","href":"https:\/\/api.w.org\/{rel}","templated":true}]}}