{"id":12050,"date":"2024-11-01T12:02:06","date_gmt":"2024-11-01T11:02:06","guid":{"rendered":"https:\/\/stage.poppersparadise.eu\/product\/silicone-premium-glijmiddel-play-harder-deeper\/"},"modified":"2025-09-11T13:18:32","modified_gmt":"2025-09-11T11:18:32","slug":"lubricante-de-silicona-premium-play-harder-deeper","status":"publish","type":"product","link":"https:\/\/stage.poppersparadise.eu\/es\/producto\/lubricante-de-silicona-premium-play-harder-deeper\/","title":{"rendered":"XTRM Lubricante Premium de Silicona - Play Harder &amp; Deeper"},"content":{"rendered":"<h2 class=\"font-bold text-h3 leading-[36px] pt-[21px] pb-[2px] [&amp;_a]:underline-offset-[6px] [&amp;_.underline]:underline-offset-[6px]\" dir=\"ltr\">Mejore sus experiencias \u00edntimas con el lubricante de silicona XTRM<\/h2>\n<p class=\"text-body font-regular leading-[24px] pt-[9px] pb-[2px]\" dir=\"ltr\">Conozca nuestro Lubricante de Silicona XTRM, desarrollado de forma cuidadosa e innovadora para mejorar sus momentos \u00edntimos. <strong>Perfectamente adecuado para el coito anal<\/strong> y dise\u00f1ado para llevar el juego personal con consoladores y juguetes al siguiente nivel, este lubricante es la elecci\u00f3n ideal para disfrutar de una experiencia excepcional.<\/p>\n<p class=\"text-body font-regular leading-[24px] pt-[9px] pb-[2px]\" dir=\"ltr\">Nuestra f\u00f3rmula desarrollada en Alemania proporciona una suavidad aterciopelada y duradera sin sensaci\u00f3n grasa, garantizando una experiencia de deslizamiento c\u00f3moda y agradable. Es econ\u00f3mico, s\u00f3lo se necesita una peque\u00f1a cantidad para obtener el m\u00e1ximo efecto y garantiza la satisfacci\u00f3n con cada uso. Adem\u00e1s, es apto para preservativos, lo que ofrece una mayor tranquilidad.<\/p>\n<h3 class=\"font-bold text-h4 leading-[30px] pt-[15px] pb-[2px] [&amp;_a]:underline-offset-[6px] [&amp;_.underline]:underline-offset-[6px]\" dir=\"ltr\">Especificaciones del producto<\/h3>\n<ul class=\"pt-[9px] pb-[2px] pl-[24px] list-disc [&amp;_ul]:pt-[5px] pt-[5px]\">\n<li class=\"text-body font-regular leading-[24px] my-[5px] [&amp;&gt;ol]:!pt-0 [&amp;&gt;ol]:!pb-0 [&amp;&gt;ul]:!pt-0 [&amp;&gt;ul]:!pb-0\" value=\"1\"><b><strong class=\"font-bold\">Objetivo<\/strong><\/b>Mayor placer y comodidad en el coito anal y el uso de juguetes.<\/li>\n<li class=\"text-body font-regular leading-[24px] my-[5px] [&amp;&gt;ol]:!pt-0 [&amp;&gt;ol]:!pb-0 [&amp;&gt;ul]:!pt-0 [&amp;&gt;ul]:!pb-0\" value=\"2\"><b><strong class=\"font-bold\">Textura<\/strong><\/b>: Tacto aterciopelado y no graso<\/li>\n<li class=\"text-body font-regular leading-[24px] my-[5px] [&amp;&gt;ol]:!pt-0 [&amp;&gt;ol]:!pb-0 [&amp;&gt;ul]:!pt-0 [&amp;&gt;ul]:!pb-0\" value=\"4\"><b><strong class=\"font-bold\">Origen<\/strong><\/b>Fabricado en Alemania con una f\u00f3rmula hidratante de alta calidad<\/li>\n<li class=\"text-body font-regular leading-[24px] my-[5px] [&amp;&gt;ol]:!pt-0 [&amp;&gt;ol]:!pb-0 [&amp;&gt;ul]:!pt-0 [&amp;&gt;ul]:!pb-0\" value=\"5\"><b><strong class=\"font-bold\">Seguridad<\/strong><\/b>: Preservativo seguro<\/li>\n<li class=\"text-body font-regular leading-[24px] my-[5px] [&amp;&gt;ol]:!pt-0 [&amp;&gt;ol]:!pb-0 [&amp;&gt;ul]:!pt-0 [&amp;&gt;ul]:!pb-0\" value=\"5\"><strong>Contenido<\/strong>: 100ml<\/li>\n<\/ul>\n\n\n<p><\/p>","protected":false},"excerpt":{"rendered":"<p>Descubre el lubricante de silicona XTRM para un placer aterciopelado y no graso. Perfecto para uso anal y con juguetes. Fabricado en Alemania, apto para preservativos.<\/p>","protected":false},"featured_media":12049,"comment_status":"open","ping_status":"closed","template":"","meta":[],"product_brand":[],"product_cat":[479],"product_tag":[],"class_list":{"0":"post-12050","1":"product","2":"type-product","3":"status-publish","4":"has-post-thumbnail","6":"product_cat-drogist","8":"first","9":"outofstock","10":"taxable","11":"shipping-taxable","12":"purchasable","13":"product-type-simple"},"_links":{"self":[{"href":"https:\/\/stage.poppersparadise.eu\/es\/wp-json\/wp\/v2\/product\/12050","targetHints":{"allow":["GET"]}}],"collection":[{"href":"https:\/\/stage.poppersparadise.eu\/es\/wp-json\/wp\/v2\/product"}],"about":[{"href":"https:\/\/stage.poppersparadise.eu\/es\/wp-json\/wp\/v2\/types\/product"}],"replies":[{"embeddable":true,"href":"https:\/\/stage.poppersparadise.eu\/es\/wp-json\/wp\/v2\/comments?post=12050"}],"wp:featuredmedia":[{"embeddable":true,"href":"https:\/\/stage.poppersparadise.eu\/es\/wp-json\/wp\/v2\/media\/12049"}],"wp:attachment":[{"href":"https:\/\/stage.poppersparadise.eu\/es\/wp-json\/wp\/v2\/media?parent=12050"}],"wp:term":[{"taxonomy":"product_brand","embeddable":true,"href":"https:\/\/stage.poppersparadise.eu\/es\/wp-json\/wp\/v2\/product_brand?post=12050"},{"taxonomy":"product_cat","embeddable":true,"href":"https:\/\/stage.poppersparadise.eu\/es\/wp-json\/wp\/v2\/product_cat?post=12050"},{"taxonomy":"product_tag","embeddable":true,"href":"https:\/\/stage.poppersparadise.eu\/es\/wp-json\/wp\/v2\/product_tag?post=12050"}],"curies":[{"name":"wp","href":"https:\/\/api.w.org\/{rel}","templated":true}]}}