{"id":12963,"date":"2024-11-25T12:09:11","date_gmt":"2024-11-25T11:09:11","guid":{"rendered":"https:\/\/stage.poppersparadise.eu\/?post_type=product&#038;p=12963"},"modified":"2025-08-30T15:34:22","modified_gmt":"2025-08-30T13:34:22","slug":"iron-fist-ultra-strong-poppers-10ml","status":"publish","type":"product","link":"https:\/\/stage.poppersparadise.eu\/es\/producto\/iron-fist-ultra-strong-poppers-10ml\/","title":{"rendered":"Iron Fist Ultra Strong 10ml"},"content":{"rendered":"<h2 class=\"wp-block-heading\">Descubra la sensaci\u00f3n con Iron Fist Ultra Fuerte Poppers 10ml<\/h2>\n\n\n\n<p>Experimente el poder de Iron Fist Ultra Fuerte Poppers 10ml, un difusor de fragancias especialmente dise\u00f1ado para proporcionar una experiencia de fragancia intensa y \u00fanica. Perfecto para quienes buscan un ambiente sofisticado y una difusi\u00f3n de fragancias duradera.<\/p>\n\n\n\n<h3 class=\"wp-block-heading\">Libere el poder de la formulaci\u00f3n avanzada<\/h3>\n\n\n\n<ul class=\"wp-block-list\">\n<li><strong>Pentyl nitrite magic<\/strong>: Una potente f\u00f3rmula que proporciona una experiencia de fragancia intensa y duradera.<\/li>\n\n\n\n<li><strong>Versi\u00f3n ultrarresistente<\/strong>Disfruta de una versi\u00f3n mejorada para una experiencia a\u00fan m\u00e1s intensa.<\/li>\n<\/ul>\n\n\n\n<h3 class=\"wp-block-heading\">Dise\u00f1o innovador y sostenible<\/h3>\n\n\n\n<ul class=\"wp-block-list\">\n<li><strong>Tapa de seguridad<\/strong>Impide la apertura no deseada y garantiza un uso seguro.<\/li>\n<\/ul>\n\n\n\n<h3 class=\"wp-block-heading\">Importante saber<\/h3>\n\n\n\n<p>Este producto est\u00e1 destinado a ser utilizado \u00fanicamente como difusor de fragancias o disolvente de limpieza. No es apto para el consumo humano ni para inhalaci\u00f3n. Guarde el producto en un lugar fresco y oscuro y cierre bien el frasco despu\u00e9s de usarlo.<\/p>\n\n\n\n<h3 class=\"wp-block-heading\">Advertencias<\/h3>\n\n\n\n<ul class=\"wp-block-list\">\n<li>L\u00edquido y vapores f\u00e1cilmente inflamables (H225).<\/li>\n\n\n\n<li>Provoca irritaci\u00f3n cut\u00e1nea y ocular (H315\/H319).<\/li>\n\n\n\n<li>T\u00f3xico por inhalaci\u00f3n (H331).<\/li>\n\n\n\n<li>No hay medicina.<\/li>\n\n\n\n<li>Utilizar s\u00f3lo seg\u00fan las indicaciones.<\/li>\n<\/ul>\n\n\n\n<h3 class=\"wp-block-heading\">Almacenamiento<\/h3>\n\n\n\n<p>Conservar en lugar fresco y seco. Mantener fuera del alcance de los ni\u00f1os.<\/p>\n\n\n\n<h3 class=\"wp-block-heading\">Pa\u00eds de origen<\/h3>\n\n\n\n<p>Francia<\/p>","protected":false},"excerpt":{"rendered":"<p><strong><br \/>ACCESORIOS COMPATIBLES:<\/strong><\/p>\n<ul>\n<li><a href=\"https:\/\/stage.poppersparadise.eu\/es\/categoria-de-productos\/accesorios\/olfateadores-pequenos\/\">Olfateadores Peque\u00f1os<\/a><\/li>\n<li><a href=\"https:\/\/stage.poppersparadise.eu\/es\/producto\/xtrm-poppers-houder-zwart-small\/\">XTRM Poppers Soporte Peque\u00f1o<\/a><\/li>\n<li><a href=\"https:\/\/stage.poppersparadise.eu\/es\/producto\/xtrm-poppers-keeper-pequeno-10ml\/\">XTRM Poppers Guardi\u00e1n peque\u00f1o<\/a><\/li>\n<\/ul>","protected":false},"featured_media":12964,"comment_status":"open","ping_status":"closed","template":"","meta":[],"product_brand":[742],"product_cat":[34],"product_tag":[],"class_list":{"0":"post-12963","1":"product","2":"type-product","3":"status-publish","4":"has-post-thumbnail","6":"product_brand-iron-fist","7":"product_cat-kleine-flesjes-poppers","9":"first","10":"instock","11":"taxable","12":"shipping-taxable","13":"purchasable","14":"product-type-simple"},"_links":{"self":[{"href":"https:\/\/stage.poppersparadise.eu\/es\/wp-json\/wp\/v2\/product\/12963","targetHints":{"allow":["GET"]}}],"collection":[{"href":"https:\/\/stage.poppersparadise.eu\/es\/wp-json\/wp\/v2\/product"}],"about":[{"href":"https:\/\/stage.poppersparadise.eu\/es\/wp-json\/wp\/v2\/types\/product"}],"replies":[{"embeddable":true,"href":"https:\/\/stage.poppersparadise.eu\/es\/wp-json\/wp\/v2\/comments?post=12963"}],"wp:featuredmedia":[{"embeddable":true,"href":"https:\/\/stage.poppersparadise.eu\/es\/wp-json\/wp\/v2\/media\/12964"}],"wp:attachment":[{"href":"https:\/\/stage.poppersparadise.eu\/es\/wp-json\/wp\/v2\/media?parent=12963"}],"wp:term":[{"taxonomy":"product_brand","embeddable":true,"href":"https:\/\/stage.poppersparadise.eu\/es\/wp-json\/wp\/v2\/product_brand?post=12963"},{"taxonomy":"product_cat","embeddable":true,"href":"https:\/\/stage.poppersparadise.eu\/es\/wp-json\/wp\/v2\/product_cat?post=12963"},{"taxonomy":"product_tag","embeddable":true,"href":"https:\/\/stage.poppersparadise.eu\/es\/wp-json\/wp\/v2\/product_tag?post=12963"}],"curies":[{"name":"wp","href":"https:\/\/api.w.org\/{rel}","templated":true}]}}