{"id":12970,"date":"2024-11-25T12:28:54","date_gmt":"2024-11-25T11:28:54","guid":{"rendered":"https:\/\/stage.poppersparadise.eu\/?post_type=product&#038;p=12970"},"modified":"2025-09-24T21:50:53","modified_gmt":"2025-09-24T19:50:53","slug":"rush-butanol-poppers-10ml","status":"publish","type":"product","link":"https:\/\/stage.poppersparadise.eu\/es\/producto\/rush-butanol-poppers-10ml\/","title":{"rendered":"Rush Butanol 10ml"},"content":{"rendered":"<h2 class=\"wp-block-heading\">Descubra nuevos horizontes con Rush Butanol Poppers 10ml<\/h2>\n\n\n\n<p>\u00bfListo para un nuevo reto? Conozca Rush Butanol Poppers 10ml, la \u00faltima innovaci\u00f3n de 2024. Este producto innovador destaca por su formulaci\u00f3n \u00fanica con una mayor cantidad de butanol, que proporciona una experiencia de fragancia distintiva que no encontrar\u00e1 en ning\u00fan otro lugar.<\/p>\n\n\n\n<h3 class=\"wp-block-heading\">\u00bfPor qu\u00e9 elegir Rush Butanol Poppers?<\/h3>\n\n\n\n<ul class=\"wp-block-list\">\n<li><strong>Novedad<\/strong>: Lanzado en 2024, marca nuevas tendencias en el mercado.<\/li>\n\n\n\n<li><strong>F\u00f3rmula \u00fanica<\/strong>Mezcla especial de butanol y nitrito de pentilo para una difusi\u00f3n \u00fanica de la fragancia.<\/li>\n\n\n\n<li><strong>Efectos variados<\/strong>: De la relajaci\u00f3n a una experiencia de estado de \u00e1nimo elevado.<\/li>\n\n\n\n<li><strong>Experiencia a largo plazo<\/strong>: Gracias a la liberaci\u00f3n lenta del butanol, ofrece una dispersi\u00f3n duradera y suave de la fragancia.<\/li>\n\n\n\n<li><strong>Versatilidad<\/strong>: Adecuado tanto para principiantes como para aficionados experimentados.<\/li>\n<\/ul>\n\n\n\n<h3 class=\"wp-block-heading\">\u00bfQu\u00e9 hace especial al butanol Rush?<\/h3>\n\n\n\n<p>Rush Butanol ofrece una experiencia \u00fanica que es diferente de otras variantes Rush. Es m\u00e1s fuerte que Rush Classic, pero m\u00e1s suave que Super Rush Black Label y Gold Rush. Este equilibrio lo convierte en una opci\u00f3n interesante para los que buscan algo nuevo.<\/p>\n\n\n\n<h3 class=\"wp-block-heading\">Especificaciones del producto<\/h3>\n\n\n\n<ul class=\"wp-block-list\">\n<li><strong>Contenido<\/strong>: 10ml<\/li>\n\n\n\n<li><strong>F\u00f3rmula<\/strong>: Mezcla de butanol y nitrito de pentilo<\/li>\n\n\n\n<li><strong>Objetivo<\/strong>Adecuado tanto para principiantes como para expertos<\/li>\n<\/ul>\n\n\n\n<h3 class=\"wp-block-heading\">Importante saber<\/h3>\n\n\n\n<p>Este producto est\u00e1 destinado a ser utilizado \u00fanicamente como difusor de fragancias o disolvente de limpieza. No es apto para el consumo humano ni para inhalaci\u00f3n. Guarde el producto en un lugar fresco y oscuro y cierre bien el frasco despu\u00e9s de usarlo.<\/p>\n\n\n\n<h3 class=\"wp-block-heading\">Advertencias<\/h3>\n\n\n\n<ul class=\"wp-block-list\">\n<li>L\u00edquido y vapores f\u00e1cilmente inflamables (H225).<\/li>\n\n\n\n<li>Provoca irritaci\u00f3n cut\u00e1nea y ocular (H315\/H319).<\/li>\n\n\n\n<li>T\u00f3xico por inhalaci\u00f3n (H331).<\/li>\n\n\n\n<li>No hay medicina.<\/li>\n\n\n\n<li>Utilizar s\u00f3lo seg\u00fan las indicaciones.<\/li>\n<\/ul>\n\n\n\n<h3 class=\"wp-block-heading\">Almacenamiento<\/h3>\n\n\n\n<p>Conservar en lugar fresco y seco. Mantener fuera del alcance de los ni\u00f1os.<\/p>\n\n\n\n<h3 class=\"wp-block-heading\">Pa\u00eds de origen<\/h3>\n\n\n\n<p>Francia<\/p>","protected":false},"excerpt":{"rendered":"<p><strong><br \/>ACCESORIOS COMPATIBLES:<\/strong><\/p>\n<ul>\n<li><a href=\"https:\/\/stage.poppersparadise.eu\/es\/categoria-de-productos\/accesorios\/olfateadores-pequenos\/\">Olfateadores Peque\u00f1os<\/a><\/li>\n<li><a href=\"https:\/\/stage.poppersparadise.eu\/es\/producto\/xtrm-poppers-houder-zwart-small\/\">XTRM Poppers Soporte Peque\u00f1o<\/a><\/li>\n<li><a href=\"https:\/\/stage.poppersparadise.eu\/es\/producto\/xtrm-poppers-keeper-pequeno-10ml\/\">XTRM Poppers Guardi\u00e1n peque\u00f1o<\/a><\/li>\n<\/ul>","protected":false},"featured_media":12971,"comment_status":"open","ping_status":"closed","template":"","meta":[],"product_brand":[751],"product_cat":[34],"product_tag":[],"class_list":{"0":"post-12970","1":"product","2":"type-product","3":"status-publish","4":"has-post-thumbnail","6":"product_brand-rush","7":"product_cat-kleine-flesjes-poppers","9":"first","10":"instock","11":"taxable","12":"shipping-taxable","13":"purchasable","14":"product-type-simple"},"_links":{"self":[{"href":"https:\/\/stage.poppersparadise.eu\/es\/wp-json\/wp\/v2\/product\/12970","targetHints":{"allow":["GET"]}}],"collection":[{"href":"https:\/\/stage.poppersparadise.eu\/es\/wp-json\/wp\/v2\/product"}],"about":[{"href":"https:\/\/stage.poppersparadise.eu\/es\/wp-json\/wp\/v2\/types\/product"}],"replies":[{"embeddable":true,"href":"https:\/\/stage.poppersparadise.eu\/es\/wp-json\/wp\/v2\/comments?post=12970"}],"wp:featuredmedia":[{"embeddable":true,"href":"https:\/\/stage.poppersparadise.eu\/es\/wp-json\/wp\/v2\/media\/12971"}],"wp:attachment":[{"href":"https:\/\/stage.poppersparadise.eu\/es\/wp-json\/wp\/v2\/media?parent=12970"}],"wp:term":[{"taxonomy":"product_brand","embeddable":true,"href":"https:\/\/stage.poppersparadise.eu\/es\/wp-json\/wp\/v2\/product_brand?post=12970"},{"taxonomy":"product_cat","embeddable":true,"href":"https:\/\/stage.poppersparadise.eu\/es\/wp-json\/wp\/v2\/product_cat?post=12970"},{"taxonomy":"product_tag","embeddable":true,"href":"https:\/\/stage.poppersparadise.eu\/es\/wp-json\/wp\/v2\/product_tag?post=12970"}],"curies":[{"name":"wp","href":"https:\/\/api.w.org\/{rel}","templated":true}]}}