{"id":13723,"date":"2025-02-05T12:52:15","date_gmt":"2025-02-05T11:52:15","guid":{"rendered":"https:\/\/stage.poppersparadise.eu\/?post_type=product&#038;p=13723"},"modified":"2025-09-23T20:50:06","modified_gmt":"2025-09-23T18:50:06","slug":"rush-amyl-poppers","status":"publish","type":"product","link":"https:\/\/stage.poppersparadise.eu\/es\/producto\/rush-amyl-poppers\/","title":{"rendered":"Rush Amyl 24ml"},"content":{"rendered":"<h2 class=\"wp-block-heading\">Experimente la emoci\u00f3n con Rush Amyl poppers 24ml<\/h2>\n\n\n\n<p>\u00danase a una comunidad global de amantes del popper con Rush Amyl 24ml. Lanzado en febrero de 2025, este \u00faltimo popper de PWD ofrece una experiencia de fragancia potente y \u00fanica perfecta para mejorar tus momentos \u00edntimos.<\/p>\n\n\n\n<h3 class=\"wp-block-heading\">Libere el poder de la formulaci\u00f3n avanzada<\/h3>\n\n\n\n<ul class=\"wp-block-list\">\n<li><strong>Experiencia \u00fanica<\/strong>Rush Amyl 24ml: Especialmente dise\u00f1ado para los amantes de los poppers, Rush Amyl 24ml ofrece una difusi\u00f3n de aromas excepcional e inolvidable.<\/li>\n\n\n\n<li><strong>Mayor disfrute<\/strong>: Consigue momentos m\u00e1s intensos e \u00edntimos con esta versi\u00f3n mejorada.<\/li>\n<\/ul>\n\n\n\n<h3 class=\"wp-block-heading\">Dise\u00f1o innovador y sostenible<\/h3>\n\n\n\n<ul class=\"wp-block-list\">\n<li><strong>Botella de vidrio resistente<\/strong>: Garantiza una frescura duradera y ofrece un dise\u00f1o resistente que se adapta a su estilo de vida.<\/li>\n\n\n\n<li><strong>Tap\u00f3n de seguridad<\/strong>: Evita derrames y garantiza la facilidad de uso en diversas situaciones.<\/li>\n<\/ul>\n\n\n\n<h3 class=\"wp-block-heading\">Importante saber<\/h3>\n\n\n\n<p>Este producto est\u00e1 destinado a ser utilizado \u00fanicamente como difusor de fragancias o disolvente de limpieza. No es apto para el consumo humano ni para inhalaci\u00f3n. Guarde el producto en un lugar fresco y oscuro y cierre bien el frasco despu\u00e9s de usarlo.<\/p>\n\n\n\n<h3 class=\"wp-block-heading\">Advertencias<\/h3>\n\n\n\n<ul class=\"wp-block-list\">\n<li>L\u00edquido y vapores f\u00e1cilmente inflamables (H225).<\/li>\n\n\n\n<li>Provoca irritaci\u00f3n cut\u00e1nea y ocular (H315\/H319).<\/li>\n\n\n\n<li>T\u00f3xico por inhalaci\u00f3n (H331).<\/li>\n\n\n\n<li>No hay medicina.<\/li>\n\n\n\n<li>Utilizar s\u00f3lo seg\u00fan las indicaciones.<\/li>\n<\/ul>\n\n\n\n<h3 class=\"wp-block-heading\">Almacenamiento<\/h3>\n\n\n\n<p>Conservar en lugar fresco y seco. Mantener fuera del alcance de los ni\u00f1os.<\/p>\n\n\n\n<h3 class=\"wp-block-heading\">Pa\u00eds de origen<\/h3>\n\n\n\n<p>Francia<\/p>","protected":false},"excerpt":{"rendered":"<p><strong><br \/>ACCESORIOS COMPATIBLES:<\/strong><\/p>\n<ul>\n<li><a href=\"https:\/\/stage.poppersparadise.eu\/es\/categoria-de-productos\/accesorios\/olfateadores-grandes\/\">Olfateadores Grandes<\/a><\/li>\n<li><a href=\"https:\/\/stage.poppersparadise.eu\/es\/producto\/xtrm-poppers-holder-grande-2\/\">XTRM Poppers Soporte grande<\/a><\/li>\n<li><a href=\"https:\/\/stage.poppersparadise.eu\/es\/producto\/xtrm-poppers-keeper-grande-24ml-2\/\">XTRM Poppers Guardi\u00e1n grande<\/a><\/li>\n<\/ul>","protected":false},"featured_media":13724,"comment_status":"open","ping_status":"closed","template":"","meta":[],"product_brand":[751],"product_cat":[35],"product_tag":[],"class_list":{"0":"post-13723","1":"product","2":"type-product","3":"status-publish","4":"has-post-thumbnail","6":"product_brand-rush","7":"product_cat-grote-flesjes-poppers","9":"first","10":"instock","11":"taxable","12":"shipping-taxable","13":"purchasable","14":"product-type-simple"},"_links":{"self":[{"href":"https:\/\/stage.poppersparadise.eu\/es\/wp-json\/wp\/v2\/product\/13723","targetHints":{"allow":["GET"]}}],"collection":[{"href":"https:\/\/stage.poppersparadise.eu\/es\/wp-json\/wp\/v2\/product"}],"about":[{"href":"https:\/\/stage.poppersparadise.eu\/es\/wp-json\/wp\/v2\/types\/product"}],"replies":[{"embeddable":true,"href":"https:\/\/stage.poppersparadise.eu\/es\/wp-json\/wp\/v2\/comments?post=13723"}],"wp:featuredmedia":[{"embeddable":true,"href":"https:\/\/stage.poppersparadise.eu\/es\/wp-json\/wp\/v2\/media\/13724"}],"wp:attachment":[{"href":"https:\/\/stage.poppersparadise.eu\/es\/wp-json\/wp\/v2\/media?parent=13723"}],"wp:term":[{"taxonomy":"product_brand","embeddable":true,"href":"https:\/\/stage.poppersparadise.eu\/es\/wp-json\/wp\/v2\/product_brand?post=13723"},{"taxonomy":"product_cat","embeddable":true,"href":"https:\/\/stage.poppersparadise.eu\/es\/wp-json\/wp\/v2\/product_cat?post=13723"},{"taxonomy":"product_tag","embeddable":true,"href":"https:\/\/stage.poppersparadise.eu\/es\/wp-json\/wp\/v2\/product_tag?post=13723"}],"curies":[{"name":"wp","href":"https:\/\/api.w.org\/{rel}","templated":true}]}}