{"id":14776,"date":"2025-02-28T15:49:54","date_gmt":"2025-02-28T14:49:54","guid":{"rendered":"https:\/\/stage.poppersparadise.eu\/?post_type=product&#038;p=14776"},"modified":"2025-08-16T12:14:18","modified_gmt":"2025-08-16T10:14:18","slug":"triple-subida-poppers-3x25ml","status":"publish","type":"product","link":"https:\/\/stage.poppersparadise.eu\/es\/producto\/triple-subida-poppers-3x25ml\/","title":{"rendered":"Triple Rise Up 25ml + Gratis XTRM SNFFR"},"content":{"rendered":"<h2 class=\"wp-block-heading\">Descubra nuestro Triple Rise Up Poppers 25ml + Gratis XTRM SNFFR<\/h2>\n\n\n\n<p>\u00bfNo est\u00e1 seguro de cu\u00e1l es el Rise Up que m\u00e1s le conviene? Esta es su oportunidad de probarlos todos. Con este exclusivo set, recibir\u00e1 tres frascos de 25 ml, as\u00ed como un XTRM SNFFR gratis valorado en 9,95 euros. Perfecto para los amantes que quieren descubrir m\u00e1s y disfrutar de una intensa experiencia olfativa.<\/p>\n\n\n\n<h3 class=\"wp-block-heading\">\u00bfPor qu\u00e9 elegir nuestros poppers?<\/h3>\n\n\n\n<ul class=\"wp-block-list\">\n<li><strong>Regalo<\/strong>Obtenga un SNFFR XTRM valorado en 9,95 euros con su pedido.<\/li>\n\n\n\n<li><strong>F\u00f3rmulas extra puras<\/strong>Para una experiencia olfativa intensa y \u00fanica.<\/li>\n\n\n\n<li><strong>Potentes ingredientes<\/strong>: A base de amilo y pentilo para diversos efectos.<\/li>\n\n\n\n<li><strong>Descuento para el personal<\/strong>: Ahorra m\u00e1s al comprar varios juegos.<\/li>\n\n\n\n<li><strong>Contenido generoso<\/strong>3 viales de vidrio de 25 ml.<\/li>\n<\/ul>\n\n\n\n<h3 class=\"wp-block-heading\">\u00bfC\u00f3mo funciona?<\/h3>\n\n\n\n<p>S\u00f3lo tiene que elegir su set Triple Rise Up Poppers 25ml y a\u00f1adirlo a su cesta. Perfecto para compartir o disfrutar solo en momentos especiales.<\/p>\n\n\n\n<h3 class=\"wp-block-heading\">Importante saber<\/h3>\n\n\n\n<p>Utilice estos productos \u00fanicamente como difusores de fragancias o disolventes de limpieza. No son aptos para el consumo humano y no deben inhalarse. Guarde los frascos en un lugar fresco y oscuro y ci\u00e9rrelos herm\u00e9ticamente despu\u00e9s de usarlos.<\/p>\n\n\n\n<h3 class=\"wp-block-heading\">Advertencias<\/h3>\n\n\n\n<ul class=\"wp-block-list\">\n<li>L\u00edquido y vapores f\u00e1cilmente inflamables (H225).<\/li>\n\n\n\n<li>Provoca irritaci\u00f3n cut\u00e1nea y ocular (H315\/H319).<\/li>\n\n\n\n<li>T\u00f3xico por inhalaci\u00f3n (H331).<\/li>\n\n\n\n<li>Utilizar s\u00f3lo seg\u00fan las indicaciones.<\/li>\n<\/ul>\n\n\n\n<h3 class=\"wp-block-heading\">Almacenamiento<\/h3>\n\n\n\n<p>Conservar en lugar fresco y seco. Mantener fuera del alcance de los ni\u00f1os.<\/p>\n\n\n\n<h3 class=\"wp-block-heading\">Pa\u00eds de origen<\/h3>\n\n\n\n<p>UE.<\/p>\n\n\n\n<p><\/p>","protected":false},"excerpt":{"rendered":"<p>Aproveche ahora esta promoci\u00f3n temporal<\/p>","protected":false},"featured_media":14778,"comment_status":"open","ping_status":"closed","template":"","meta":[],"product_brand":[750],"product_cat":[33],"product_tag":[],"class_list":{"0":"post-14776","1":"product","2":"type-product","3":"status-publish","4":"has-post-thumbnail","6":"product_brand-rise-up","7":"product_cat-party-packs","9":"first","10":"instock","11":"sale","12":"taxable","13":"shipping-taxable","14":"purchasable","15":"product-type-simple"},"_links":{"self":[{"href":"https:\/\/stage.poppersparadise.eu\/es\/wp-json\/wp\/v2\/product\/14776","targetHints":{"allow":["GET"]}}],"collection":[{"href":"https:\/\/stage.poppersparadise.eu\/es\/wp-json\/wp\/v2\/product"}],"about":[{"href":"https:\/\/stage.poppersparadise.eu\/es\/wp-json\/wp\/v2\/types\/product"}],"replies":[{"embeddable":true,"href":"https:\/\/stage.poppersparadise.eu\/es\/wp-json\/wp\/v2\/comments?post=14776"}],"wp:featuredmedia":[{"embeddable":true,"href":"https:\/\/stage.poppersparadise.eu\/es\/wp-json\/wp\/v2\/media\/14778"}],"wp:attachment":[{"href":"https:\/\/stage.poppersparadise.eu\/es\/wp-json\/wp\/v2\/media?parent=14776"}],"wp:term":[{"taxonomy":"product_brand","embeddable":true,"href":"https:\/\/stage.poppersparadise.eu\/es\/wp-json\/wp\/v2\/product_brand?post=14776"},{"taxonomy":"product_cat","embeddable":true,"href":"https:\/\/stage.poppersparadise.eu\/es\/wp-json\/wp\/v2\/product_cat?post=14776"},{"taxonomy":"product_tag","embeddable":true,"href":"https:\/\/stage.poppersparadise.eu\/es\/wp-json\/wp\/v2\/product_tag?post=14776"}],"curies":[{"name":"wp","href":"https:\/\/api.w.org\/{rel}","templated":true}]}}