{"id":15507,"date":"2025-03-26T09:49:44","date_gmt":"2025-03-26T08:49:44","guid":{"rendered":"https:\/\/stage.poppersparadise.eu\/product\/black-label-poeder-glijmiddel-op-waterbasis-275-gr\/"},"modified":"2025-08-15T11:41:14","modified_gmt":"2025-08-15T09:41:14","slug":"fist-it-black-label-lubricante-en-polvo-base-agua-275-gr","status":"publish","type":"product","link":"https:\/\/stage.poppersparadise.eu\/es\/producto\/fist-it-black-label-lubricante-en-polvo-base-agua-275-gr\/","title":{"rendered":"Fist-It Etiqueta Negra Lubricante en polvo base agua - 275 gr"},"content":{"rendered":"<h2 class=\"font-bold text-h3 leading-[40px] pt-[21px] pb-[2px] [&amp;_a]:underline-offset-[6px] [&amp;_.underline]:underline-offset-[6px]\" dir=\"ltr\">Fist Lubricante en polvo It Black Label - 275 gr<\/h2>\n<p class=\"text-body font-regular leading-[24px] pt-[9px] pb-[2px]\" dir=\"ltr\">Conoce tu nuevo favorito para disfrutar del m\u00e1ximo placer y confort. El lubricante en polvo a base de agua Fist-It Black Label - 275 gr ofrece una experiencia totalmente personalizada. S\u00f3lo tienes que a\u00f1adir agua para crear un lubricante suave y sedoso que se adapta perfectamente a tus necesidades. Ideal para disfrutar en solitario o en pareja.<\/p>\n<h3 class=\"font-bold text-h4 leading-[30px] pt-[15px] pb-[2px] [&amp;_a]:underline-offset-[6px] [&amp;_.underline]:underline-offset-[6px]\" dir=\"ltr\">Caracter\u00edsticas principales<\/h3>\n<ul class=\"pt-[9px] pb-[2px] pl-[24px] list-inside list-disc pt-[5px]\">\n<li class=\"text-body font-regular leading-[24px] my-[5px] [&amp;&gt;ol]:!pt-0 [&amp;&gt;ol]:!pb-0 [&amp;&gt;ul]:!pt-0 [&amp;&gt;ul]:!pb-0\" value=\"1\"><b><strong class=\"font-bold\">Lubricante automezclante<\/strong><\/b>: Combine el polvo con agua para obtener una textura suave que usted controla.<\/li>\n<li class=\"text-body font-regular leading-[24px] my-[5px] [&amp;&gt;ol]:!pt-0 [&amp;&gt;ol]:!pb-0 [&amp;&gt;ul]:!pt-0 [&amp;&gt;ul]:!pb-0\" value=\"2\"><b><strong class=\"font-bold\">Ins\u00edpido e inodoro<\/strong><\/b>: Sin distracciones para que la pasi\u00f3n sea el centro.<\/li>\n<li class=\"text-body font-regular leading-[24px] my-[5px] [&amp;&gt;ol]:!pt-0 [&amp;&gt;ol]:!pb-0 [&amp;&gt;ul]:!pt-0 [&amp;&gt;ul]:!pb-0\" value=\"3\"><b><strong class=\"font-bold\">Vers\u00e1til y c\u00f3modo<\/strong><\/b>: Adecuado para diversos juegos y momentos \u00edntimos.<\/li>\n<li class=\"text-body font-regular leading-[24px] my-[5px] [&amp;&gt;ol]:!pt-0 [&amp;&gt;ol]:!pb-0 [&amp;&gt;ul]:!pt-0 [&amp;&gt;ul]:!pb-0\" value=\"4\"><b><strong class=\"font-bold\">F\u00e1cil de aclarar<\/strong><\/b>Facilita y agiliza la limpieza.<\/li>\n<li class=\"text-body font-regular leading-[24px] my-[5px] [&amp;&gt;ol]:!pt-0 [&amp;&gt;ol]:!pb-0 [&amp;&gt;ul]:!pt-0 [&amp;&gt;ul]:!pb-0\" value=\"5\"><b><strong class=\"font-bold\">Perfecto para viajar<\/strong><\/b>C\u00f3modo de llevar y mezclar donde quiera que est\u00e9.<\/li>\n<li class=\"text-body font-regular leading-[24px] my-[5px] [&amp;&gt;ol]:!pt-0 [&amp;&gt;ol]:!pb-0 [&amp;&gt;ul]:!pt-0 [&amp;&gt;ul]:!pb-0\" value=\"6\"><b><strong class=\"font-bold\">Ingredientes<\/strong><\/b>POLIACRILATO DE SODIO<\/li>\n<\/ul>\n<p class=\"text-body font-regular leading-[24px] pt-[9px] pb-[2px]\" dir=\"ltr\">Deje fluir su creatividad y disfrute de una textura personalizada que har\u00e1 que cada momento \u00edntimo sea inolvidable. El <b><strong class=\"font-bold\">Fist Lubricante en polvo It Black Label<\/strong><\/b> est\u00e1 ah\u00ed para apoyarte juegues como juegues.<\/p>","protected":false},"excerpt":{"rendered":"<p>Fist Hace que tus sesiones de fisting o fist-fucking sean m\u00e1s f\u00e1ciles, mejores y m\u00e1s intensas. Nuestra colecci\u00f3n ofrece varios lubricantes, incluidos relajantes anales, extragruesos, naturales y anest\u00e9sicos. Cada lubricante est\u00e1 dise\u00f1ado para mejorar tu experiencia y aumentar tu placer.<\/p>","protected":false},"featured_media":15506,"comment_status":"open","ping_status":"closed","template":"","meta":[],"product_brand":[],"product_cat":[479,671],"product_tag":[],"class_list":{"0":"post-15507","1":"product","2":"type-product","3":"status-publish","4":"has-post-thumbnail","6":"product_cat-drogist","7":"product_cat-glijmiddelen","9":"first","10":"instock","11":"taxable","12":"shipping-taxable","13":"purchasable","14":"product-type-simple"},"_links":{"self":[{"href":"https:\/\/stage.poppersparadise.eu\/es\/wp-json\/wp\/v2\/product\/15507","targetHints":{"allow":["GET"]}}],"collection":[{"href":"https:\/\/stage.poppersparadise.eu\/es\/wp-json\/wp\/v2\/product"}],"about":[{"href":"https:\/\/stage.poppersparadise.eu\/es\/wp-json\/wp\/v2\/types\/product"}],"replies":[{"embeddable":true,"href":"https:\/\/stage.poppersparadise.eu\/es\/wp-json\/wp\/v2\/comments?post=15507"}],"wp:featuredmedia":[{"embeddable":true,"href":"https:\/\/stage.poppersparadise.eu\/es\/wp-json\/wp\/v2\/media\/15506"}],"wp:attachment":[{"href":"https:\/\/stage.poppersparadise.eu\/es\/wp-json\/wp\/v2\/media?parent=15507"}],"wp:term":[{"taxonomy":"product_brand","embeddable":true,"href":"https:\/\/stage.poppersparadise.eu\/es\/wp-json\/wp\/v2\/product_brand?post=15507"},{"taxonomy":"product_cat","embeddable":true,"href":"https:\/\/stage.poppersparadise.eu\/es\/wp-json\/wp\/v2\/product_cat?post=15507"},{"taxonomy":"product_tag","embeddable":true,"href":"https:\/\/stage.poppersparadise.eu\/es\/wp-json\/wp\/v2\/product_tag?post=15507"}],"curies":[{"name":"wp","href":"https:\/\/api.w.org\/{rel}","templated":true}]}}