{"id":15522,"date":"2025-03-26T09:50:32","date_gmt":"2025-03-26T08:50:32","guid":{"rendered":"https:\/\/stage.poppersparadise.eu\/product\/black-label-verdovend-glijmiddel-op-waterbasis-500-ml\/"},"modified":"2025-08-26T10:15:43","modified_gmt":"2025-08-26T08:15:43","slug":"fist-it-black-label-lubricante-narcotico-a-base-de-agua-500-ml","status":"publish","type":"product","link":"https:\/\/stage.poppersparadise.eu\/es\/producto\/fist-it-black-label-lubricante-narcotico-a-base-de-agua-500-ml\/","title":{"rendered":"Fist-It Black Label Lubricante narc\u00f3tico a base de agua - 500 ml"},"content":{"rendered":"<h2 class=\"font-bold text-h3 leading-[40px] pt-[21px] pb-[2px] [&amp;_a]:underline-offset-[6px] [&amp;_.underline]:underline-offset-[6px]\" dir=\"ltr\">Fist Lubricante Adormecedor It Black Label - 500 ml<\/h2>\n<p class=\"text-body font-regular leading-[24px] pt-[9px] pb-[2px]\" dir=\"ltr\">Supera tus l\u00edmites con el <b><strong class=\"font-bold\">Fist Lubricante Adormecedor It Black Label - 500 ml<\/strong><\/b>. Este lubricante de alta calidad est\u00e1 especialmente formulado para llevar sus aventuras \u00edntimas a nuevas cotas. Su exclusiva f\u00f3rmula a base de agua tiene un tacto maravillosamente cremoso y ofrece tanto comodidad como placer intenso. Perfecto para cualquiera que busque una experiencia segura y lujosa.<\/p>\n<h3 class=\"font-bold text-h4 leading-[30px] pt-[15px] pb-[2px] [&amp;_a]:underline-offset-[6px] [&amp;_.underline]:underline-offset-[6px]\" dir=\"ltr\">Especificaciones:<\/h3>\n<ul class=\"pt-[9px] pb-[2px] pl-[24px] list-inside list-disc pt-[5px]\">\n<li class=\"text-body font-regular leading-[24px] my-[5px] [&amp;&gt;ol]:!pt-0 [&amp;&gt;ol]:!pb-0 [&amp;&gt;ul]:!pt-0 [&amp;&gt;ul]:!pb-0\" value=\"1\"><b><strong class=\"font-bold\">A base de agua:<\/strong><\/b> Seguro de usar y f\u00e1cil de lavar.<\/li>\n<li class=\"text-body font-regular leading-[24px] my-[5px] [&amp;&gt;ol]:!pt-0 [&amp;&gt;ol]:!pb-0 [&amp;&gt;ul]:!pt-0 [&amp;&gt;ul]:!pb-0\" value=\"2\"><b><strong class=\"font-bold\">Adecuado para hombres y mujeres:<\/strong><\/b> Perfecto para uso individual o en pareja.<\/li>\n<li class=\"text-body font-regular leading-[24px] my-[5px] [&amp;&gt;ol]:!pt-0 [&amp;&gt;ol]:!pb-0 [&amp;&gt;ul]:!pt-0 [&amp;&gt;ul]:!pb-0\" value=\"3\"><b><strong class=\"font-bold\">Compatible con preservativos de l\u00e1tex:<\/strong><\/b> Seguro para su uso con preservativos.<\/li>\n<li class=\"text-body font-regular leading-[24px] my-[5px] [&amp;&gt;ol]:!pt-0 [&amp;&gt;ol]:!pb-0 [&amp;&gt;ul]:!pt-0 [&amp;&gt;ul]:!pb-0\" value=\"4\"><b><strong class=\"font-bold\">Envase de 500 ml:<\/strong><\/b> Gran tama\u00f1o para una diversi\u00f3n duradera.<\/li>\n<li class=\"text-body font-regular leading-[24px] my-[5px] [&amp;&gt;ol]:!pt-0 [&amp;&gt;ol]:!pb-0 [&amp;&gt;ul]:!pt-0 [&amp;&gt;ul]:!pb-0\" value=\"5\"><b><strong class=\"font-bold\">Sensaci\u00f3n natural:<\/strong><\/b> Imita la textura completa y suave del semen para una sensaci\u00f3n realista.<\/li>\n<li class=\"text-body font-regular leading-[24px] my-[5px] [&amp;&gt;ol]:!pt-0 [&amp;&gt;ol]:!pb-0 [&amp;&gt;ul]:!pt-0 [&amp;&gt;ul]:!pb-0\" value=\"6\"><b><strong class=\"font-bold\">Consistencia cremosa:<\/strong><\/b> Garantiza un deslizamiento sin esfuerzo y el m\u00e1ximo confort.<\/li>\n<\/ul>\n<h3 class=\"font-bold text-h4 leading-[30px] pt-[15px] pb-[2px] [&amp;_a]:underline-offset-[6px] [&amp;_.underline]:underline-offset-[6px]\" dir=\"ltr\">Ingredientes:<\/h3>\n<p class=\"text-body font-regular leading-[24px] pt-[9px] pb-[2px]\" dir=\"ltr\">Agua, glicerina, copol\u00edmero de estireno\/acrilatos, fenoxietanol, propilenglicol, acrilatos\/acrilato de alquilo 10-30, goma xantana, mentol, hidr\u00f3xido de sodio, etilhexilglicerina.<\/p>\n<p class=\"text-body font-regular leading-[24px] pt-[9px] pb-[2px]\" dir=\"ltr\">Con el <b><strong class=\"font-bold\">Fist Lubricante Adormecedor It Black Label<\/strong><\/b> le garantiza una experiencia estimulante y decadente, totalmente segura y formulada por profesionales. Perfecto para una noche de exploraci\u00f3n l\u00fadica y sensual.<\/p>","protected":false},"excerpt":{"rendered":"<p>Fist Hace que tus sesiones de fisting o fist-fucking sean m\u00e1s f\u00e1ciles, mejores y m\u00e1s intensas. Nuestra colecci\u00f3n ofrece varios lubricantes, incluidos relajantes anales, extragruesos, naturales y anest\u00e9sicos. Cada lubricante est\u00e1 dise\u00f1ado para mejorar tu experiencia y aumentar tu placer.<\/p>","protected":false},"featured_media":16636,"comment_status":"open","ping_status":"closed","template":"","meta":[],"product_brand":[],"product_cat":[479,671],"product_tag":[],"class_list":{"0":"post-15522","1":"product","2":"type-product","3":"status-publish","4":"has-post-thumbnail","6":"product_cat-drogist","7":"product_cat-glijmiddelen","9":"first","10":"instock","11":"taxable","12":"shipping-taxable","13":"purchasable","14":"product-type-simple"},"_links":{"self":[{"href":"https:\/\/stage.poppersparadise.eu\/es\/wp-json\/wp\/v2\/product\/15522","targetHints":{"allow":["GET"]}}],"collection":[{"href":"https:\/\/stage.poppersparadise.eu\/es\/wp-json\/wp\/v2\/product"}],"about":[{"href":"https:\/\/stage.poppersparadise.eu\/es\/wp-json\/wp\/v2\/types\/product"}],"replies":[{"embeddable":true,"href":"https:\/\/stage.poppersparadise.eu\/es\/wp-json\/wp\/v2\/comments?post=15522"}],"wp:featuredmedia":[{"embeddable":true,"href":"https:\/\/stage.poppersparadise.eu\/es\/wp-json\/wp\/v2\/media\/16636"}],"wp:attachment":[{"href":"https:\/\/stage.poppersparadise.eu\/es\/wp-json\/wp\/v2\/media?parent=15522"}],"wp:term":[{"taxonomy":"product_brand","embeddable":true,"href":"https:\/\/stage.poppersparadise.eu\/es\/wp-json\/wp\/v2\/product_brand?post=15522"},{"taxonomy":"product_cat","embeddable":true,"href":"https:\/\/stage.poppersparadise.eu\/es\/wp-json\/wp\/v2\/product_cat?post=15522"},{"taxonomy":"product_tag","embeddable":true,"href":"https:\/\/stage.poppersparadise.eu\/es\/wp-json\/wp\/v2\/product_tag?post=15522"}],"curies":[{"name":"wp","href":"https:\/\/api.w.org\/{rel}","templated":true}]}}