{"id":15559,"date":"2025-03-26T09:52:16","date_gmt":"2025-03-26T08:52:16","guid":{"rendered":"https:\/\/stage.poppersparadise.eu\/product\/extra-dik-glijmiddel-500-ml\/"},"modified":"2025-08-29T14:19:17","modified_gmt":"2025-08-29T12:19:17","slug":"fist-it-lubricante-extra-espeso-500-ml","status":"publish","type":"product","link":"https:\/\/stage.poppersparadise.eu\/es\/producto\/fist-it-lubricante-extra-espeso-500-ml\/","title":{"rendered":"Fist-It Lubricante Extra Grueso - 500 ml"},"content":{"rendered":"<h2 class=\"font-bold text-h3 leading-[40px] pt-[21px] pb-[2px] [&amp;_a]:underline-offset-[6px] [&amp;_.underline]:underline-offset-[6px]\" dir=\"ltr\">Fist-It Lubricante Extra Grueso - 500 ml<\/h2>\n<p class=\"text-body font-regular leading-[24px] pt-[9px] pb-[2px]\" dir=\"ltr\">Fist-It Lubricante Extra Grueso est\u00e1 especialmente dise\u00f1ado para los entusiastas del fisting y proporciona un confort \u00f3ptimo durante las sesiones intensas. Este lubricante a base de agua es f\u00e1cil de aplicar incluso en los momentos m\u00e1s dif\u00edciles. Con una generosa capacidad de 300 ml, 500 ml o 1.000 ml, es ideal tanto para usuarios ocasionales como frecuentes. El producto est\u00e1 dermatol\u00f3gicamente probado, no contiene grasa y es totalmente seguro con preservativos de l\u00e1tex y todo tipo de sextoys. Adem\u00e1s, es inodoro, incoloro e ins\u00edpido, por lo que su uso es discreto y vers\u00e1til.<\/p>\n<h3 class=\"font-bold text-h4 leading-[30px] pt-[15px] pb-[2px] [&amp;_a]:underline-offset-[6px] [&amp;_.underline]:underline-offset-[6px]\" dir=\"ltr\">especificaciones:<\/h3>\n<ul class=\"pt-[9px] pb-[2px] pl-[24px] list-inside list-disc pt-[5px]\">\n<li class=\"text-body font-regular leading-[24px] my-[5px] [&amp;&gt;ol]:!pt-0 [&amp;&gt;ol]:!pb-0 [&amp;&gt;ul]:!pt-0 [&amp;&gt;ul]:!pb-0\" value=\"1\">Cantidades disponibles: 300 ml, 500 ml, 1000 ml<\/li>\n<li class=\"text-body font-regular leading-[24px] my-[5px] [&amp;&gt;ol]:!pt-0 [&amp;&gt;ol]:!pb-0 [&amp;&gt;ul]:!pt-0 [&amp;&gt;ul]:!pb-0\" value=\"2\">A base de agua para facilitar su uso<\/li>\n<li class=\"text-body font-regular leading-[24px] my-[5px] [&amp;&gt;ol]:!pt-0 [&amp;&gt;ol]:!pb-0 [&amp;&gt;ul]:!pt-0 [&amp;&gt;ul]:!pb-0\" value=\"3\">Seguro con preservativos de l\u00e1tex y sextoys<\/li>\n<li class=\"text-body font-regular leading-[24px] my-[5px] [&amp;&gt;ol]:!pt-0 [&amp;&gt;ol]:!pb-0 [&amp;&gt;ul]:!pt-0 [&amp;&gt;ul]:!pb-0\" value=\"4\">Dermatol\u00f3gicamente probado y sin grasa<\/li>\n<li class=\"text-body font-regular leading-[24px] my-[5px] [&amp;&gt;ol]:!pt-0 [&amp;&gt;ol]:!pb-0 [&amp;&gt;ul]:!pt-0 [&amp;&gt;ul]:!pb-0\" value=\"5\">Inodoro, incoloro e ins\u00edpido<\/li>\n<li class=\"text-body font-regular leading-[24px] my-[5px] [&amp;&gt;ol]:!pt-0 [&amp;&gt;ol]:!pb-0 [&amp;&gt;ul]:!pt-0 [&amp;&gt;ul]:!pb-0\" value=\"6\">Ingredientes: aqua, glicerina, hidroxietilcelulosa, benzoato s\u00f3dico, sorbato pot\u00e1sico, hidr\u00f3xido s\u00f3dico, \u00e1cido c\u00edtrico.<\/li>\n<\/ul>","protected":false},"excerpt":{"rendered":"<p>Fist Hace que tus sesiones de fisting o fist-fucking sean m\u00e1s f\u00e1ciles, mejores y m\u00e1s intensas. Nuestra colecci\u00f3n ofrece varios lubricantes, incluidos relajantes anales, extragruesos, naturales y anest\u00e9sicos. Cada lubricante est\u00e1 dise\u00f1ado para mejorar tu experiencia y aumentar tu placer.<\/p>","protected":false},"featured_media":15558,"comment_status":"open","ping_status":"closed","template":"","meta":[],"product_brand":[],"product_cat":[479,671],"product_tag":[],"class_list":{"0":"post-15559","1":"product","2":"type-product","3":"status-publish","4":"has-post-thumbnail","6":"product_cat-drogist","7":"product_cat-glijmiddelen","9":"first","10":"instock","11":"taxable","12":"shipping-taxable","13":"purchasable","14":"product-type-simple"},"_links":{"self":[{"href":"https:\/\/stage.poppersparadise.eu\/es\/wp-json\/wp\/v2\/product\/15559","targetHints":{"allow":["GET"]}}],"collection":[{"href":"https:\/\/stage.poppersparadise.eu\/es\/wp-json\/wp\/v2\/product"}],"about":[{"href":"https:\/\/stage.poppersparadise.eu\/es\/wp-json\/wp\/v2\/types\/product"}],"replies":[{"embeddable":true,"href":"https:\/\/stage.poppersparadise.eu\/es\/wp-json\/wp\/v2\/comments?post=15559"}],"wp:featuredmedia":[{"embeddable":true,"href":"https:\/\/stage.poppersparadise.eu\/es\/wp-json\/wp\/v2\/media\/15558"}],"wp:attachment":[{"href":"https:\/\/stage.poppersparadise.eu\/es\/wp-json\/wp\/v2\/media?parent=15559"}],"wp:term":[{"taxonomy":"product_brand","embeddable":true,"href":"https:\/\/stage.poppersparadise.eu\/es\/wp-json\/wp\/v2\/product_brand?post=15559"},{"taxonomy":"product_cat","embeddable":true,"href":"https:\/\/stage.poppersparadise.eu\/es\/wp-json\/wp\/v2\/product_cat?post=15559"},{"taxonomy":"product_tag","embeddable":true,"href":"https:\/\/stage.poppersparadise.eu\/es\/wp-json\/wp\/v2\/product_tag?post=15559"}],"curies":[{"name":"wp","href":"https:\/\/api.w.org\/{rel}","templated":true}]}}