{"id":15647,"date":"2025-03-27T15:39:13","date_gmt":"2025-03-27T14:39:13","guid":{"rendered":"https:\/\/stage.poppersparadise.eu\/?post_type=product&#038;p=15647"},"modified":"2025-08-16T11:59:51","modified_gmt":"2025-08-16T09:59:51","slug":"xtrm-poppers-party-pack-5-x-24ml","status":"publish","type":"product","link":"https:\/\/stage.poppersparadise.eu\/es\/producto\/xtrm-poppers-party-pack-5-x-24ml\/","title":{"rendered":"XTRM Party Pack 5 x 24ml + Gratis XTRM SNFFR"},"content":{"rendered":"<h2 class=\"wp-block-heading\">Crea tu propio Party Pack XTRM<\/h2>\n\n\n\n<p>\u00a1Complete su experiencia olfativa con el XTRM Poppers Party Pack 5 x 24ml! Cree su propio paquete eligiendo cinco frascos de XTRM de 24 ml o 25 ml de nuestra amplia selecci\u00f3n. A\u00f1ade un toque personal con tus variantes favoritas y disfruta de ventajas adicionales con tu pedido.<\/p>\n\n\n\n<h3 class=\"wp-block-heading\">Elija entre las siguientes variedades:<\/h3>\n\n\n\n<ul class=\"wp-block-list\">\n<li><strong>XTRM Gorilla (The Best) 25ml<\/strong><\/li>\n\n\n\n<li><strong>XTRM Double Aroma 24ml<\/strong><\/li>\n\n\n\n<li><strong>XTRM Passiv XXL 25ml<\/strong><\/li>\n\n\n\n<li><strong>XTRM Sniff Ultra Strong 25ml<\/strong><\/li>\n\n\n\n<li><strong>XTRM Monstruo Verde 25ml<\/strong><\/li>\n\n\n\n<li><strong>XTRM Bottom Darkroom 25ml<\/strong><\/li>\n\n\n\n<li><strong>XTRM Amsterdam XXX Red 24ml<\/strong><\/li>\n\n\n\n<li><strong>XTRM Puppy 2.0 25ml<\/strong><\/li>\n\n\n\n<li><strong>XTRM Retrotiger 25ml<\/strong><\/li>\n\n\n\n<li><strong>XTRM Black Fist 24ml<\/strong><\/li>\n\n\n\n<li><strong>XTRM Alpha Fuck 25ml<\/strong><\/li>\n\n\n\n<li><strong>XTRM Black Tiger Gold 25ml<\/strong><\/li>\n\n\n\n<li><strong>XTRM Black Tiger XXtrem 25ml<\/strong><\/li>\n\n\n\n<li><strong>XTRM Pride Aroma 25ml<\/strong><\/li>\n\n\n\n<li><strong>XTRM Radikal Bull Tigers 25ml<\/strong><\/li>\n\n\n\n<li><strong>XTRM Skull 25ml<\/strong><\/li>\n\n\n\n<li><strong>XTRM Black Tiger Silver 25ml<\/strong><\/li>\n\n\n\n<li><strong>XTRM Skuf Power 25ml<\/strong><\/li>\n\n\n\n<li><strong>XTRM Gold Tiger 25ml<\/strong><\/li>\n<\/ul>\n\n\n\n<h3 class=\"wp-block-heading\">Ventajas adicionales<\/h3>\n\n\n\n<ul class=\"wp-block-list\">\n<li><strong>Extra gratis<\/strong>Regala un SNFFR XTRM (valorado en 9,95 euros) con tu pedido.<\/li>\n\n\n\n<li><strong>Descuento \u00fanico<\/strong>Aproveche el 15% de descuento adicional por botella al comprar este paquete.<\/li>\n<\/ul>\n\n\n\n<h3 class=\"wp-block-heading\">\u00bfC\u00f3mo funciona?<\/h3>\n\n\n\n<p>S\u00f3lo tiene que elegir cinco botellas de la lista y crear su propio paquete \u00fanico. Perfecto para compartir o disfrutar a solas en momentos especiales.<\/p>\n\n\n\n<h3 class=\"wp-block-heading\">Importante saber<\/h3>\n\n\n\n<p>Utilice estos productos \u00fanicamente como difusores de fragancias o disolventes de limpieza. No son aptos para el consumo humano y no deben inhalarse. Guarde los frascos en un lugar fresco y oscuro y ci\u00e9rrelos herm\u00e9ticamente despu\u00e9s de usarlos.<\/p>\n\n\n\n<h3 class=\"wp-block-heading\">Advertencias<\/h3>\n\n\n\n<ul class=\"wp-block-list\">\n<li>L\u00edquido y vapores f\u00e1cilmente inflamables (H225).<\/li>\n\n\n\n<li>Provoca irritaci\u00f3n cut\u00e1nea y ocular (H315\/H319).<\/li>\n\n\n\n<li>T\u00f3xico por inhalaci\u00f3n (H331).<\/li>\n\n\n\n<li>Utilizar s\u00f3lo seg\u00fan las indicaciones.<\/li>\n<\/ul>\n\n\n\n<h3 class=\"wp-block-heading\">Almacenamiento<\/h3>\n\n\n\n<p>Conservar en lugar fresco y seco. Mantener fuera del alcance de los ni\u00f1os.<\/p>\n\n\n\n<h3 class=\"wp-block-heading\">Pa\u00eds de origen<\/h3>\n\n\n\n<p>UE.<\/p>\n\n\n\n<p>Prepara hoy mismo tu propio Party Pack XTRM y descubre la versatilidad de estos difusores de fragancias de alta calidad.<\/p>","protected":false},"excerpt":{"rendered":"<p><strong>ACCESORIOS COMPATIBLES:<\/strong><\/p>\n<ul>\n<li><a href=\"https:\/\/stage.poppersparadise.eu\/es\/producto\/xtrm-poppers-keeper-grande-24ml-2\/\">XTRM Poppers Guardi\u00e1n grande<\/a><\/li>\n<\/ul>","protected":false},"featured_media":15753,"comment_status":"open","ping_status":"closed","template":"","meta":[],"product_brand":[752],"product_cat":[33],"product_tag":[],"class_list":{"0":"post-15647","1":"product","2":"type-product","3":"status-publish","4":"has-post-thumbnail","6":"product_brand-xtrm","7":"product_cat-party-packs","9":"first","10":"instock","11":"sale","12":"taxable","13":"shipping-taxable","14":"purchasable","15":"product-type-simple"},"_links":{"self":[{"href":"https:\/\/stage.poppersparadise.eu\/es\/wp-json\/wp\/v2\/product\/15647","targetHints":{"allow":["GET"]}}],"collection":[{"href":"https:\/\/stage.poppersparadise.eu\/es\/wp-json\/wp\/v2\/product"}],"about":[{"href":"https:\/\/stage.poppersparadise.eu\/es\/wp-json\/wp\/v2\/types\/product"}],"replies":[{"embeddable":true,"href":"https:\/\/stage.poppersparadise.eu\/es\/wp-json\/wp\/v2\/comments?post=15647"}],"wp:featuredmedia":[{"embeddable":true,"href":"https:\/\/stage.poppersparadise.eu\/es\/wp-json\/wp\/v2\/media\/15753"}],"wp:attachment":[{"href":"https:\/\/stage.poppersparadise.eu\/es\/wp-json\/wp\/v2\/media?parent=15647"}],"wp:term":[{"taxonomy":"product_brand","embeddable":true,"href":"https:\/\/stage.poppersparadise.eu\/es\/wp-json\/wp\/v2\/product_brand?post=15647"},{"taxonomy":"product_cat","embeddable":true,"href":"https:\/\/stage.poppersparadise.eu\/es\/wp-json\/wp\/v2\/product_cat?post=15647"},{"taxonomy":"product_tag","embeddable":true,"href":"https:\/\/stage.poppersparadise.eu\/es\/wp-json\/wp\/v2\/product_tag?post=15647"}],"curies":[{"name":"wp","href":"https:\/\/api.w.org\/{rel}","templated":true}]}}