{"id":15963,"date":"2025-04-09T22:10:24","date_gmt":"2025-04-09T20:10:24","guid":{"rendered":"https:\/\/stage.poppersparadise.eu\/?post_type=product&#038;p=15963"},"modified":"2025-08-21T12:06:54","modified_gmt":"2025-08-21T10:06:54","slug":"triple-fist-xtrem-30ml-poppers","status":"publish","type":"product","link":"https:\/\/stage.poppersparadise.eu\/es\/producto\/triple-fist-xtrem-30ml-poppers\/","title":{"rendered":"Triple Fist XTREM 30ml + Gratis XTRM SNFFR"},"content":{"rendered":"<h2 class=\"wp-block-heading\">Triple Fist XTREM 30ml Poppers Advantage Pack<\/h2>\n\n\n\n<p>Reci\u00e9n lanzados en abril de 2025, los poppers Triple Fist XTREM 30ml son su oportunidad para descubrir todas las variantes. Este pack ben\u00e9fico contiene tres botellas de 30 ml con f\u00f3rmulas a base de propilo, amilo y pentilo, envasadas en resistentes botellas de aluminio. Tras la compra, recibir\u00e1 un <strong>XTRM SNFFR gratis por valor de 9,95 euros y benef\u00edciese de un atractivo descuento por volumen<\/strong>. Perfecto para los amantes que buscan variedad e intensidad.<\/p>\n\n\n\n<h3 class=\"wp-block-heading\">Caracter\u00edsticas principales del Pack Triple Fist XTREM Advantage<\/h3>\n\n\n\n<ul class=\"wp-block-list\">\n<li><strong>Extra gratis<\/strong>: Incluya un SNFFR XTRM (valorado en 9,95 \u20ac) con su pedido.<\/li>\n\n\n\n<li><strong>F\u00f3rmulas extra puras<\/strong>: A base de propilo, amilo y pentilo para una experiencia intensa y diversa.<\/li>\n\n\n\n<li><strong>Contenido<\/strong>: 3 frascos de aluminio de 30 ml embalados de forma segura y duradera.<\/li>\n\n\n\n<li><strong>Descuentos atractivos<\/strong>Aproveche los descuentos por cantidad al comprar varios paquetes.<\/li>\n\n\n\n<li><strong>Efectos vers\u00e1tiles<\/strong>: Desde una relajaci\u00f3n profunda hasta sentimientos exacerbados de lujuria.<\/li>\n<\/ul>\n\n\n\n<h3 class=\"wp-block-heading\">\u00bfC\u00f3mo se utiliza el Pack Triple Fist XTREM Advantage?<\/h3>\n\n\n\n<p>Utilice los poppers de este pack ben\u00e9fico \u00fanicamente como difusores de fragancias o disolventes de limpieza. No son aptos para el consumo humano y no deben inhalarse. Guarde los frascos en un lugar fresco y oscuro para preservar su calidad y ci\u00e9rrelos herm\u00e9ticamente despu\u00e9s de usarlos.<\/p>\n\n\n\n<h3 class=\"wp-block-heading\">Por qu\u00e9 el Pack Triple Fist XTREM Advantage es uno de los favoritos<\/h3>\n\n\n\n<p>Con tres f\u00f3rmulas diferentes, un XTRM SNFFR gratis y un atractivo descuento, este pack ofrece el m\u00e1ximo valor y flexibilidad. Ideal para los amantes que quieren descubrir m\u00e1s y disfrutar de una experiencia arom\u00e1tica \u00fanica.<\/p>\n\n\n\n<h3 class=\"wp-block-heading\">Advertencias<\/h3>\n\n\n\n<p>L\u00edquido y vapores f\u00e1cilmente inflamables (H225).<br>Provoca irritaci\u00f3n cut\u00e1nea y ocular (H315\/H319).<br>T\u00f3xico por inhalaci\u00f3n (H331).<br>No es un medicamento. Util\u00edcelo bajo su propia responsabilidad.<\/p>\n\n\n\n<h3 class=\"wp-block-heading\">Utilice<\/h3>\n\n\n\n<p>S\u00f3lo se utiliza como difusor de fragancias o disolvente de limpieza.<br>No es apto para el consumo humano y no debe inhalarse.<\/p>\n\n\n\n<h3 class=\"wp-block-heading\">Almacenamiento<\/h3>\n\n\n\n<p>Conservar en lugar fresco y seco. Mantener fuera del alcance de los ni\u00f1os.<\/p>\n\n\n\n<h3 class=\"wp-block-heading\">Pa\u00eds de origen<\/h3>\n\n\n\n<p>UE.<\/p>\n\n\n\n<p>Descubra un mundo de intensidad y variedad con el Pack Advantage Triple Fist XTREM 30ml Poppers. \u00a1Haz tu pedido hoy y disfruta de esta oferta \u00fanica!<\/p>","protected":false},"excerpt":{"rendered":"<p>Aproveche ahora esta promoci\u00f3n temporal<\/p>","protected":false},"featured_media":15966,"comment_status":"open","ping_status":"closed","template":"","meta":[],"product_brand":[741],"product_cat":[33],"product_tag":[],"class_list":{"0":"post-15963","1":"product","2":"type-product","3":"status-publish","4":"has-post-thumbnail","6":"product_brand-fist","7":"product_cat-party-packs","9":"first","10":"instock","11":"sale","12":"taxable","13":"shipping-taxable","14":"purchasable","15":"product-type-simple"},"_links":{"self":[{"href":"https:\/\/stage.poppersparadise.eu\/es\/wp-json\/wp\/v2\/product\/15963","targetHints":{"allow":["GET"]}}],"collection":[{"href":"https:\/\/stage.poppersparadise.eu\/es\/wp-json\/wp\/v2\/product"}],"about":[{"href":"https:\/\/stage.poppersparadise.eu\/es\/wp-json\/wp\/v2\/types\/product"}],"replies":[{"embeddable":true,"href":"https:\/\/stage.poppersparadise.eu\/es\/wp-json\/wp\/v2\/comments?post=15963"}],"wp:featuredmedia":[{"embeddable":true,"href":"https:\/\/stage.poppersparadise.eu\/es\/wp-json\/wp\/v2\/media\/15966"}],"wp:attachment":[{"href":"https:\/\/stage.poppersparadise.eu\/es\/wp-json\/wp\/v2\/media?parent=15963"}],"wp:term":[{"taxonomy":"product_brand","embeddable":true,"href":"https:\/\/stage.poppersparadise.eu\/es\/wp-json\/wp\/v2\/product_brand?post=15963"},{"taxonomy":"product_cat","embeddable":true,"href":"https:\/\/stage.poppersparadise.eu\/es\/wp-json\/wp\/v2\/product_cat?post=15963"},{"taxonomy":"product_tag","embeddable":true,"href":"https:\/\/stage.poppersparadise.eu\/es\/wp-json\/wp\/v2\/product_tag?post=15963"}],"curies":[{"name":"wp","href":"https:\/\/api.w.org\/{rel}","templated":true}]}}