{"id":16516,"date":"2025-04-30T13:10:15","date_gmt":"2025-04-30T11:10:15","guid":{"rendered":"https:\/\/stage.poppersparadise.eu\/?post_type=product&#038;p=16516"},"modified":"2025-10-01T22:59:19","modified_gmt":"2025-10-01T20:59:19","slug":"twisted-beast-gape-boy-color-super-amyl-30ml","status":"publish","type":"product","link":"https:\/\/stage.poppersparadise.eu\/es\/producto\/twisted-beast-gape-boy-color-super-amyl-30ml\/","title":{"rendered":"Twisted Beast Gape Boy Color Super Amyl 30ml"},"content":{"rendered":"<h2 class=\"wp-block-heading\">Twisted Beast Gape Boy Color Super Amyl 30ml poppers: potentes, aventureros y premium<\/h2>\n\n\n\n<p>Los poppers Twisted Beast Gape Boy Color Super Amyl 30ml est\u00e1n especialmente dise\u00f1ados para usuarios que buscan una experiencia arom\u00e1tica potente. Con una f\u00f3rmula de nitrito de amilo de primera calidad y una generosa capacidad de 30 ml, este producto ofrece una intensa experiencia arom\u00e1tica.<\/p>\n\n\n\n<h3 class=\"wp-block-heading\">Caracter\u00edsticas principales del Twisted Beast Gape Boy Color Super Amyl 30ml<\/h3>\n\n\n\n<ul class=\"wp-block-list\">\n<li><strong>Potente f\u00f3rmula<\/strong>Fabricado con nitrito de amilo para una difusi\u00f3n r\u00e1pida e intensa de la fragancia.<\/li>\n\n\n\n<li><strong>Contenido generoso<\/strong>: El formato de 30 ml ofrece un uso prolongado y un impacto m\u00e1ximo.<\/li>\n\n\n\n<li><strong>Envases sostenibles<\/strong>: Botella de aluminio que preserva la frescura y la fuerza del aroma.<\/li>\n<\/ul>\n\n\n\n<h3 class=\"wp-block-heading\">Por qu\u00e9 Twisted Beast es un favorito<\/h3>\n\n\n\n<p>Los poppers Twisted Beast Gape Boy Color Super Amyl 30ml combinan una potente f\u00f3rmula con un dise\u00f1o robusto y f\u00e1cil de usar. Amado por su fiabilidad e intensidad, el producto es una opci\u00f3n perfecta para aquellos que buscan una experiencia de fragancia premium.<\/p>\n\n\n\n<h3 class=\"wp-block-heading\">\u00bfC\u00f3mo se utiliza Twisted Beast Gape Boy Color Super Amyl 30ml?<\/h3>\n\n\n\n<p>Utilice Twisted Beast Gape Boy Color Super Amyl 30ml \u00fanicamente como difusor de fragancias o disolvente de limpieza. No es apto para el consumo humano y no debe inhalarse. Guarde el producto en un lugar fresco y seco y cierre bien el frasco despu\u00e9s de usarlo.<\/p>\n\n\n\n<h3 class=\"wp-block-heading\">Advertencias<\/h3>\n\n\n\n<ul class=\"wp-block-list\">\n<li>L\u00edquido y vapores f\u00e1cilmente inflamables (H225).<\/li>\n\n\n\n<li>Provoca irritaci\u00f3n cut\u00e1nea y ocular (H315\/H319).<\/li>\n\n\n\n<li>T\u00f3xico por inhalaci\u00f3n (H331).<\/li>\n\n\n\n<li>No es un medicamento. Util\u00edcelo bajo su propia responsabilidad.<\/li>\n<\/ul>\n\n\n\n<h3 class=\"wp-block-heading\">Utilice<\/h3>\n\n\n\n<p>S\u00f3lo se utiliza como difusor de fragancias o disolvente de limpieza.<br>No es apto para el consumo humano y no debe inhalarse.<\/p>\n\n\n\n<h3 class=\"wp-block-heading\">Almacenamiento<\/h3>\n\n\n\n<p>Conservar en lugar fresco y seco. Mantener fuera del alcance de los ni\u00f1os.<\/p>\n\n\n\n<h3 class=\"wp-block-heading\">Pa\u00eds de origen<\/h3>\n\n\n\n<p>Francia.<\/p>\n\n\n\n<p><\/p>","protected":false},"excerpt":{"rendered":"<p><strong><br \/>ACCESORIOS COMPATIBLES:<\/strong><\/p>\n<ul>\n<li><a href=\"https:\/\/stage.poppersparadise.eu\/es\/categoria-de-productos\/accesorios\/olfateadores-pequenos\/\">Olfateadores Peque\u00f1os<\/a><\/li>\n<\/ul>","protected":false},"featured_media":16517,"comment_status":"open","ping_status":"closed","template":"","meta":[],"product_brand":[580],"product_cat":[35],"product_tag":[],"class_list":{"0":"post-16516","1":"product","2":"type-product","3":"status-publish","4":"has-post-thumbnail","6":"product_brand-twisted-beast","7":"product_cat-grote-flesjes-poppers","9":"first","10":"instock","11":"taxable","12":"shipping-taxable","13":"purchasable","14":"product-type-simple"},"_links":{"self":[{"href":"https:\/\/stage.poppersparadise.eu\/es\/wp-json\/wp\/v2\/product\/16516","targetHints":{"allow":["GET"]}}],"collection":[{"href":"https:\/\/stage.poppersparadise.eu\/es\/wp-json\/wp\/v2\/product"}],"about":[{"href":"https:\/\/stage.poppersparadise.eu\/es\/wp-json\/wp\/v2\/types\/product"}],"replies":[{"embeddable":true,"href":"https:\/\/stage.poppersparadise.eu\/es\/wp-json\/wp\/v2\/comments?post=16516"}],"wp:featuredmedia":[{"embeddable":true,"href":"https:\/\/stage.poppersparadise.eu\/es\/wp-json\/wp\/v2\/media\/16517"}],"wp:attachment":[{"href":"https:\/\/stage.poppersparadise.eu\/es\/wp-json\/wp\/v2\/media?parent=16516"}],"wp:term":[{"taxonomy":"product_brand","embeddable":true,"href":"https:\/\/stage.poppersparadise.eu\/es\/wp-json\/wp\/v2\/product_brand?post=16516"},{"taxonomy":"product_cat","embeddable":true,"href":"https:\/\/stage.poppersparadise.eu\/es\/wp-json\/wp\/v2\/product_cat?post=16516"},{"taxonomy":"product_tag","embeddable":true,"href":"https:\/\/stage.poppersparadise.eu\/es\/wp-json\/wp\/v2\/product_tag?post=16516"}],"curies":[{"name":"wp","href":"https:\/\/api.w.org\/{rel}","templated":true}]}}