{"id":16548,"date":"2025-04-30T21:40:24","date_gmt":"2025-04-30T19:40:24","guid":{"rendered":"https:\/\/stage.poppersparadise.eu\/?post_type=product&#038;p=16548"},"modified":"2025-09-30T16:17:55","modified_gmt":"2025-09-30T14:17:55","slug":"play-hard-black-label-25ml-poppers","status":"publish","type":"product","link":"https:\/\/stage.poppersparadise.eu\/es\/producto\/play-hard-black-label-25ml-poppers\/","title":{"rendered":"Play Hard Black Label 25ml"},"content":{"rendered":"<h2 class=\"wp-block-heading\">Play Hard Black Label 25ml poppers: intensos, potentes y exclusivos<\/h2>\n\n\n\n<p>Los poppers Play Hard Black Label 25ml est\u00e1n especialmente dise\u00f1ados para usuarios experimentados que buscan una experiencia arom\u00e1tica potente. Con una f\u00f3rmula de alta calidad a base de nitrito de isopentilo y una generosa capacidad de 25 ml, este producto ofrece una experiencia de fragancia premium perfecta para momentos intensos y aventureros. Ideal para quienes quieren superar los l\u00edmites y no se conforman con menos.<\/p>\n\n\n\n<h3 class=\"wp-block-heading\">Caracter\u00edsticas principales del Play Hard Black Label 25ml<\/h3>\n\n\n\n<ul class=\"wp-block-list\">\n<li><strong>Potente f\u00f3rmula<\/strong>: Fabricado con nitrito de isopentilo puro para una difusi\u00f3n intensa de la fragancia.<\/li>\n\n\n\n<li><strong>Contenido generoso<\/strong>: El robusto frasco de 25 ml ofrece un uso duradero y un impacto m\u00e1ximo.<\/li>\n\n\n\n<li><strong>Alta calidad<\/strong>Fabricado seg\u00fan estrictas normas de calidad para una experiencia fiable.<\/li>\n<\/ul>\n\n\n\n<h3 class=\"wp-block-heading\">Por qu\u00e9 Play Hard Etiqueta Negra es un favorito<\/h3>\n\n\n\n<p>Los poppers Play Hard Black Label 25ml combinan una potente f\u00f3rmula con un dise\u00f1o robusto y un formato f\u00e1cil de usar. Amado por su fiabilidad e intensidad, el producto es una elecci\u00f3n perfecta para aquellos que buscan una experiencia olfativa de primera calidad. Ya sea en solitario, en pareja o para animar una fiesta, Play Hard Etiqueta Negra ofrece una experiencia \u00fanica e inolvidable.<\/p>\n\n\n\n<h3 class=\"wp-block-heading\">\u00bfC\u00f3mo se utiliza Play Hard Black Label 25ml?<\/h3>\n\n\n\n<p>Utilice Play Hard Black Label 25ml \u00fanicamente como difusor de fragancias o disolvente de limpieza. No es apto para el consumo humano y no debe inhalarse. Guarde el producto en un lugar fresco y seco y cierre bien el frasco despu\u00e9s de usarlo.<\/p>\n\n\n\n<h3 class=\"wp-block-heading\">Advertencias<\/h3>\n\n\n\n<ul class=\"wp-block-list\">\n<li>L\u00edquido y vapores f\u00e1cilmente inflamables (H225).<\/li>\n\n\n\n<li>Provoca irritaci\u00f3n cut\u00e1nea y ocular (H315\/H319).<\/li>\n\n\n\n<li>T\u00f3xico por inhalaci\u00f3n (H331).<\/li>\n\n\n\n<li>No es un medicamento. Util\u00edcelo bajo su propia responsabilidad.<\/li>\n<\/ul>\n\n\n\n<h3 class=\"wp-block-heading\">Utilice<\/h3>\n\n\n\n<p>S\u00f3lo se utiliza como difusor de fragancias o disolvente de limpieza.<br>No es apto para el consumo humano y no debe inhalarse.<\/p>\n\n\n\n<h3 class=\"wp-block-heading\">Almacenamiento<\/h3>\n\n\n\n<p>Conservar en lugar fresco y seco. Mantener fuera del alcance de los ni\u00f1os.<\/p>\n\n\n\n<h3 class=\"wp-block-heading\">Pa\u00eds de origen<\/h3>\n\n\n\n<p>Francia.<\/p>","protected":false},"excerpt":{"rendered":"<p><strong><br \/>ACCESORIOS COMPATIBLES:<\/strong><\/p>\n<ul>\n<li><a href=\"https:\/\/stage.poppersparadise.eu\/es\/categoria-de-productos\/accesorios\/olfateadores-grandes\/\">Olfateadores Grandes<\/a><\/li>\n<li><a href=\"https:\/\/stage.poppersparadise.eu\/es\/producto\/xtrm-poppers-holder-grande-2\/\">XTRM Poppers Soporte grande<\/a><\/li>\n<li><a href=\"https:\/\/stage.poppersparadise.eu\/es\/producto\/xtrm-poppers-keeper-grande-24ml-2\/\">XTRM Poppers Guardi\u00e1n grande<\/a><\/li>\n<\/ul>","protected":false},"featured_media":16549,"comment_status":"open","ping_status":"closed","template":"","meta":[],"product_brand":[749],"product_cat":[35],"product_tag":[],"class_list":{"0":"post-16548","1":"product","2":"type-product","3":"status-publish","4":"has-post-thumbnail","6":"product_brand-play-hard","7":"product_cat-grote-flesjes-poppers","9":"first","10":"instock","11":"taxable","12":"shipping-taxable","13":"purchasable","14":"product-type-simple"},"_links":{"self":[{"href":"https:\/\/stage.poppersparadise.eu\/es\/wp-json\/wp\/v2\/product\/16548","targetHints":{"allow":["GET"]}}],"collection":[{"href":"https:\/\/stage.poppersparadise.eu\/es\/wp-json\/wp\/v2\/product"}],"about":[{"href":"https:\/\/stage.poppersparadise.eu\/es\/wp-json\/wp\/v2\/types\/product"}],"replies":[{"embeddable":true,"href":"https:\/\/stage.poppersparadise.eu\/es\/wp-json\/wp\/v2\/comments?post=16548"}],"wp:featuredmedia":[{"embeddable":true,"href":"https:\/\/stage.poppersparadise.eu\/es\/wp-json\/wp\/v2\/media\/16549"}],"wp:attachment":[{"href":"https:\/\/stage.poppersparadise.eu\/es\/wp-json\/wp\/v2\/media?parent=16548"}],"wp:term":[{"taxonomy":"product_brand","embeddable":true,"href":"https:\/\/stage.poppersparadise.eu\/es\/wp-json\/wp\/v2\/product_brand?post=16548"},{"taxonomy":"product_cat","embeddable":true,"href":"https:\/\/stage.poppersparadise.eu\/es\/wp-json\/wp\/v2\/product_cat?post=16548"},{"taxonomy":"product_tag","embeddable":true,"href":"https:\/\/stage.poppersparadise.eu\/es\/wp-json\/wp\/v2\/product_tag?post=16548"}],"curies":[{"name":"wp","href":"https:\/\/api.w.org\/{rel}","templated":true}]}}