{"id":16590,"date":"2025-05-01T19:16:39","date_gmt":"2025-05-01T17:16:39","guid":{"rendered":"https:\/\/stage.poppersparadise.eu\/?post_type=product&#038;p=16590"},"modified":"2025-08-15T11:46:41","modified_gmt":"2025-08-15T09:46:41","slug":"puno-guantes-de-latex-para-el","status":"publish","type":"product","link":"https:\/\/stage.poppersparadise.eu\/es\/producto\/puno-guantes-de-latex-para-el\/","title":{"rendered":"Fist-it Latex Handschoenen Voor Hem"},"content":{"rendered":"<h2 class=\"wp-block-heading\">Lleva tu experiencia fetichista a un nuevo nivel con los guantes de l\u00e1tex Fist-It.<\/h2>\n\n\n\n<p>Especialmente dise\u00f1ados para la higiene y el m\u00e1ximo control, estos guantes ofrecen un equilibrio perfecto entre resistencia y delgadez. Ideales para un uso regular e indispensables en cualquier colecci\u00f3n de l\u00e1tex fetichista y BDSM.<\/p>\n\n\n\n<h3 class=\"wp-block-heading\">Especificaciones del producto:<\/h3>\n\n\n\n<ul class=\"wp-block-list\">\n<li><strong>Material<\/strong>L\u00e1tex de alta calidad<\/li>\n\n\n\n<li><strong>Talla<\/strong>: Unisex, guantes cortos<\/li>\n\n\n\n<li><strong>Detalles<\/strong>: Muy resistente y fino para un control y un tacto \u00f3ptimos<\/li>\n\n\n\n<li><strong>Utilice<\/strong>: Recomendado con lubricante de silicona para mayor brillo y facilidad de colocaci\u00f3n.<\/li>\n\n\n\n<li><strong>Advertencia<\/strong>: No adecuado en caso de alergia al l\u00e1tex<\/li>\n<\/ul>\n\n\n\n<p>Experimente el tacto perfecto y disfrute de una experiencia casual e higi\u00e9nica. A\u00f1ada el Fist-it Latex Handschoenen Voor Hem a su colecci\u00f3n hoy mismo.<\/p>","protected":false},"excerpt":{"rendered":"<p>Til je fetishervaring naar een nieuw niveau met de Fist-It latex handschoenen. Speciaal ontworpen voor hygi\u00ebne en ultieme controle, bieden deze handschoenen een perfecte balans tussen sterkte en dunheid. Ideaal voor regelmatig gebruik en onmisbaar in elke latex fetish- en BDSM-collectie. Product specificaties: Ervaar de perfecte touch en geniet van een ongedwongen, hygi\u00ebnische beleving. Voeg [&hellip;]<\/p>","protected":false},"featured_media":16591,"comment_status":"open","ping_status":"closed","template":"","meta":[],"product_brand":[],"product_cat":[479],"product_tag":[],"class_list":{"0":"post-16590","1":"product","2":"type-product","3":"status-publish","4":"has-post-thumbnail","6":"product_cat-drogist","8":"first","9":"instock","10":"taxable","11":"shipping-taxable","12":"purchasable","13":"product-type-simple"},"_links":{"self":[{"href":"https:\/\/stage.poppersparadise.eu\/es\/wp-json\/wp\/v2\/product\/16590","targetHints":{"allow":["GET"]}}],"collection":[{"href":"https:\/\/stage.poppersparadise.eu\/es\/wp-json\/wp\/v2\/product"}],"about":[{"href":"https:\/\/stage.poppersparadise.eu\/es\/wp-json\/wp\/v2\/types\/product"}],"replies":[{"embeddable":true,"href":"https:\/\/stage.poppersparadise.eu\/es\/wp-json\/wp\/v2\/comments?post=16590"}],"wp:featuredmedia":[{"embeddable":true,"href":"https:\/\/stage.poppersparadise.eu\/es\/wp-json\/wp\/v2\/media\/16591"}],"wp:attachment":[{"href":"https:\/\/stage.poppersparadise.eu\/es\/wp-json\/wp\/v2\/media?parent=16590"}],"wp:term":[{"taxonomy":"product_brand","embeddable":true,"href":"https:\/\/stage.poppersparadise.eu\/es\/wp-json\/wp\/v2\/product_brand?post=16590"},{"taxonomy":"product_cat","embeddable":true,"href":"https:\/\/stage.poppersparadise.eu\/es\/wp-json\/wp\/v2\/product_cat?post=16590"},{"taxonomy":"product_tag","embeddable":true,"href":"https:\/\/stage.poppersparadise.eu\/es\/wp-json\/wp\/v2\/product_tag?post=16590"}],"curies":[{"name":"wp","href":"https:\/\/api.w.org\/{rel}","templated":true}]}}