{"id":16867,"date":"2025-05-08T18:22:56","date_gmt":"2025-05-08T16:22:56","guid":{"rendered":"https:\/\/stage.poppersparadise.eu\/?post_type=product&#038;p=16867"},"modified":"2025-08-04T18:11:13","modified_gmt":"2025-08-04T16:11:13","slug":"lubricante-en-polvo-2","status":"publish","type":"product","link":"https:\/\/stage.poppersparadise.eu\/es\/producto\/lubricante-en-polvo-2\/","title":{"rendered":"Lubricante en polvo - 8.1 oz \/ 230 gr Lubricante a base de agua"},"content":{"rendered":"<h2 class=\"font-bold text-h3 leading-[40px] pt-[21px] pb-[2px] [&amp;_a]:underline-offset-[6px] [&amp;_.underline]:underline-offset-[6px]\" dir=\"ltr\">Aumenta los momentos \u00edntimos con el bricolaje polvo-lubricante<\/h2>\n<p class=\"text-body font-regular leading-[24px] pt-[9px] pb-[2px]\" dir=\"ltr\">Transforma tu tacto con nuestra f\u00f3rmula personalizable Powder Lube DIY de polvo a lubricante. Dise\u00f1ado para aquellos a los que les gusta un toque creativo: basta con mezclar este polvo con agua para crear una textura de lubricante personalizada y suave como la seda. Completamente libre de olores y sabores, para que pueda centrarse en lo que realmente importa. Ligero y f\u00e1cil de transportar, perfecto para aventuras sobre la marcha. Adem\u00e1s, se aclara f\u00e1cilmente, lo que facilita la limpieza tras su uso. Ideal tanto para la exploraci\u00f3n en solitario como para el placer compartido, este lubricante vers\u00e1til se adapta a cualquier ocasi\u00f3n \u00edntima.<\/p>\n<h3 class=\"font-bold text-h4 leading-[30px] pt-[15px] pb-[2px] [&amp;_a]:underline-offset-[6px] [&amp;_.underline]:underline-offset-[6px]\" dir=\"ltr\">Especificaciones del producto:<\/h3>\n<ul class=\"pt-[9px] pb-[2px] pl-[24px] list-inside list-disc pt-[5px]\">\n<li class=\"text-body font-regular leading-[24px] my-[5px] [&amp;&gt;ol]:!pt-0 [&amp;&gt;ol]:!pb-0 [&amp;&gt;ul]:!pt-0 [&amp;&gt;ul]:!pb-0\" value=\"1\">F\u00f3rmula en polvo DIY para una textura de lubricante personalizable<\/li>\n<li class=\"text-body font-regular leading-[24px] my-[5px] [&amp;&gt;ol]:!pt-0 [&amp;&gt;ol]:!pb-0 [&amp;&gt;ul]:!pt-0 [&amp;&gt;ul]:!pb-0\" value=\"2\">Completamente libre de sabor y olor para una experiencia sin molestias<\/li>\n<li class=\"text-body font-regular leading-[24px] my-[5px] [&amp;&gt;ol]:!pt-0 [&amp;&gt;ol]:!pb-0 [&amp;&gt;ul]:!pt-0 [&amp;&gt;ul]:!pb-0\" value=\"3\">Compacto y apto para viajes, f\u00e1cil de mezclar donde y cuando quieras<\/li>\n<li class=\"text-body font-regular leading-[24px] my-[5px] [&amp;&gt;ol]:!pt-0 [&amp;&gt;ol]:!pb-0 [&amp;&gt;ul]:!pt-0 [&amp;&gt;ul]:!pb-0\" value=\"4\">F\u00e1cil de aclarar, para una limpieza sin esfuerzo tras su uso<\/li>\n<li class=\"text-body font-regular leading-[24px] my-[5px] [&amp;&gt;ol]:!pt-0 [&amp;&gt;ol]:!pb-0 [&amp;&gt;ul]:!pt-0 [&amp;&gt;ul]:!pb-0\" value=\"5\">Adecuado tanto para jugar en solitario como en pareja, para mayor comodidad y versatilidad.<\/li>\n<li value=\"5\">Ingredientes: POLIACRILATO DE SODIO<\/li>\n<\/ul>\n\n\n<p><\/p>","protected":false},"excerpt":{"rendered":"<p>Fist Hace que tus sesiones de fisting o fist-fucking sean m\u00e1s f\u00e1ciles, mejores y m\u00e1s intensas. Nuestra colecci\u00f3n ofrece varios lubricantes, incluidos relajantes anales, extragruesos, naturales y anest\u00e9sicos. Cada lubricante est\u00e1 dise\u00f1ado para mejorar tu experiencia y aumentar tu placer.<\/p>","protected":false},"featured_media":16868,"comment_status":"open","ping_status":"closed","template":"","meta":[],"product_brand":[],"product_cat":[479,671],"product_tag":[],"class_list":{"0":"post-16867","1":"product","2":"type-product","3":"status-publish","4":"has-post-thumbnail","6":"product_cat-drogist","7":"product_cat-glijmiddelen","9":"first","10":"instock","11":"taxable","12":"shipping-taxable","13":"purchasable","14":"product-type-simple"},"_links":{"self":[{"href":"https:\/\/stage.poppersparadise.eu\/es\/wp-json\/wp\/v2\/product\/16867","targetHints":{"allow":["GET"]}}],"collection":[{"href":"https:\/\/stage.poppersparadise.eu\/es\/wp-json\/wp\/v2\/product"}],"about":[{"href":"https:\/\/stage.poppersparadise.eu\/es\/wp-json\/wp\/v2\/types\/product"}],"replies":[{"embeddable":true,"href":"https:\/\/stage.poppersparadise.eu\/es\/wp-json\/wp\/v2\/comments?post=16867"}],"wp:featuredmedia":[{"embeddable":true,"href":"https:\/\/stage.poppersparadise.eu\/es\/wp-json\/wp\/v2\/media\/16868"}],"wp:attachment":[{"href":"https:\/\/stage.poppersparadise.eu\/es\/wp-json\/wp\/v2\/media?parent=16867"}],"wp:term":[{"taxonomy":"product_brand","embeddable":true,"href":"https:\/\/stage.poppersparadise.eu\/es\/wp-json\/wp\/v2\/product_brand?post=16867"},{"taxonomy":"product_cat","embeddable":true,"href":"https:\/\/stage.poppersparadise.eu\/es\/wp-json\/wp\/v2\/product_cat?post=16867"},{"taxonomy":"product_tag","embeddable":true,"href":"https:\/\/stage.poppersparadise.eu\/es\/wp-json\/wp\/v2\/product_tag?post=16867"}],"curies":[{"name":"wp","href":"https:\/\/api.w.org\/{rel}","templated":true}]}}