{"id":17005,"date":"2025-05-14T19:20:20","date_gmt":"2025-05-14T17:20:20","guid":{"rendered":"https:\/\/stage.poppersparadise.eu\/?post_type=product&#038;p=17005"},"modified":"2025-10-04T19:40:28","modified_gmt":"2025-10-04T17:40:28","slug":"everest-puno-duro-10ml-poppers","status":"publish","type":"product","link":"https:\/\/stage.poppersparadise.eu\/es\/producto\/everest-puno-duro-10ml-poppers\/","title":{"rendered":"Everest Hard Fist 10ml"},"content":{"rendered":"<h2 class=\"wp-block-heading\">Poppers Everest Hard Fist 10ml: potentes, compactos y duraderos<\/h2>\n\n\n\n<p>Los poppers Everest Hard Fist 10ml est\u00e1n especialmente dise\u00f1ados para usuarios experimentados que buscan una experiencia arom\u00e1tica intensa. Con una f\u00f3rmula ultra fuerte a base de nitrito de amilo y una botella de aluminio resistente, este producto ofrece una experiencia de fragancia de primera calidad que es a la vez potente y fiable. Perfecto para usar en casa o fuera de ella.<\/p>\n\n\n\n<h3 class=\"wp-block-heading\">Caracter\u00edsticas principales de Everest Hard Fist 10ml<\/h3>\n\n\n\n<ul class=\"wp-block-list\">\n<li><strong>F\u00f3rmula ultra resistente<\/strong>: Contiene nitrito de amilo para una potente dispersi\u00f3n de la fragancia.<\/li>\n\n\n\n<li><strong>Envases sostenibles<\/strong>Frasco de aluminio irrompible de 10 ml, ideal para viajar.<\/li>\n\n\n\n<li><strong>Alta calidad<\/strong>: Everest Aromas es conocida por sus productos fiables y de primera calidad.<\/li>\n\n\n\n<li><strong>Tama\u00f1o compacto<\/strong>Pr\u00e1ctico y f\u00e1cil de llevar a todas partes.<\/li>\n\n\n\n<li><strong>Especialmente para usuarios experimentados<\/strong>Concebido para los que buscan aromas extremos.<\/li>\n<\/ul>\n\n\n\n<h3 class=\"wp-block-heading\">Por qu\u00e9 Everest Poppers son los favoritos<\/h3>\n\n\n\n<p>Everest es una marca l\u00edder en el mundo de los poppers, apreciada por sus potentes f\u00f3rmulas, su calidad constante y sus innovadores envases. Los frascos de aluminio no solo garantizan su durabilidad, sino tambi\u00e9n un cierre herm\u00e9tico que mantiene el contenido fresco y eficaz.<\/p>\n\n\n\n<h3 class=\"wp-block-heading\">\u00bfC\u00f3mo se utiliza Everest Hard Fist 10ml?<\/h3>\n\n\n\n<p>Utilice Everest Hard Fist 10ml \u00fanicamente como difusor de fragancias o disolvente de limpieza. No es apto para el consumo humano y no debe inhalarse. Guarde el producto en un lugar fresco y seco y cierre bien el frasco despu\u00e9s de usarlo.<\/p>\n\n\n\n<h3 class=\"wp-block-heading\">Advertencias<\/h3>\n\n\n\n<ul class=\"wp-block-list\">\n<li>L\u00edquido y vapores f\u00e1cilmente inflamables (H225).<\/li>\n\n\n\n<li>Provoca irritaci\u00f3n cut\u00e1nea y ocular (H315\/H319).<\/li>\n\n\n\n<li>T\u00f3xico por inhalaci\u00f3n (H331).<\/li>\n\n\n\n<li>No es un medicamento. Util\u00edcelo bajo su propia responsabilidad.<\/li>\n<\/ul>\n\n\n\n<h3 class=\"wp-block-heading\">Utilice<\/h3>\n\n\n\n<p>S\u00f3lo se utiliza como difusor de fragancias o disolvente de limpieza.<br>No es apto para el consumo humano y no debe inhalarse.<\/p>\n\n\n\n<h3 class=\"wp-block-heading\">Almacenamiento<\/h3>\n\n\n\n<p>Conservar en lugar fresco y seco. Mantener fuera del alcance de los ni\u00f1os.<\/p>\n\n\n\n<h3 class=\"wp-block-heading\">Pa\u00eds de origen<\/h3>\n\n\n\n<p>Francia.<\/p>","protected":false},"excerpt":{"rendered":"<p><strong><br \/>ACCESORIOS COMPATIBLES:<\/strong><\/p>\n<ul>\n<li><a href=\"https:\/\/stage.poppersparadise.eu\/es\/categoria-de-productos\/accesorios\/olfateadores-pequenos\/\">Olfateadores Peque\u00f1os<\/a><\/li>\n<li><a href=\"https:\/\/stage.poppersparadise.eu\/es\/producto\/xtrm-poppers-houder-zwart-small\/\">XTRM Poppers Soporte Peque\u00f1o<\/a><\/li>\n<li><a href=\"https:\/\/stage.poppersparadise.eu\/es\/producto\/xtrm-poppers-keeper-pequeno-10ml\/\">XTRM Poppers Guardi\u00e1n peque\u00f1o<\/a><\/li>\n<\/ul>","protected":false},"featured_media":17008,"comment_status":"open","ping_status":"closed","template":"","meta":[],"product_brand":[585],"product_cat":[34],"product_tag":[],"class_list":{"0":"post-17005","1":"product","2":"type-product","3":"status-publish","4":"has-post-thumbnail","6":"product_brand-everest","7":"product_cat-kleine-flesjes-poppers","9":"first","10":"instock","11":"taxable","12":"shipping-taxable","13":"purchasable","14":"product-type-simple"},"_links":{"self":[{"href":"https:\/\/stage.poppersparadise.eu\/es\/wp-json\/wp\/v2\/product\/17005","targetHints":{"allow":["GET"]}}],"collection":[{"href":"https:\/\/stage.poppersparadise.eu\/es\/wp-json\/wp\/v2\/product"}],"about":[{"href":"https:\/\/stage.poppersparadise.eu\/es\/wp-json\/wp\/v2\/types\/product"}],"replies":[{"embeddable":true,"href":"https:\/\/stage.poppersparadise.eu\/es\/wp-json\/wp\/v2\/comments?post=17005"}],"wp:featuredmedia":[{"embeddable":true,"href":"https:\/\/stage.poppersparadise.eu\/es\/wp-json\/wp\/v2\/media\/17008"}],"wp:attachment":[{"href":"https:\/\/stage.poppersparadise.eu\/es\/wp-json\/wp\/v2\/media?parent=17005"}],"wp:term":[{"taxonomy":"product_brand","embeddable":true,"href":"https:\/\/stage.poppersparadise.eu\/es\/wp-json\/wp\/v2\/product_brand?post=17005"},{"taxonomy":"product_cat","embeddable":true,"href":"https:\/\/stage.poppersparadise.eu\/es\/wp-json\/wp\/v2\/product_cat?post=17005"},{"taxonomy":"product_tag","embeddable":true,"href":"https:\/\/stage.poppersparadise.eu\/es\/wp-json\/wp\/v2\/product_tag?post=17005"}],"curies":[{"name":"wp","href":"https:\/\/api.w.org\/{rel}","templated":true}]}}