{"id":17035,"date":"2025-05-15T09:40:53","date_gmt":"2025-05-15T07:40:53","guid":{"rendered":"https:\/\/stage.poppersparadise.eu\/?post_type=product&#038;p=17035"},"modified":"2025-09-21T14:27:45","modified_gmt":"2025-09-21T12:27:45","slug":"everest-hard-15ml-poppers","status":"publish","type":"product","link":"https:\/\/stage.poppersparadise.eu\/es\/producto\/everest-hard-15ml-poppers\/","title":{"rendered":"Everest Hard 15ml"},"content":{"rendered":"<h2 class=\"wp-block-heading\">Everest Hard 15ml poppers: potentes, intensos y de primera calidad<\/h2>\n\n\n\n<p>Everest Hard 15ml poppers est\u00e1 especialmente dise\u00f1ado para usuarios que buscan una experiencia arom\u00e1tica potente e intensa. Con una f\u00f3rmula premium a base de nitrito de amilo, este producto ofrece una combinaci\u00f3n \u00fanica de propiedades vigorizantes y relajantes. Perfecto para crear un ambiente en\u00e9rgico y euf\u00f3rico, ya sea para relajarse en casa o para celebrar una ocasi\u00f3n especial.<\/p>\n\n\n\n<h3 class=\"wp-block-heading\">Caracter\u00edsticas principales del Everest Hard 15ml<\/h3>\n\n\n\n<ul class=\"wp-block-list\">\n<li><strong>F\u00f3rmula extrafuerte<\/strong>: Especialmente desarrollado para una difusi\u00f3n m\u00e1s intensa de la fragancia.<\/li>\n\n\n\n<li><strong>Composici\u00f3n de alta calidad<\/strong>: Contiene nitrito de amilo para una potencia m\u00e1xima y un frescor duradero.<\/li>\n\n\n\n<li><strong>Ambiente en\u00e9rgico<\/strong>: Ideal para crear un ambiente vigorizante y euf\u00f3rico.<\/li>\n\n\n\n<li><strong>Calidad superior<\/strong>: Everest Aromas es conocida por sus productos fiables y de alta calidad.<\/li>\n\n\n\n<li><strong>Tama\u00f1o compacto<\/strong>Pr\u00e1ctico frasco de 15 ml, ideal para un uso pr\u00e1ctico.<\/li>\n<\/ul>\n\n\n\n<h3 class=\"wp-block-heading\">Por qu\u00e9 Everest Poppers son los favoritos<\/h3>\n\n\n\n<p>Everest es una marca l\u00edder en el mundo de los poppers, apreciada por sus potentes f\u00f3rmulas, su calidad constante y sus innovadores envases. Las botellas herm\u00e9ticas garantizan que el contenido se mantenga fresco y eficaz, ofreciendo a los usuarios una experiencia de primera calidad una y otra vez.<\/p>\n\n\n\n<h3 class=\"wp-block-heading\">\u00bfC\u00f3mo se utiliza Everest Hard 15ml?<\/h3>\n\n\n\n<p>Utilice Everest Hard 15ml \u00fanicamente como dispersante de fragancias o disolvente de limpieza. No es apto para el consumo humano y no debe inhalarse. Guarde el producto en un lugar fresco y seco y cierre bien el frasco despu\u00e9s de usarlo.<\/p>\n\n\n\n<h3 class=\"wp-block-heading\">Advertencias<\/h3>\n\n\n\n<ul class=\"wp-block-list\">\n<li>L\u00edquido y vapores f\u00e1cilmente inflamables (H225).<\/li>\n\n\n\n<li>Provoca irritaci\u00f3n cut\u00e1nea y ocular (H315\/H319).<\/li>\n\n\n\n<li>T\u00f3xico por inhalaci\u00f3n (H331).<\/li>\n\n\n\n<li>No es un medicamento. Util\u00edcelo bajo su propia responsabilidad.<\/li>\n<\/ul>\n\n\n\n<h3 class=\"wp-block-heading\">Utilice<\/h3>\n\n\n\n<p>S\u00f3lo se utiliza como difusor de fragancias o disolvente de limpieza.<br>No es apto para el consumo humano y no debe inhalarse.<\/p>\n\n\n\n<h3 class=\"wp-block-heading\">Almacenamiento<\/h3>\n\n\n\n<p>Conservar en lugar fresco y seco. Mantener fuera del alcance de los ni\u00f1os.<\/p>\n\n\n\n<h3 class=\"wp-block-heading\">Pa\u00eds de origen<\/h3>\n\n\n\n<p>Francia.<\/p>\n\n\n\n<p><\/p>","protected":false},"excerpt":{"rendered":"<p><strong><br \/>ACCESORIOS COMPATIBLES:<\/strong><\/p>\n<ul>\n<li><a href=\"https:\/\/stage.poppersparadise.eu\/es\/categoria-de-productos\/accesorios\/olfateadores-xs\/\">Olfateadores XS<\/a><\/li>\n<\/ul>","protected":false},"featured_media":17038,"comment_status":"open","ping_status":"closed","template":"","meta":[],"product_brand":[585],"product_cat":[34],"product_tag":[],"class_list":{"0":"post-17035","1":"product","2":"type-product","3":"status-publish","4":"has-post-thumbnail","6":"product_brand-everest","7":"product_cat-kleine-flesjes-poppers","9":"first","10":"instock","11":"taxable","12":"shipping-taxable","13":"purchasable","14":"product-type-simple"},"_links":{"self":[{"href":"https:\/\/stage.poppersparadise.eu\/es\/wp-json\/wp\/v2\/product\/17035","targetHints":{"allow":["GET"]}}],"collection":[{"href":"https:\/\/stage.poppersparadise.eu\/es\/wp-json\/wp\/v2\/product"}],"about":[{"href":"https:\/\/stage.poppersparadise.eu\/es\/wp-json\/wp\/v2\/types\/product"}],"replies":[{"embeddable":true,"href":"https:\/\/stage.poppersparadise.eu\/es\/wp-json\/wp\/v2\/comments?post=17035"}],"wp:featuredmedia":[{"embeddable":true,"href":"https:\/\/stage.poppersparadise.eu\/es\/wp-json\/wp\/v2\/media\/17038"}],"wp:attachment":[{"href":"https:\/\/stage.poppersparadise.eu\/es\/wp-json\/wp\/v2\/media?parent=17035"}],"wp:term":[{"taxonomy":"product_brand","embeddable":true,"href":"https:\/\/stage.poppersparadise.eu\/es\/wp-json\/wp\/v2\/product_brand?post=17035"},{"taxonomy":"product_cat","embeddable":true,"href":"https:\/\/stage.poppersparadise.eu\/es\/wp-json\/wp\/v2\/product_cat?post=17035"},{"taxonomy":"product_tag","embeddable":true,"href":"https:\/\/stage.poppersparadise.eu\/es\/wp-json\/wp\/v2\/product_tag?post=17035"}],"curies":[{"name":"wp","href":"https:\/\/api.w.org\/{rel}","templated":true}]}}