{"id":17046,"date":"2025-05-15T16:56:45","date_gmt":"2025-05-15T14:56:45","guid":{"rendered":"https:\/\/stage.poppersparadise.eu\/?post_type=product&#038;p=17046"},"modified":"2025-09-30T16:33:30","modified_gmt":"2025-09-30T14:33:30","slug":"everest-zero-24ml-poppers","status":"publish","type":"product","link":"https:\/\/stage.poppersparadise.eu\/es\/producto\/everest-zero-24ml-poppers\/","title":{"rendered":"Everest Zero 24ml"},"content":{"rendered":"<h2 class=\"wp-block-heading\">Everest Zero 24ml poppers: innovaci\u00f3n, potencia y frescura duradera<\/h2>\n\n\n\n<p>Los poppers Everest Zero 24ml ofrecen una experiencia olfativa \u00fanica gracias a su potente mezcla de nitrito de propilo y nitrito de isoamilo. Lo que realmente diferencia a este producto es la innovadora&nbsp;<strong>Tecnolog\u00eda Mega Pellet<\/strong>que garantiza una f\u00f3rmula totalmente exenta de humedad (0% de agua). Esto garantiza una calidad constante y una frescura duradera, incluso con tiempos de almacenamiento m\u00e1s prolongados. Everest Zero es la elecci\u00f3n perfecta para quienes buscan una experiencia premium sin concesiones.<\/p>\n\n\n\n<h3 class=\"wp-block-heading\">Caracter\u00edsticas principales del Everest Zero 24ml<\/h3>\n\n\n\n<ul class=\"wp-block-list\">\n<li><strong>Potente f\u00f3rmula<\/strong>: Contiene una mezcla de nitrito de propilo y nitrito de isoamilo para una difusi\u00f3n intensa de la fragancia.<\/li>\n\n\n\n<li><strong>Tecnolog\u00eda innovadora<\/strong>La tecnolog\u00eda Mega Pellet garantiza una f\u00f3rmula sin humedad (0% de agua) y una frescura \u00f3ptima.<\/li>\n\n\n\n<li><strong>Calidad duradera<\/strong>: Dise\u00f1ado para mantener su eficacia durante todo el tiempo de almacenamiento.<\/li>\n\n\n\n<li><strong>Tama\u00f1o generoso<\/strong>: Pr\u00e1ctico frasco de 24 ml, ideal para un uso pr\u00e1ctico y prolongado.<\/li>\n\n\n\n<li><strong>Experiencia de alta calidad<\/strong>: Everest garantiza una experiencia de fragancia de primera calidad.<\/li>\n<\/ul>\n\n\n\n<h3 class=\"wp-block-heading\">Por qu\u00e9 Everest Poppers son los favoritos<\/h3>\n\n\n\n<p>Everest es una marca l\u00edder en el mundo de los poppers, conocida por sus potentes f\u00f3rmulas, su calidad constante y sus innovadores envases. Las botellas herm\u00e9ticas garantizan que el contenido se mantenga fresco y eficaz, ofreciendo a los usuarios una experiencia de primera calidad una y otra vez.<\/p>\n\n\n\n<h3 class=\"wp-block-heading\">\u00bfC\u00f3mo se utiliza Everest Zero 24ml?<\/h3>\n\n\n\n<p>Utilice Everest Zero 24ml \u00fanicamente como difusor de fragancias o disolvente de limpieza. No es apto para el consumo humano y no debe inhalarse. Guarde el producto en un lugar fresco y seco y cierre bien el frasco despu\u00e9s de usarlo.<\/p>\n\n\n\n<h3 class=\"wp-block-heading\">Advertencias<\/h3>\n\n\n\n<ul class=\"wp-block-list\">\n<li>L\u00edquido y vapores f\u00e1cilmente inflamables (H225).<\/li>\n\n\n\n<li>Provoca irritaci\u00f3n cut\u00e1nea y ocular (H315\/H319).<\/li>\n\n\n\n<li>T\u00f3xico por inhalaci\u00f3n (H331).<\/li>\n\n\n\n<li>No es un medicamento. Util\u00edcelo bajo su propia responsabilidad.<\/li>\n<\/ul>\n\n\n\n<h3 class=\"wp-block-heading\">Utilice<\/h3>\n\n\n\n<p>S\u00f3lo se utiliza como difusor de fragancias o disolvente de limpieza.<br>No es apto para el consumo humano y no debe inhalarse.<\/p>\n\n\n\n<h3 class=\"wp-block-heading\">Almacenamiento<\/h3>\n\n\n\n<p>Conservar en lugar fresco y seco. Mantener fuera del alcance de los ni\u00f1os.<\/p>\n\n\n\n<h3 class=\"wp-block-heading\">Pa\u00eds de origen<\/h3>\n\n\n\n<p>Francia.<\/p>","protected":false},"excerpt":{"rendered":"<p><strong><br \/>ACCESORIOS COMPATIBLES:<\/strong><\/p>\n<ul>\n<li><a href=\"https:\/\/stage.poppersparadise.eu\/es\/categoria-de-productos\/accesorios\/olfateadores-grandes\/\">Olfateadores Grandes<\/a><\/li>\n<li><a href=\"https:\/\/stage.poppersparadise.eu\/es\/producto\/xtrm-poppers-holder-grande-2\/\">XTRM Poppers Soporte grande<\/a><\/li>\n<li><a href=\"https:\/\/stage.poppersparadise.eu\/es\/producto\/xtrm-poppers-keeper-grande-24ml-2\/\">XTRM Poppers Guardi\u00e1n grande<\/a><\/li>\n<\/ul>","protected":false},"featured_media":17047,"comment_status":"open","ping_status":"closed","template":"","meta":[],"product_brand":[585],"product_cat":[35],"product_tag":[],"class_list":{"0":"post-17046","1":"product","2":"type-product","3":"status-publish","4":"has-post-thumbnail","6":"product_brand-everest","7":"product_cat-grote-flesjes-poppers","9":"first","10":"instock","11":"taxable","12":"shipping-taxable","13":"purchasable","14":"product-type-simple"},"_links":{"self":[{"href":"https:\/\/stage.poppersparadise.eu\/es\/wp-json\/wp\/v2\/product\/17046","targetHints":{"allow":["GET"]}}],"collection":[{"href":"https:\/\/stage.poppersparadise.eu\/es\/wp-json\/wp\/v2\/product"}],"about":[{"href":"https:\/\/stage.poppersparadise.eu\/es\/wp-json\/wp\/v2\/types\/product"}],"replies":[{"embeddable":true,"href":"https:\/\/stage.poppersparadise.eu\/es\/wp-json\/wp\/v2\/comments?post=17046"}],"wp:featuredmedia":[{"embeddable":true,"href":"https:\/\/stage.poppersparadise.eu\/es\/wp-json\/wp\/v2\/media\/17047"}],"wp:attachment":[{"href":"https:\/\/stage.poppersparadise.eu\/es\/wp-json\/wp\/v2\/media?parent=17046"}],"wp:term":[{"taxonomy":"product_brand","embeddable":true,"href":"https:\/\/stage.poppersparadise.eu\/es\/wp-json\/wp\/v2\/product_brand?post=17046"},{"taxonomy":"product_cat","embeddable":true,"href":"https:\/\/stage.poppersparadise.eu\/es\/wp-json\/wp\/v2\/product_cat?post=17046"},{"taxonomy":"product_tag","embeddable":true,"href":"https:\/\/stage.poppersparadise.eu\/es\/wp-json\/wp\/v2\/product_tag?post=17046"}],"curies":[{"name":"wp","href":"https:\/\/api.w.org\/{rel}","templated":true}]}}