{"id":17051,"date":"2025-05-15T17:19:27","date_gmt":"2025-05-15T15:19:27","guid":{"rendered":"https:\/\/stage.poppersparadise.eu\/?post_type=product&#038;p=17051"},"modified":"2025-09-30T09:29:09","modified_gmt":"2025-09-30T07:29:09","slug":"everest-climax-30ml-poppers","status":"publish","type":"product","link":"https:\/\/stage.poppersparadise.eu\/es\/producto\/everest-climax-30ml-poppers\/","title":{"rendered":"Everest Climax 30ml"},"content":{"rendered":"<h2 class=\"wp-block-heading\">Everest Climax 30ml poppers: potentes, intensos y duraderos<\/h2>\n\n\n\n<p>Los poppers Everest Climax 30ml est\u00e1n dise\u00f1ados para quienes buscan una experiencia de fragancia potente en un tama\u00f1o generoso. Con una f\u00f3rmula innovadora de Aromas Everest y una formulaci\u00f3n a base de butanol, este producto ofrece una experiencia de fragancia intensa y duradera. El gran frasco de cristal de 30 ml es perfecto para un uso prolongado y garantiza que pueda disfrutarlo una y otra vez.<\/p>\n\n\n\n<h3 class=\"wp-block-heading\">Caracter\u00edsticas principales del Everest Climax 30ml<\/h3>\n\n\n\n<ul class=\"wp-block-list\">\n<li><strong>Potente f\u00f3rmula<\/strong>Composici\u00f3n a base de butanol con nitritos de alta calidad.<\/li>\n\n\n\n<li><strong>Tama\u00f1o generoso<\/strong>Frasco grande de vidrio de 30 ml, ideal para un uso prolongado.<\/li>\n\n\n\n<li><strong>Envases herm\u00e9ticos<\/strong>: Dise\u00f1ado para mantener los contenidos frescos y eficaces.<\/li>\n\n\n\n<li><strong>Alta calidad<\/strong>: Everest Aromas es conocida por sus productos fiables y de primera calidad.<\/li>\n\n\n\n<li><strong>Uso vers\u00e1til<\/strong>Ideal para ocasiones sociales o para relajarse.<\/li>\n<\/ul>\n\n\n\n<h3 class=\"wp-block-heading\">Por qu\u00e9 Everest Poppers son los favoritos<\/h3>\n\n\n\n<p>Everest es una marca l\u00edder en el mundo de los poppers, apreciada por sus potentes f\u00f3rmulas, su calidad constante y su ingenioso dise\u00f1o de envase. Las botellas herm\u00e9ticas garantizan que el contenido se mantenga fresco y eficaz, ofreciendo a los usuarios una experiencia de primera calidad una y otra vez.<\/p>\n\n\n\n<h3 class=\"wp-block-heading\">\u00bfC\u00f3mo se utiliza el Everest Climax 30ml?<\/h3>\n\n\n\n<p>Utilice Everest Climax 30ml \u00fanicamente como difusor de fragancias o disolvente de limpieza. No es apto para el consumo humano y no debe inhalarse. Guarde el producto en un lugar fresco y seco y cierre bien el frasco despu\u00e9s de usarlo.<\/p>\n\n\n\n<h3 class=\"wp-block-heading\">Advertencias<\/h3>\n\n\n\n<p>L\u00edquido y vapores f\u00e1cilmente inflamables (H225).<br>Provoca irritaci\u00f3n cut\u00e1nea y ocular (H315\/H319).<br>T\u00f3xico por inhalaci\u00f3n (H331).<br>No es un medicamento. Util\u00edcelo bajo su propia responsabilidad.<\/p>\n\n\n\n<h3 class=\"wp-block-heading\">Utilice<\/h3>\n\n\n\n<p>S\u00f3lo se utiliza como difusor de fragancias o disolvente de limpieza.<br>No es apto para el consumo humano y no debe inhalarse.<\/p>\n\n\n\n<h3 class=\"wp-block-heading\">Almacenamiento<\/h3>\n\n\n\n<p>Conservar en lugar fresco y seco. Mantener fuera del alcance de los ni\u00f1os.<\/p>\n\n\n\n<h3 class=\"wp-block-heading\">Pa\u00eds de origen<\/h3>\n\n\n\n<p>Francia.<\/p>","protected":false},"excerpt":{"rendered":"<p><strong><br \/>ACCESORIOS COMPATIBLES:<\/strong><\/p>\n<ul>\n<li><a href=\"https:\/\/stage.poppersparadise.eu\/es\/categoria-de-productos\/accesorios\/olfateadores-pequenos\/\">Olfateadores Peque\u00f1os<\/a><\/li>\n<li><a href=\"https:\/\/stage.poppersparadise.eu\/es\/producto\/xtrm-poppers-houder-zwart-small\/\">XTRM Poppers Soporte Peque\u00f1o<\/a><\/li>\n<li><a href=\"https:\/\/stage.poppersparadise.eu\/es\/producto\/xtrm-poppers-keeper-pequeno-10ml\/\">XTRM Poppers Guardi\u00e1n peque\u00f1o<\/a><\/li>\n<\/ul>","protected":false},"featured_media":17054,"comment_status":"open","ping_status":"closed","template":"","meta":[],"product_brand":[585],"product_cat":[35],"product_tag":[],"class_list":{"0":"post-17051","1":"product","2":"type-product","3":"status-publish","4":"has-post-thumbnail","6":"product_brand-everest","7":"product_cat-grote-flesjes-poppers","9":"first","10":"instock","11":"taxable","12":"shipping-taxable","13":"purchasable","14":"product-type-simple"},"_links":{"self":[{"href":"https:\/\/stage.poppersparadise.eu\/es\/wp-json\/wp\/v2\/product\/17051","targetHints":{"allow":["GET"]}}],"collection":[{"href":"https:\/\/stage.poppersparadise.eu\/es\/wp-json\/wp\/v2\/product"}],"about":[{"href":"https:\/\/stage.poppersparadise.eu\/es\/wp-json\/wp\/v2\/types\/product"}],"replies":[{"embeddable":true,"href":"https:\/\/stage.poppersparadise.eu\/es\/wp-json\/wp\/v2\/comments?post=17051"}],"wp:featuredmedia":[{"embeddable":true,"href":"https:\/\/stage.poppersparadise.eu\/es\/wp-json\/wp\/v2\/media\/17054"}],"wp:attachment":[{"href":"https:\/\/stage.poppersparadise.eu\/es\/wp-json\/wp\/v2\/media?parent=17051"}],"wp:term":[{"taxonomy":"product_brand","embeddable":true,"href":"https:\/\/stage.poppersparadise.eu\/es\/wp-json\/wp\/v2\/product_brand?post=17051"},{"taxonomy":"product_cat","embeddable":true,"href":"https:\/\/stage.poppersparadise.eu\/es\/wp-json\/wp\/v2\/product_cat?post=17051"},{"taxonomy":"product_tag","embeddable":true,"href":"https:\/\/stage.poppersparadise.eu\/es\/wp-json\/wp\/v2\/product_tag?post=17051"}],"curies":[{"name":"wp","href":"https:\/\/api.w.org\/{rel}","templated":true}]}}