{"id":17249,"date":"2025-05-20T16:32:16","date_gmt":"2025-05-20T14:32:16","guid":{"rendered":"https:\/\/stage.poppersparadise.eu\/?post_type=product&#038;p=17249"},"modified":"2025-09-19T16:30:00","modified_gmt":"2025-09-19T14:30:00","slug":"xtrm-kinky-snffr-leak-proof-solo-medium","status":"publish","type":"product","link":"https:\/\/stage.poppersparadise.eu\/es\/producto\/xtrm-kinky-snffr-leak-proof-solo-medium\/","title":{"rendered":"XTRM Kinky SNFFR Solo a prueba de fugas - Mediano - Set"},"content":{"rendered":"<h2 class=\"font-bold text-h3 leading-[36px] pt-[21px] pb-[2px] [&amp;_a]:underline-offset-[6px] [&amp;_.underline]:underline-offset-[6px]\" dir=\"ltr\">XTRM Kinky SNFFR Solo a prueba de fugas - Mediano - El m\u00e1ximo placer para el usuario serio<\/h2>\n<p class=\"text-body font-regular leading-[24px] pt-[9px] pb-[2px]\" dir=\"ltr\">Vive una experiencia sin precedentes con el nuevo XTRM Kinky SNFFR Leak Proof Solo - Medium. Este revolucionario dise\u00f1o lleva tu placer al siguiente nivel con sus avanzadas caracter\u00edsticas.<\/p>\n<h3 class=\"font-bold text-h4 leading-[30px] pt-[15px] pb-[2px] [&amp;_a]:underline-offset-[6px] [&amp;_.underline]:underline-offset-[6px]\" dir=\"ltr\">\u00bfQu\u00e9 lo hace especial?<\/h3>\n<ul class=\"pt-[9px] pb-[2px] pl-[24px] list-disc [&amp;_ul]:pt-[5px] pt-[5px]\">\n<li class=\"text-body font-regular leading-[24px] my-[5px] [&amp;&gt;ol]:!pt-0 [&amp;&gt;ol]:!pb-0 [&amp;&gt;ul]:!pt-0 [&amp;&gt;ul]:!pb-0\" value=\"1\"><b><strong class=\"font-bold\">Dise\u00f1o revolucionario<\/strong><\/b>XTRM KINKY SNFFR est\u00e1 fabricado en una sola pieza, sin partes sueltas que puedan desplazarse. Est\u00e1 dise\u00f1ado para la m\u00e1xima facilidad de uso.<\/li>\n<li class=\"text-body font-regular leading-[24px] my-[5px] [&amp;&gt;ol]:!pt-0 [&amp;&gt;ol]:!pb-0 [&amp;&gt;ul]:!pt-0 [&amp;&gt;ul]:!pb-0\" value=\"2\"><b><strong class=\"font-bold\">Junta estanca<\/strong><\/b>: El anillo de sellado integrado garantiza que no se caiga nada, por lo que siempre tendr\u00e1 la garant\u00eda de una experiencia segura y c\u00f3moda.<\/li>\n<li class=\"text-body font-regular leading-[24px] my-[5px] [&amp;&gt;ol]:!pt-0 [&amp;&gt;ol]:!pb-0 [&amp;&gt;ul]:!pt-0 [&amp;&gt;ul]:!pb-0\" value=\"3\"><b><strong class=\"font-bold\">Tecnolog\u00eda Power Channel<\/strong><\/b>Disfruta de hasta cinco veces m\u00e1s aroma que con el XTRM Turbo convencional a prueba de fugas.<\/li>\n<li class=\"text-body font-regular leading-[24px] my-[5px] [&amp;&gt;ol]:!pt-0 [&amp;&gt;ol]:!pb-0 [&amp;&gt;ul]:!pt-0 [&amp;&gt;ul]:!pb-0\" value=\"4\"><b><strong class=\"font-bold\">Patada retrasada<\/strong><\/b>Experimenta una sensaci\u00f3n \u00fanica con un golpe retardado y potente que no olvidar\u00e1s.<\/li>\n<li class=\"text-body font-regular leading-[24px] my-[5px] [&amp;&gt;ol]:!pt-0 [&amp;&gt;ol]:!pb-0 [&amp;&gt;ul]:!pt-0 [&amp;&gt;ul]:!pb-0\" value=\"5\"><b><strong class=\"font-bold\">Dise\u00f1o elegante y pr\u00e1ctico<\/strong><\/b>: Disponible en negro y rojo, con pulsador y soporte en contraste para guardarlo y transportarlo con seguridad.<\/li>\n<li><strong>Contenido del envase<\/strong>: XTRM Kinky SNFFR Leak Proof Solo - Mediano y un soporte a juego<\/li>\n<\/ul>\n<h3>\"Tantas SNFFR: al final hemos tenido que poner orden\"<br \/>A partir de ahora, hay tallas claras para todos los biberones: nuestra nueva tabla de tallas XTRM SNFFR le muestra exactamente lo que encaja, sin conjeturas ni tanteos\".<br \/><br \/><\/h3>\n\n\n<p><\/p>\n\n\n\n<figure class=\"wp-block-table\"><table class=\"has-fixed-layout\"><thead><tr><th>Talla<\/th><th>Ejemplo&nbsp;<\/th><th>Descripci\u00f3n<\/th><\/tr><\/thead><tbody><tr><td><strong>XXS<\/strong><\/td><td><img decoding=\"async\" src=\"https:\/\/wholesale.xtrm.net\/TAP\/XXS.jpg\" alt=\"Botella XXS\"><\/td><td>Calavera Frascos de 24 ml<\/td><\/tr><tr><td><strong>XS<\/strong><\/td><td><img decoding=\"async\" src=\"https:\/\/wholesale.xtrm.net\/TAP\/XS.jpg\" alt=\"Botella XS\"><\/td><td>Franc\u00e9s, Doble Scorpio (USA), Everest, OXY - frascos delgados de aluminio (10-15 ml)<\/td><\/tr><tr><td><strong>S<\/strong><\/td><td><img decoding=\"async\" src=\"https:\/\/wholesale.xtrm.net\/TAP\/SMALL.jpg\" alt=\"S Botella\"><\/td><td>Rush, Amsterdam, botellas ovaladas XTRM, botellas Lockerroom anchas (no altas), PWD 10ml, Funline 10ml<\/td><\/tr><tr><td><strong>M<\/strong><\/td><td><img decoding=\"async\" src=\"https:\/\/wholesale.xtrm.net\/TAP\/M.jpg\" alt=\"M Botella\"><\/td><td>Nuevos frascos altos Lockerroom (30 ml) - antes \"Small\", ahora Medium size<\/td><\/tr><tr><td><strong>L<\/strong><\/td><td><img decoding=\"async\" src=\"https:\/\/wholesale.xtrm.net\/TAP\/large.jpg\" alt=\"Botella L\"><\/td><td>Botellas retro cuadradas (24-25 ml), por ejemplo Belgo, Funline, Lockerroom, algunas botellas de EE.UU.<\/td><\/tr><tr><td><strong>XL<\/strong><\/td><td><img decoding=\"async\" src=\"https:\/\/wholesale.xtrm.net\/TAP\/xl.jpg\" alt=\"Botella XL\"><\/td><td>Nuevas botellas de aluminio OXY y Lockerroom (grandes, redondas)<\/td><\/tr><tr><td><strong>2XL<\/strong><\/td><td><img decoding=\"async\" src=\"https:\/\/wholesale.xtrm.net\/TAP\/2xl.jpg\" alt=\"Botella 2XL\"><\/td><td>Frascos de aluminio extra anchos de 30 ml con gran abertura<\/td><\/tr><tr><td><strong>3XL<\/strong><\/td><td><img decoding=\"async\" src=\"https:\/\/wholesale.xtrm.net\/TAP\/3xl.jpg\" alt=\"Botella 3XL\"><\/td><td>Frascos de pl\u00e1stico con isoamilo, Everest 30 ml, frascos de vidrio de boca ancha<\/td><\/tr><tr><td><strong>4XL<\/strong><\/td><td><img decoding=\"async\" src=\"https:\/\/wholesale.xtrm.net\/TAP\/4xl.jpg\" alt=\"Botella 4XL\"><\/td><td>XTRM botellas de 60-100 ml, como XTRM BEAST<\/td><\/tr><\/tbody><\/table><\/figure>","protected":false},"excerpt":{"rendered":"<p>El nuevo Kinky SNFFR Leak Proof de XTRM por fin est\u00e1 disponible y promete llevar tu experiencia con fragancias a un nuevo NIVEL X.<\/p>","protected":false},"featured_media":17250,"comment_status":"open","ping_status":"closed","template":"","meta":[],"product_brand":[752],"product_cat":[330,596],"product_tag":[528],"class_list":{"0":"post-17249","1":"product","2":"type-product","3":"status-publish","4":"has-post-thumbnail","6":"product_brand-xtrm","7":"product_cat-accessoires","8":"product_cat-sniffers-medium","9":"product_tag-largesnnfr","11":"first","12":"instock","13":"taxable","14":"shipping-taxable","15":"purchasable","16":"product-type-simple"},"_links":{"self":[{"href":"https:\/\/stage.poppersparadise.eu\/es\/wp-json\/wp\/v2\/product\/17249","targetHints":{"allow":["GET"]}}],"collection":[{"href":"https:\/\/stage.poppersparadise.eu\/es\/wp-json\/wp\/v2\/product"}],"about":[{"href":"https:\/\/stage.poppersparadise.eu\/es\/wp-json\/wp\/v2\/types\/product"}],"replies":[{"embeddable":true,"href":"https:\/\/stage.poppersparadise.eu\/es\/wp-json\/wp\/v2\/comments?post=17249"}],"wp:featuredmedia":[{"embeddable":true,"href":"https:\/\/stage.poppersparadise.eu\/es\/wp-json\/wp\/v2\/media\/17250"}],"wp:attachment":[{"href":"https:\/\/stage.poppersparadise.eu\/es\/wp-json\/wp\/v2\/media?parent=17249"}],"wp:term":[{"taxonomy":"product_brand","embeddable":true,"href":"https:\/\/stage.poppersparadise.eu\/es\/wp-json\/wp\/v2\/product_brand?post=17249"},{"taxonomy":"product_cat","embeddable":true,"href":"https:\/\/stage.poppersparadise.eu\/es\/wp-json\/wp\/v2\/product_cat?post=17249"},{"taxonomy":"product_tag","embeddable":true,"href":"https:\/\/stage.poppersparadise.eu\/es\/wp-json\/wp\/v2\/product_tag?post=17249"}],"curies":[{"name":"wp","href":"https:\/\/api.w.org\/{rel}","templated":true}]}}