{"id":17707,"date":"2025-05-28T23:17:07","date_gmt":"2025-05-28T21:17:07","guid":{"rendered":"https:\/\/stage.poppersparadise.eu\/?post_type=product&#038;p=17707"},"modified":"2025-08-09T11:59:20","modified_gmt":"2025-08-09T09:59:20","slug":"amsterdam-blonde-25ml-poppers-2","status":"publish","type":"product","link":"https:\/\/stage.poppersparadise.eu\/es\/producto\/amsterdam-blonde-25ml-poppers-2\/","title":{"rendered":"Amsterdam Blond 25ml (JJ)"},"content":{"rendered":"<h2 class=\"wp-block-heading\">Lockerroom Amsterdam Blonde 25ml poppers - elegancia y potencia en equilibrio<\/h2>\n\n\n\n<p>Los poppers Lockerroom Amsterdam Blonde de 25 ml combinan un aspecto sofisticado con una potente experiencia de fragancia. Inspirado en la vibrante vibraci\u00f3n de Amsterdam, este producto ofrece una experiencia de fragancia \u00fanica en un elegante y duradero frasco de 25 ml. Perfecto para momentos especiales, tanto para principiantes como para usuarios experimentados.<\/p>\n\n\n\n<h3 class=\"wp-block-heading\">Caracter\u00edsticas principales de Amsterdam Rubio<\/h3>\n\n\n\n<ul class=\"wp-block-list\">\n<li><strong>Fragancia suave, resultado potente<\/strong>Aroma sutil con una impresionante difusi\u00f3n de la fragancia.<\/li>\n\n\n\n<li><strong>F\u00f3rmula de alta calidad<\/strong>: Contiene una f\u00f3rmula de nitrito de isopentil especialmente optimizada.<\/li>\n\n\n\n<li><strong>Dise\u00f1o sostenible<\/strong>Envasado en un resistente frasco de 25 ml para un uso prolongado.<\/li>\n\n\n\n<li><strong>Vers\u00e1til<\/strong>: Adecuado tanto para usuarios nuevos como experimentados.<\/li>\n\n\n\n<li><strong>Ventaja del volumen<\/strong>: Ahorre m\u00e1s en pedidos grandes.<\/li>\n<\/ul>\n\n\n\n<h3 class=\"wp-block-heading\">\u00bfC\u00f3mo se utiliza Amsterdam Blonde?<\/h3>\n\n\n\n<p>Utilice Amsterdam Blonde \u00fanicamente como difusor de fragancias o disolvente de limpieza. No es apto para el consumo humano y no debe inhalarse. Guarde el producto en un lugar fresco y seco y cierre bien el frasco despu\u00e9s de usarlo.<\/p>\n\n\n\n<h3 class=\"wp-block-heading\">Por qu\u00e9 Amsterdam Rubio es un favorito<\/h3>\n\n\n\n<p>La combinaci\u00f3n de suave fragancia, potente acci\u00f3n y elegante presentaci\u00f3n hacen de Amsterdam Blonde uno de los favoritos entre los entusiastas de los difusores de fragancia. Ofrece una experiencia de fragancia intensa perfecta para cualquier momento.<\/p>\n\n\n\n<h3 class=\"wp-block-heading\">Advertencias<\/h3>\n\n\n\n<p>L\u00edquido y vapores f\u00e1cilmente inflamables (H225).<br>Provoca irritaci\u00f3n cut\u00e1nea y ocular (H315\/H319).<br>T\u00f3xico por inhalaci\u00f3n (H331).<br>No es un medicamento. Util\u00edcelo bajo su propia responsabilidad.<\/p>\n\n\n\n<h3 class=\"wp-block-heading\">Utilice<\/h3>\n\n\n\n<p>S\u00f3lo se utiliza como difusor de fragancias o disolvente de limpieza.<br>No es apto para el consumo humano y no debe inhalarse.<\/p>\n\n\n\n<h3 class=\"wp-block-heading\">Almacenamiento<\/h3>\n\n\n\n<p>Conservar en lugar fresco y seco. Mantener fuera del alcance de los ni\u00f1os.<\/p>\n\n\n\n<h3 class=\"wp-block-heading\">Pa\u00eds de origen<\/h3>\n\n\n\n<p>Francia.<\/p>\n\n\n\n<p><\/p>","protected":false},"excerpt":{"rendered":"<p><strong><br \/>ACCESORIOS COMPATIBLES:<\/strong><\/p>\n<ul>\n<li><a href=\"https:\/\/stage.poppersparadise.eu\/es\/categoria-de-productos\/accesorios\/olfateadores-grandes\/\">Olfateadores Grandes<\/a><\/li>\n<li><a href=\"https:\/\/stage.poppersparadise.eu\/es\/producto\/xtrm-poppers-holder-grande-2\/\">XTRM Poppers Soporte grande<\/a><\/li>\n<li><a href=\"https:\/\/stage.poppersparadise.eu\/es\/producto\/xtrm-poppers-keeper-grande-24ml-2\/\">XTRM Poppers Guardi\u00e1n grande<\/a><\/li>\n<\/ul>","protected":false},"featured_media":17709,"comment_status":"open","ping_status":"closed","template":"","meta":[],"product_brand":[772],"product_cat":[35],"product_tag":[],"class_list":{"0":"post-17707","1":"product","2":"type-product","3":"status-publish","4":"has-post-thumbnail","6":"product_brand-lockerroom-jj","7":"product_cat-grote-flesjes-poppers","9":"first","10":"instock","11":"taxable","12":"shipping-taxable","13":"purchasable","14":"product-type-simple"},"_links":{"self":[{"href":"https:\/\/stage.poppersparadise.eu\/es\/wp-json\/wp\/v2\/product\/17707","targetHints":{"allow":["GET"]}}],"collection":[{"href":"https:\/\/stage.poppersparadise.eu\/es\/wp-json\/wp\/v2\/product"}],"about":[{"href":"https:\/\/stage.poppersparadise.eu\/es\/wp-json\/wp\/v2\/types\/product"}],"replies":[{"embeddable":true,"href":"https:\/\/stage.poppersparadise.eu\/es\/wp-json\/wp\/v2\/comments?post=17707"}],"wp:featuredmedia":[{"embeddable":true,"href":"https:\/\/stage.poppersparadise.eu\/es\/wp-json\/wp\/v2\/media\/17709"}],"wp:attachment":[{"href":"https:\/\/stage.poppersparadise.eu\/es\/wp-json\/wp\/v2\/media?parent=17707"}],"wp:term":[{"taxonomy":"product_brand","embeddable":true,"href":"https:\/\/stage.poppersparadise.eu\/es\/wp-json\/wp\/v2\/product_brand?post=17707"},{"taxonomy":"product_cat","embeddable":true,"href":"https:\/\/stage.poppersparadise.eu\/es\/wp-json\/wp\/v2\/product_cat?post=17707"},{"taxonomy":"product_tag","embeddable":true,"href":"https:\/\/stage.poppersparadise.eu\/es\/wp-json\/wp\/v2\/product_tag?post=17707"}],"curies":[{"name":"wp","href":"https:\/\/api.w.org\/{rel}","templated":true}]}}