{"id":18175,"date":"2025-06-06T22:55:42","date_gmt":"2025-06-06T20:55:42","guid":{"rendered":"https:\/\/stage.poppersparadise.eu\/?post_type=product&#038;p=18175"},"modified":"2025-08-09T11:19:31","modified_gmt":"2025-08-09T09:19:31","slug":"xtrm-turbo-snffr-3","status":"publish","type":"product","link":"https:\/\/stage.poppersparadise.eu\/es\/producto\/xtrm-turbo-snffr-3\/","title":{"rendered":"XTRM Turbo SNFFR\u00ae Juego peque\u00f1o y grande a prueba de fugas - Morado"},"content":{"rendered":"<h2 class=\"font-semibold pdf-heading-class-replace text-h3 leading-[40px] pt-[21px] pb-[2px] [&amp;_a]:underline-offset-[6px] [&amp;_.underline]:underline-offset-[6px]\" dir=\"ltr\">Oferta especial para el XTRM TURBO SNFFR\u00ae Leak Proof Small &amp; Large Set<\/h2>\n<p class=\"text-body font-regular leading-[24px] pt-[9px] pb-[2px]\" dir=\"ltr\">\u00bfDesea un set de sniffer que combine calidad, estilo y facilidad de uso? El XTRM TURBO SNFFR\u00ae Leak Proof Small &amp; Large Set le ofrece todo lo que busca, y m\u00e1s. Adem\u00e1s, este set viene con una oferta irresistible que no querr\u00e1 perderse.<\/p>\n<h3 class=\"font-semibold pdf-heading-class-replace text-h4 leading-[30px] pt-[15px] pb-[2px] [&amp;_a]:underline-offset-[6px] [&amp;_.underline]:underline-offset-[6px]\" dir=\"ltr\">Principales caracter\u00edsticas y ventajas:<\/h3>\n<ul class=\"pt-[9px] pb-[2px] pl-[24px] list-disc pt-[5px]\">\n<li><b><strong class=\"font-semibold\">Set a buen precio<\/strong><\/b> - S\u00f3lo la versi\u00f3n peque\u00f1a o grande cuesta <strong>normalmente 43,95 euros cada uno. Ahora disponibles juntos por solo 49,95 \u20ac.<\/strong>.<\/li>\n<li value=\"1\"><b><strong class=\"font-semibold\">Dise\u00f1o a prueba de fugas<\/strong><\/b> - Nunca m\u00e1s gotear\u00e1 gracias a su mecanismo a prueba de fugas de alta calidad.<\/li>\n<li class=\"text-body font-regular leading-[24px] my-[5px] [&amp;&gt;ol]:!pt-0 [&amp;&gt;ol]:!pb-0 [&amp;&gt;ul]:!pt-0 [&amp;&gt;ul]:!pb-0\" value=\"2\"><b><strong class=\"font-semibold\">Calidad de Austria<\/strong><\/b> - Dise\u00f1ado con precisi\u00f3n y fabricado para un uso prolongado.<\/li>\n<li class=\"text-body font-regular leading-[24px] my-[5px] [&amp;&gt;ol]:!pt-0 [&amp;&gt;ol]:!pb-0 [&amp;&gt;ul]:!pt-0 [&amp;&gt;ul]:!pb-0\" value=\"3\"><b><strong class=\"font-semibold\">Elegantes opciones de color<\/strong><\/b> - Elige entre negro, rosa o morado para combinar a la perfecci\u00f3n con tu estilo.<\/li>\n<\/ul>\n<h3 class=\"font-semibold pdf-heading-class-replace text-h4 leading-[30px] pt-[15px] pb-[2px] [&amp;_a]:underline-offset-[6px] [&amp;_.underline]:underline-offset-[6px]\" dir=\"ltr\">Oferta especial<\/h3>\n<p class=\"text-body font-regular leading-[24px] pt-[9px] pb-[2px]\" dir=\"ltr\">Consiga el juego completo (peque\u00f1o y grande) por s\u00f3lo 49,95 euros. Una oportunidad \u00fanica de combinar calidad y ahorro.<\/p>\n<h3 class=\"font-semibold pdf-heading-class-replace text-h4 leading-[30px] pt-[15px] pb-[2px] [&amp;_a]:underline-offset-[6px] [&amp;_.underline]:underline-offset-[6px]\" dir=\"ltr\">Colores disponibles<\/h3>\n<p class=\"text-body font-regular leading-[24px] pt-[9px] pb-[2px]\" dir=\"ltr\">Este elegante conjunto est\u00e1 disponible en <b><strong class=\"font-semibold\">negro<\/strong><\/b>, <b><strong class=\"font-semibold\">rosa<\/strong><\/b>y <b><strong class=\"font-semibold\">morado<\/strong><\/b>. Elija su favorito y cause una impresi\u00f3n instant\u00e1nea.<\/p>\n<p class=\"text-body font-regular leading-[24px] pt-[9px] pb-[2px]\" dir=\"ltr\">No pierda la oportunidad de completar su colecci\u00f3n con el set XTRM TURBO SNFFR\u00ae. P\u00eddalo ahora y descubra por s\u00ed mismo por qu\u00e9 es el art\u00edculo imprescindible para los entusiastas de los olfateadores.<\/p>\n<h3>\"Tantas SNFFR: al final hemos tenido que poner orden\"<br \/>A partir de ahora, hay tallas claras para todos los biberones: nuestra nueva tabla de tallas XTRM SNFFR le muestra exactamente lo que encaja, sin conjeturas ni tanteos\".<br \/><br \/><\/h3>\n\n\n<figure class=\"wp-block-table\"><table class=\"has-fixed-layout\"><thead><tr><th>Talla<\/th><th>Ejemplo&nbsp;<\/th><th>Descripci\u00f3n<\/th><\/tr><\/thead><tbody><tr><td><strong>XXS<\/strong><\/td><td><img decoding=\"async\" src=\"https:\/\/wholesale.xtrm.net\/TAP\/XXS.jpg\" alt=\"Botella XXS\"><\/td><td>Calavera Frascos de 24 ml<\/td><\/tr><tr><td><strong>XS<\/strong><\/td><td><img decoding=\"async\" src=\"https:\/\/wholesale.xtrm.net\/TAP\/XS.jpg\" alt=\"Botella XS\"><\/td><td>Franc\u00e9s, Doble Scorpio (USA), Everest, OXY - frascos delgados de aluminio (10-15 ml)<\/td><\/tr><tr><td><strong>S<\/strong><\/td><td><img decoding=\"async\" src=\"https:\/\/wholesale.xtrm.net\/TAP\/SMALL.jpg\" alt=\"S Botella\"><\/td><td>Rush, Amsterdam, botellas ovaladas XTRM, botellas Lockerroom anchas (no altas), PWD 10ml, Funline 10ml<\/td><\/tr><tr><td><strong>M<\/strong><\/td><td><img decoding=\"async\" src=\"https:\/\/wholesale.xtrm.net\/TAP\/M.jpg\" alt=\"M Botella\"><\/td><td>Nuevos frascos altos Lockerroom (30 ml) - antes \"Small\", ahora Medium size<\/td><\/tr><tr><td><strong>L<\/strong><\/td><td><img decoding=\"async\" src=\"https:\/\/wholesale.xtrm.net\/TAP\/large.jpg\" alt=\"Botella L\"><\/td><td>Botellas retro cuadradas (24-25 ml), por ejemplo Belgo, Funline, Lockerroom, algunas botellas de EE.UU.<\/td><\/tr><tr><td><strong>XL<\/strong><\/td><td><img decoding=\"async\" src=\"https:\/\/wholesale.xtrm.net\/TAP\/xl.jpg\" alt=\"Botella XL\"><\/td><td>Nuevas botellas de aluminio OXY y Lockerroom (grandes, redondas)<\/td><\/tr><tr><td><strong>2XL<\/strong><\/td><td><img decoding=\"async\" src=\"https:\/\/wholesale.xtrm.net\/TAP\/2xl.jpg\" alt=\"Botella 2XL\"><\/td><td>Frascos de aluminio extra anchos de 30 ml con gran abertura<\/td><\/tr><tr><td><strong>3XL<\/strong><\/td><td><img decoding=\"async\" src=\"https:\/\/wholesale.xtrm.net\/TAP\/3xl.jpg\" alt=\"Botella 3XL\"><\/td><td>Frascos de pl\u00e1stico con isoamilo, Everest 30 ml, frascos de vidrio de boca ancha<\/td><\/tr><tr><td><strong>4XL<\/strong><\/td><td><img decoding=\"async\" src=\"https:\/\/wholesale.xtrm.net\/TAP\/4xl.jpg\" alt=\"Botella 4XL\"><\/td><td>XTRM botellas de 60-100 ml, como XTRM BEAST<\/td><\/tr><\/tbody><\/table><\/figure>\n\n\n\n<p><\/p>","protected":false},"excerpt":{"rendered":"<p class=\"text-body font-semibold !p-0 !pt-[4px] !pb-[2px]\">Sin copia. Sin tapa. Ni comparaci\u00f3n. Este es el original, fabricado en Austria.<\/p>\n<p>En\u00a0<strong>XTRM Turbo SNFFR<\/strong>\u00a0no es un juguete. Es el accesorio de inhalaci\u00f3n m\u00e1s codiciado del circuito: dise\u00f1ado, fabricado y perfeccionado para un disfrute sin concesiones.\u00a0<strong>Sin contacto. A prueba de fugas. Evaporaci\u00f3n controlada.<\/strong>\u00a0Una simple pulsaci\u00f3n del bot\u00f3n libera el aroma: controlado, limpio, potente. Al soltar el bot\u00f3n, el sistema se cierra instant\u00e1neamente. Sin fugas, sin goteos, sin contacto con la piel. S\u00f3lo aroma puro, en el momento exacto.<\/p>","protected":false},"featured_media":18176,"comment_status":"open","ping_status":"closed","template":"","meta":[],"product_brand":[752],"product_cat":[482,330,756],"product_tag":[],"class_list":{"0":"post-18175","1":"product","2":"type-product","3":"status-publish","4":"has-post-thumbnail","6":"product_brand-xtrm","7":"product_cat-aanbiedingen","8":"product_cat-accessoires","9":"product_cat-sniffers-small-large-sets","11":"first","12":"instock","13":"sale","14":"taxable","15":"shipping-taxable","16":"purchasable","17":"product-type-simple"},"_links":{"self":[{"href":"https:\/\/stage.poppersparadise.eu\/es\/wp-json\/wp\/v2\/product\/18175","targetHints":{"allow":["GET"]}}],"collection":[{"href":"https:\/\/stage.poppersparadise.eu\/es\/wp-json\/wp\/v2\/product"}],"about":[{"href":"https:\/\/stage.poppersparadise.eu\/es\/wp-json\/wp\/v2\/types\/product"}],"replies":[{"embeddable":true,"href":"https:\/\/stage.poppersparadise.eu\/es\/wp-json\/wp\/v2\/comments?post=18175"}],"wp:featuredmedia":[{"embeddable":true,"href":"https:\/\/stage.poppersparadise.eu\/es\/wp-json\/wp\/v2\/media\/18176"}],"wp:attachment":[{"href":"https:\/\/stage.poppersparadise.eu\/es\/wp-json\/wp\/v2\/media?parent=18175"}],"wp:term":[{"taxonomy":"product_brand","embeddable":true,"href":"https:\/\/stage.poppersparadise.eu\/es\/wp-json\/wp\/v2\/product_brand?post=18175"},{"taxonomy":"product_cat","embeddable":true,"href":"https:\/\/stage.poppersparadise.eu\/es\/wp-json\/wp\/v2\/product_cat?post=18175"},{"taxonomy":"product_tag","embeddable":true,"href":"https:\/\/stage.poppersparadise.eu\/es\/wp-json\/wp\/v2\/product_tag?post=18175"}],"curies":[{"name":"wp","href":"https:\/\/api.w.org\/{rel}","templated":true}]}}