{"id":18641,"date":"2025-06-18T18:56:50","date_gmt":"2025-06-18T16:56:50","guid":{"rendered":"https:\/\/stage.poppersparadise.eu\/?post_type=product&#038;p=18641"},"modified":"2025-08-29T04:45:23","modified_gmt":"2025-08-29T02:45:23","slug":"twisted-beast-gape-boy-color-super-n-pentyl-30ml-poppers","status":"publish","type":"product","link":"https:\/\/stage.poppersparadise.eu\/es\/producto\/twisted-beast-gape-boy-color-super-n-pentyl-30ml-poppers\/","title":{"rendered":"Twisted Beast Gape Boy Color Super n-Pentyl 30ml"},"content":{"rendered":"<h2 class=\"wp-block-heading\">Twisted Beast Gape Boy Color Super n-Pentyl 30ml poppers: potencia y aventura en uno<\/h2>\n\n\n\n<p>Twisted Beast Gape Boy Color Super n-Pentyl 30ml poppers est\u00e1 dise\u00f1ado para aquellos que buscan una experiencia de fragancia intensa y \u00fanica. Con una potente f\u00f3rmula de pentilo y una generosa capacidad de 30 ml, este producto ofrece calidad y versatilidad duraderas.<\/p>\n\n\n\n<h3 class=\"wp-block-heading\">Caracter\u00edsticas principales de Twisted Beast Gape Boy Color Super<\/h3>\n\n\n\n<ul class=\"wp-block-list\">\n<li><strong>Potente f\u00f3rmula de pentilo<\/strong>: Cuidadosamente formulado para una experiencia de fragancia intensa.<\/li>\n\n\n\n<li><strong>Contenido generoso<\/strong>Frasco de 30 ml, ideal para un uso prolongado.<\/li>\n\n\n\n<li><strong>Uso vers\u00e1til<\/strong>: Adecuado para diversas aplicaciones y momentos de aventura.<\/li>\n\n\n\n<li><strong>Embalaje f\u00e1cil de usar<\/strong>: Dispone de un robusto tap\u00f3n de rosca para un almacenamiento seguro y un uso f\u00e1cil.<\/li>\n<\/ul>\n\n\n\n<h3 class=\"wp-block-heading\">\u00bfC\u00f3mo se utiliza Twisted Beast Gape Boy Color Super?<\/h3>\n\n\n\n<p>Utilice Twisted Beast Gape Boy Color Super s\u00f3lo como difusor de fragancias o disolvente de limpieza. No es apto para el consumo humano y no debe inhalarse. Guarde el producto en un lugar fresco y oscuro para preservar su calidad y cierre bien el frasco despu\u00e9s de usarlo.<\/p>\n\n\n\n<h3 class=\"wp-block-heading\">Por qu\u00e9 Twisted Beast es un favorito<\/h3>\n\n\n\n<p>Twisted Beast Gape Boy Color Super es una elecci\u00f3n popular entre los difusores de fragancias. Su potente f\u00f3rmula y su generoso contenido hacen de este producto uno de los favoritos para quienes buscan una experiencia de fragancia intensa y duradera.<\/p>\n\n\n\n<h3 class=\"wp-block-heading\">Advertencias<\/h3>\n\n\n\n<p>L\u00edquido y vapores f\u00e1cilmente inflamables (H225).<br>Provoca irritaci\u00f3n cut\u00e1nea y ocular (H315\/H319).<br>T\u00f3xico por inhalaci\u00f3n (H331).<br>No es un medicamento. Util\u00edcelo bajo su propia responsabilidad.<\/p>\n\n\n\n<h3 class=\"wp-block-heading\">Utilice<\/h3>\n\n\n\n<p>S\u00f3lo se utiliza como difusor de fragancias o disolvente de limpieza.<br>No es apto para el consumo humano y no debe inhalarse.<\/p>\n\n\n\n<h3 class=\"wp-block-heading\">Almacenamiento<\/h3>\n\n\n\n<p>Conservar en lugar fresco y seco. Mantener fuera del alcance de los ni\u00f1os.<\/p>\n\n\n\n<h3 class=\"wp-block-heading\">Pa\u00eds de origen<\/h3>\n\n\n\n<p>UE.<\/p>","protected":false},"excerpt":{"rendered":"<p><strong><br \/>ACCESORIOS COMPATIBLES:<\/strong><\/p>\n<ul>\n<li><a href=\"https:\/\/stage.poppersparadise.eu\/es\/categoria-de-productos\/accesorios\/olfateadores-pequenos\/\">Olfateadores Peque\u00f1os<\/a><\/li>\n<\/ul>","protected":false},"featured_media":18642,"comment_status":"open","ping_status":"closed","template":"","meta":[],"product_brand":[580],"product_cat":[35],"product_tag":[],"class_list":{"0":"post-18641","1":"product","2":"type-product","3":"status-publish","4":"has-post-thumbnail","6":"product_brand-twisted-beast","7":"product_cat-grote-flesjes-poppers","9":"first","10":"instock","11":"taxable","12":"shipping-taxable","13":"purchasable","14":"product-type-simple"},"_links":{"self":[{"href":"https:\/\/stage.poppersparadise.eu\/es\/wp-json\/wp\/v2\/product\/18641","targetHints":{"allow":["GET"]}}],"collection":[{"href":"https:\/\/stage.poppersparadise.eu\/es\/wp-json\/wp\/v2\/product"}],"about":[{"href":"https:\/\/stage.poppersparadise.eu\/es\/wp-json\/wp\/v2\/types\/product"}],"replies":[{"embeddable":true,"href":"https:\/\/stage.poppersparadise.eu\/es\/wp-json\/wp\/v2\/comments?post=18641"}],"wp:featuredmedia":[{"embeddable":true,"href":"https:\/\/stage.poppersparadise.eu\/es\/wp-json\/wp\/v2\/media\/18642"}],"wp:attachment":[{"href":"https:\/\/stage.poppersparadise.eu\/es\/wp-json\/wp\/v2\/media?parent=18641"}],"wp:term":[{"taxonomy":"product_brand","embeddable":true,"href":"https:\/\/stage.poppersparadise.eu\/es\/wp-json\/wp\/v2\/product_brand?post=18641"},{"taxonomy":"product_cat","embeddable":true,"href":"https:\/\/stage.poppersparadise.eu\/es\/wp-json\/wp\/v2\/product_cat?post=18641"},{"taxonomy":"product_tag","embeddable":true,"href":"https:\/\/stage.poppersparadise.eu\/es\/wp-json\/wp\/v2\/product_tag?post=18641"}],"curies":[{"name":"wp","href":"https:\/\/api.w.org\/{rel}","templated":true}]}}