{"id":18768,"date":"2025-06-20T21:36:48","date_gmt":"2025-06-20T19:36:48","guid":{"rendered":"https:\/\/stage.poppersparadise.eu\/?post_type=product&#038;p=18768"},"modified":"2025-09-23T20:50:07","modified_gmt":"2025-09-23T18:50:07","slug":"panuelo-rojo-prowler-rosa","status":"publish","type":"product","link":"https:\/\/stage.poppersparadise.eu\/es\/producto\/panuelo-rojo-prowler-rosa\/","title":{"rendered":"Prowler Hanky Roze"},"content":{"rendered":"<h2 class=\"wp-block-heading\">El pa\u00f1uelo\/bandana rosa Prowler RED es m\u00e1s que un simple trozo de tela: es una declaraci\u00f3n audaz que resalta tu estilo y personalidad. <\/h2>\n\n\n\n<p>Tanto si busca moda, simbolismo o funcionalidad, esta bandana lo combina todo. Expresa tus preferencias de forma no verbal y ll\u00e9vala con orgullo, a diestro y siniestro.<\/p>\n\n\n\n<p><strong>Especificaciones del producto:<\/strong><\/p>\n\n\n\n<ul class=\"wp-block-list\">\n<li><strong>Material:<\/strong> 100% algod\u00f3n de primera calidad para mayor comodidad y durabilidad.<\/li>\n\n\n\n<li><strong>Dimensiones:<\/strong> 55 x 55 cm (22 x 22 pulgadas): ideal para varias opciones de transporte.<\/li>\n\n\n\n<li><strong>Colores:<\/strong> Disponible en diferentes tonos, con un significado simb\u00f3lico \u00fanico para cada color.<\/li>\n\n\n\n<li><strong>Mantenimiento:<\/strong> F\u00e1cil de cuidar; lavable a m\u00e1quina y apta para secadora.<\/li>\n\n\n\n<li><strong>Procedencia:<\/strong> Importados y cuidadosamente seleccionados para ofrecer la m\u00e1xima calidad.<\/li>\n\n\n\n<li><strong>Uso:<\/strong> Adecuado como accesorio de moda, herramienta pr\u00e1ctica o s\u00edmbolo expresivo.<\/li>\n\n\n\n<li><strong>Durabilidad adicional:<\/strong> No desti\u00f1e y est\u00e1 dise\u00f1ada para un uso prolongado.<\/li>\n\n\n\n<li><strong>Simbolismo:<\/strong> El rosa representa un significado \u00fanico; descubre c\u00f3mo puedes utilizarlo.<\/li>\n\n\n\n<li><strong>Colocaci\u00f3n:<\/strong> Ll\u00e9velo a la izquierda o a la derecha para comunicar sus preferencias discretamente.<\/li>\n<\/ul>\n\n\n\n<p><strong>Hanky C\u00f3digo Rosa<\/strong><\/p>\n\n\n\n<ul class=\"wp-block-list\">\n<li><strong>Se lleva a la izquierda:<\/strong> Dildo Fucker<\/li>\n\n\n\n<li><strong>Se lleva a la derecha:<\/strong> Dildo Fuckee<\/li>\n<\/ul>\n\n\n\n<p>Completa tu estilo con la bandana\/pa\u00f1uelo rosa Prowler RED y \u00fasala para expresarte. Ya lo lleves como un accesorio poderoso o como un s\u00edmbolo, tu elecci\u00f3n lo dice todo. Elige conscientemente, ll\u00e9valo con orgullo y demuestra qui\u00e9n eres.<\/p>\n\n\n\n<p><\/p>","protected":false},"excerpt":{"rendered":"<p>De Roze Prowler RED Bandana\/Hanky is meer dan een stuk stof \u2013 het is een gedurfd statement dat jouw stijl \u00e9n persoonlijkheid benadrukt. Of je nu mode, symboliek of functionaliteit zoekt, deze bandana combineert het allemaal. Geef jouw voorkeuren non-verbaal weer en draag het met trots, links of rechts. Productspecificaties: Hanky Code Roze Maak jouw [&hellip;]<\/p>","protected":false},"featured_media":18730,"comment_status":"open","ping_status":"closed","template":"","meta":[],"product_brand":[761],"product_cat":[330,762],"product_tag":[],"class_list":{"0":"post-18768","1":"product","2":"type-product","3":"status-publish","4":"has-post-thumbnail","6":"product_brand-prowler-red","7":"product_cat-accessoires","8":"product_cat-hanky-code","10":"first","11":"instock","12":"taxable","13":"shipping-taxable","14":"purchasable","15":"product-type-simple"},"_links":{"self":[{"href":"https:\/\/stage.poppersparadise.eu\/es\/wp-json\/wp\/v2\/product\/18768","targetHints":{"allow":["GET"]}}],"collection":[{"href":"https:\/\/stage.poppersparadise.eu\/es\/wp-json\/wp\/v2\/product"}],"about":[{"href":"https:\/\/stage.poppersparadise.eu\/es\/wp-json\/wp\/v2\/types\/product"}],"replies":[{"embeddable":true,"href":"https:\/\/stage.poppersparadise.eu\/es\/wp-json\/wp\/v2\/comments?post=18768"}],"wp:featuredmedia":[{"embeddable":true,"href":"https:\/\/stage.poppersparadise.eu\/es\/wp-json\/wp\/v2\/media\/18730"}],"wp:attachment":[{"href":"https:\/\/stage.poppersparadise.eu\/es\/wp-json\/wp\/v2\/media?parent=18768"}],"wp:term":[{"taxonomy":"product_brand","embeddable":true,"href":"https:\/\/stage.poppersparadise.eu\/es\/wp-json\/wp\/v2\/product_brand?post=18768"},{"taxonomy":"product_cat","embeddable":true,"href":"https:\/\/stage.poppersparadise.eu\/es\/wp-json\/wp\/v2\/product_cat?post=18768"},{"taxonomy":"product_tag","embeddable":true,"href":"https:\/\/stage.poppersparadise.eu\/es\/wp-json\/wp\/v2\/product_tag?post=18768"}],"curies":[{"name":"wp","href":"https:\/\/api.w.org\/{rel}","templated":true}]}}