{"id":18967,"date":"2025-06-27T17:27:29","date_gmt":"2025-06-27T15:27:29","guid":{"rendered":"https:\/\/stage.poppersparadise.eu\/product\/radiant-red-dildo-s\/"},"modified":"2025-09-23T11:25:13","modified_gmt":"2025-09-23T09:25:13","slug":"consolador-rojo-radiante-s","status":"publish","type":"product","link":"https:\/\/stage.poppersparadise.eu\/es\/producto\/consolador-rojo-radiante-s\/","title":{"rendered":"Consolador Rojo Radiante - S"},"content":{"rendered":"<h2 class=\"font-bold text-h3 leading-[36px] pt-[21px] pb-[2px] [&amp;_a]:underline-offset-[6px] [&amp;_.underline]:underline-offset-[6px]\" dir=\"ltr\">Experimente el brillo del cosmos con Radiant Red<\/h2>\n<p class=\"text-body font-regular leading-[24px] pt-[9px] pb-[2px]\" dir=\"ltr\">Enciende tu imaginaci\u00f3n y lleva tus momentos \u00edntimos al siguiente nivel con el Consolador Rojo Radiante. El atrevido dise\u00f1o inspirado en las estrellas captura la belleza y el atractivo del universo, llevando tus experiencias m\u00e1s all\u00e1 de lo ordinario. Adornado con una intrigante mezcla de rojo vibrante y profundos tonos oscuros, Radiant Red representa el infinito esplendor del cosmos.<\/p>\n<p class=\"text-body font-regular leading-[24px] pt-[9px] pb-[2px]\" dir=\"ltr\">Perfectamente dise\u00f1ada para aventureros y amantes de la fantas\u00eda, esta pieza excepcional es algo m\u00e1s que un accesorio: es tu puerta de entrada a un disfrute y un descubrimiento sin igual. Ya sea explorando en solitario o buscando emociones en juegos de rol, Radiant Red ofrece una experiencia extraordinaria que parece de otro mundo.<\/p>\n<h3 class=\"font-bold text-h4 leading-[30px] pt-[15px] pb-[2px] [&amp;_a]:underline-offset-[6px] [&amp;_.underline]:underline-offset-[6px]\" dir=\"ltr\">Especificaciones del producto<\/h3>\n<ul class=\"pt-[9px] pb-[2px] pl-[24px] list-disc [&amp;_ul]:pt-[5px] pt-[5px]\">\n<li class=\"text-body font-regular leading-[24px] my-[5px] [&amp;&gt;ol]:!pt-0 [&amp;&gt;ol]:!pb-0 [&amp;&gt;ul]:!pt-0 [&amp;&gt;ul]:!pb-0\" value=\"1\"><b><strong class=\"font-bold\">Longitud total<\/strong><\/b>: Un impresionante <strong>20.<\/strong><b><strong class=\"font-bold\">7 cm<\/strong><\/b> para una exploraci\u00f3n profunda.<\/li>\n<li class=\"text-body font-regular leading-[24px] my-[5px] [&amp;&gt;ol]:!pt-0 [&amp;&gt;ol]:!pb-0 [&amp;&gt;ul]:!pt-0 [&amp;&gt;ul]:!pb-0\" value=\"2\"><b><strong class=\"font-bold\">Longitud de inserci\u00f3n<\/strong><\/b>: <b><strong class=\"font-bold\">17,0 cm<\/strong><\/b> al placer personalizado para una satisfacci\u00f3n sin igual.<\/li>\n<li class=\"text-body font-regular leading-[24px] my-[5px] [&amp;&gt;ol]:!pt-0 [&amp;&gt;ol]:!pb-0 [&amp;&gt;ul]:!pt-0 [&amp;&gt;ul]:!pb-0\" value=\"3\"><b><strong class=\"font-bold\">Di\u00e1metro superior<\/strong><\/b>: <b><strong class=\"font-bold\">3,6 cm<\/strong><\/b>, dise\u00f1ado para una entrada acogedora y fluida.<\/li>\n<li class=\"text-body font-regular leading-[24px] my-[5px] [&amp;&gt;ol]:!pt-0 [&amp;&gt;ol]:!pb-0 [&amp;&gt;ul]:!pt-0 [&amp;&gt;ul]:!pb-0\" value=\"4\"><b><strong class=\"font-bold\">Di\u00e1metro central<\/strong><\/b>: Un robusto <b><strong class=\"font-bold\">5,3 cm<\/strong><\/b>, ofrece un tama\u00f1o satisfactorio.<\/li>\n<li class=\"text-body font-regular leading-[24px] my-[5px] [&amp;&gt;ol]:!pt-0 [&amp;&gt;ol]:!pb-0 [&amp;&gt;ul]:!pt-0 [&amp;&gt;ul]:!pb-0\" value=\"5\"><b><strong class=\"font-bold\">Di\u00e1metro de la base<\/strong><\/b>A estable <b><strong class=\"font-bold\">10,5 cm<\/strong><\/b>, para un manejo seguro y c\u00f3modo.<\/li>\n<li class=\"text-body font-regular leading-[24px] my-[5px] [&amp;&gt;ol]:!pt-0 [&amp;&gt;ol]:!pb-0 [&amp;&gt;ul]:!pt-0 [&amp;&gt;ul]:!pb-0\" value=\"6\"><b><strong class=\"font-bold\">Peso<\/strong><\/b>: Un sustancial <strong>534 g<\/strong><b><strong class=\"font-bold\">ram<\/strong><\/b> para una sensaci\u00f3n realista y estable.<\/li>\n<li class=\"text-body font-regular leading-[24px] my-[5px] [&amp;&gt;ol]:!pt-0 [&amp;&gt;ol]:!pb-0 [&amp;&gt;ul]:!pt-0 [&amp;&gt;ul]:!pb-0\" value=\"7\"><b><strong class=\"font-bold\">Material<\/strong><\/b>Silicona de platino de alta calidad para una mayor durabilidad y un tacto m\u00e1s realista.<\/li>\n<li class=\"text-body font-regular leading-[24px] my-[5px] [&amp;&gt;ol]:!pt-0 [&amp;&gt;ol]:!pb-0 [&amp;&gt;ul]:!pt-0 [&amp;&gt;ul]:!pb-0\" value=\"8\"><b><strong class=\"font-bold\">Colores<\/strong><\/b>: Una impresionante mezcla de tonos rojos y oscuros, s\u00edmbolo de la belleza intemporal de las estrellas.<\/li>\n<\/ul>\n<p class=\"text-body font-regular leading-[24px] pt-[9px] pb-[2px]\" dir=\"ltr\">R\u00edndase ante la excepcional calidad y el espectacular dise\u00f1o de Radiant Red. Esta obra maestra c\u00f3smica promete una experiencia inolvidable m\u00e1s all\u00e1 de la imaginaci\u00f3n.<\/p>","protected":false},"excerpt":{"rendered":"<p>Descubra el consolador Rojo Radiante, un lujoso y voluminoso dise\u00f1o inspirado en el cosmos. Experimenta la m\u00e1xima satisfacci\u00f3n.<\/p>","protected":false},"featured_media":18966,"comment_status":"open","ping_status":"closed","template":"","meta":[],"product_brand":[767],"product_cat":[766,787],"product_tag":[],"class_list":{"0":"post-18967","1":"product","2":"type-product","3":"status-publish","4":"has-post-thumbnail","6":"product_brand-giant-space-intruders","7":"product_cat-dildos","8":"product_cat-monster-fantasy-dildos","10":"first","11":"instock","12":"sale","13":"taxable","14":"shipping-taxable","15":"purchasable","16":"product-type-simple"},"_links":{"self":[{"href":"https:\/\/stage.poppersparadise.eu\/es\/wp-json\/wp\/v2\/product\/18967","targetHints":{"allow":["GET"]}}],"collection":[{"href":"https:\/\/stage.poppersparadise.eu\/es\/wp-json\/wp\/v2\/product"}],"about":[{"href":"https:\/\/stage.poppersparadise.eu\/es\/wp-json\/wp\/v2\/types\/product"}],"replies":[{"embeddable":true,"href":"https:\/\/stage.poppersparadise.eu\/es\/wp-json\/wp\/v2\/comments?post=18967"}],"wp:featuredmedia":[{"embeddable":true,"href":"https:\/\/stage.poppersparadise.eu\/es\/wp-json\/wp\/v2\/media\/18966"}],"wp:attachment":[{"href":"https:\/\/stage.poppersparadise.eu\/es\/wp-json\/wp\/v2\/media?parent=18967"}],"wp:term":[{"taxonomy":"product_brand","embeddable":true,"href":"https:\/\/stage.poppersparadise.eu\/es\/wp-json\/wp\/v2\/product_brand?post=18967"},{"taxonomy":"product_cat","embeddable":true,"href":"https:\/\/stage.poppersparadise.eu\/es\/wp-json\/wp\/v2\/product_cat?post=18967"},{"taxonomy":"product_tag","embeddable":true,"href":"https:\/\/stage.poppersparadise.eu\/es\/wp-json\/wp\/v2\/product_tag?post=18967"}],"curies":[{"name":"wp","href":"https:\/\/api.w.org\/{rel}","templated":true}]}}