{"id":19011,"date":"2025-06-27T17:30:07","date_gmt":"2025-06-27T15:30:07","guid":{"rendered":"https:\/\/stage.poppersparadise.eu\/product\/emerald-excitement-squirting-dildo-m\/"},"modified":"2025-09-23T11:25:14","modified_gmt":"2025-09-23T09:25:14","slug":"esmeralda-excitacion-squirting-consolador-m","status":"publish","type":"product","link":"https:\/\/stage.poppersparadise.eu\/es\/producto\/esmeralda-excitacion-squirting-consolador-m\/","title":{"rendered":"Esmeralda Excitaci\u00f3n Squirting Consolador - M"},"content":{"rendered":"<h2 class=\"font-bold text-h3 leading-[36px] pt-[21px] pb-[2px] [&amp;_a]:underline-offset-[6px] [&amp;_.underline]:underline-offset-[6px]\" dir=\"ltr\">Descubre el Consolador Esmeralda Squirting Excitement<\/h2>\n<p class=\"text-body font-regular leading-[24px] pt-[9px] pb-[2px]\" dir=\"ltr\">Imagina un ser de una dimensi\u00f3n futura, imbuido de la energ\u00eda vibrante de un planeta lejano y m\u00edstico. Su color es verde, pero no el verde ordinario que conoces; irradia un brillo encantador, similar al de una esmeralda centelleando bajo la luz de la luna. Esta misteriosa criatura, conocida como la Excitaci\u00f3n Esmeralda, ha descendido a la Tierra con una misi\u00f3n \u00fanica: despertar y excitar los sentidos de los amantes de la fantas\u00eda de todo el mundo. Su dise\u00f1o no s\u00f3lo evoca a una criatura de otro mundo, sino que encarna una forma sin igual que estimula la imaginaci\u00f3n.<\/p>\n<p class=\"text-body font-regular leading-[24px] pt-[9px] pb-[2px]\" dir=\"ltr\">El consolador Emerald Excitement trasciende el mundo de los juguetes sexuales convencionales: es una experiencia inmersiva dise\u00f1ada para llevarte a un mundo de fantas\u00eda y \u00e9xtasis, donde tu placer es lo m\u00e1s importante. Fabricado con extremo cuidado y atenci\u00f3n al detalle, su construcci\u00f3n est\u00e1 dise\u00f1ada para mejorar cada momento \u00edntimo, por lo que es una adici\u00f3n verdaderamente extraordinaria a cualquier colecci\u00f3n.<\/p>\n<h3 class=\"font-bold text-h4 leading-[30px] pt-[15px] pb-[2px] [&amp;_a]:underline-offset-[6px] [&amp;_.underline]:underline-offset-[6px]\" dir=\"ltr\">Especificaciones del producto<\/h3>\n<ul class=\"pt-[9px] pb-[2px] pl-[24px] list-disc [&amp;_ul]:pt-[5px] pt-[5px]\">\n<li class=\"text-body font-regular leading-[24px] my-[5px] [&amp;&gt;ol]:!pt-0 [&amp;&gt;ol]:!pb-0 [&amp;&gt;ul]:!pt-0 [&amp;&gt;ul]:!pb-0\" value=\"1\"><b><strong class=\"font-bold\">Longitud total<\/strong><\/b>: 30,3 cm, proporciona un alcance suficiente para sensaciones profundas y satisfactorias<\/li>\n<li class=\"text-body font-regular leading-[24px] my-[5px] [&amp;&gt;ol]:!pt-0 [&amp;&gt;ol]:!pb-0 [&amp;&gt;ul]:!pt-0 [&amp;&gt;ul]:!pb-0\" value=\"2\"><b><strong class=\"font-bold\">Longitud de inserci\u00f3n<\/strong><\/b>: 24,7 cm, dise\u00f1ado para la plena satisfacci\u00f3n y exploraci\u00f3n<\/li>\n<li class=\"text-body font-regular leading-[24px] my-[5px] [&amp;&gt;ol]:!pt-0 [&amp;&gt;ol]:!pb-0 [&amp;&gt;ul]:!pt-0 [&amp;&gt;ul]:!pb-0\" value=\"3\"><b><strong class=\"font-bold\">Di\u00e1metro superior<\/strong><\/b>: 4,8 cm, ofrece una sutil introducci\u00f3n a su exquisita forma<\/li>\n<li class=\"text-body font-regular leading-[24px] my-[5px] [&amp;&gt;ol]:!pt-0 [&amp;&gt;ol]:!pb-0 [&amp;&gt;ul]:!pt-0 [&amp;&gt;ul]:!pb-0\" value=\"4\"><b><strong class=\"font-bold\">Di\u00e1metro central<\/strong><\/b>: 8,3 cm, para una experiencia m\u00e1s completa y envolvente<\/li>\n<li class=\"text-body font-regular leading-[24px] my-[5px] [&amp;&gt;ol]:!pt-0 [&amp;&gt;ol]:!pb-0 [&amp;&gt;ul]:!pt-0 [&amp;&gt;ul]:!pb-0\" value=\"5\"><b><strong class=\"font-bold\">Di\u00e1metro de la base<\/strong><\/b>: 12,7 cm, garantiza estabilidad y facilidad de uso<\/li>\n<li class=\"text-body font-regular leading-[24px] my-[5px] [&amp;&gt;ol]:!pt-0 [&amp;&gt;ol]:!pb-0 [&amp;&gt;ul]:!pt-0 [&amp;&gt;ul]:!pb-0\" value=\"6\"><b><strong class=\"font-bold\">Peso<\/strong><\/b>: 1589 gramos, perfectamente equilibrado para un agarre c\u00f3modo<\/li>\n<li class=\"text-body font-regular leading-[24px] my-[5px] [&amp;&gt;ol]:!pt-0 [&amp;&gt;ol]:!pb-0 [&amp;&gt;ul]:!pt-0 [&amp;&gt;ul]:!pb-0\" value=\"7\"><b><strong class=\"font-bold\">Colores<\/strong><\/b>: Una mezcla \u00fanica de verdes que fascinan e intrigan<\/li>\n<li class=\"text-body font-regular leading-[24px] my-[5px] [&amp;&gt;ol]:!pt-0 [&amp;&gt;ol]:!pb-0 [&amp;&gt;ul]:!pt-0 [&amp;&gt;ul]:!pb-0\" value=\"8\"><b><strong class=\"font-bold\">Material<\/strong><\/b>Silicona platino de primera calidad, para mayor seguridad, durabilidad y un tacto lujoso.<\/li>\n<\/ul>\n<h3 class=\"font-bold text-h4 leading-[30px] pt-[15px] pb-[2px] [&amp;_a]:underline-offset-[6px] [&amp;_.underline]:underline-offset-[6px]\" dir=\"ltr\">Propiedades \u00fanicas<\/h3>\n<ul class=\"pt-[9px] pb-[2px] pl-[24px] list-disc [&amp;_ul]:pt-[5px] pt-[5px]\">\n<li class=\"text-body font-regular leading-[24px] my-[5px] [&amp;&gt;ol]:!pt-0 [&amp;&gt;ol]:!pb-0 [&amp;&gt;ul]:!pt-0 [&amp;&gt;ul]:!pb-0\" value=\"1\"><b><strong class=\"font-bold\">Funci\u00f3n Squirting: <\/strong><\/b>Prep\u00e1rate junto con tu compa\u00f1ero extraterrestre<\/li>\n<li class=\"text-body font-regular leading-[24px] my-[5px] [&amp;&gt;ol]:!pt-0 [&amp;&gt;ol]:!pb-0 [&amp;&gt;ul]:!pt-0 [&amp;&gt;ul]:!pb-0\" value=\"1\"><b><strong class=\"font-bold\">Calidad superior:<\/strong><\/b> Fabricado con silicona Platinum de la m\u00e1s alta calidad para un tacto incre\u00edblemente realista.<\/li>\n<li class=\"text-body font-regular leading-[24px] my-[5px] [&amp;&gt;ol]:!pt-0 [&amp;&gt;ol]:!pb-0 [&amp;&gt;ul]:!pt-0 [&amp;&gt;ul]:!pb-0\" value=\"2\"><b><strong class=\"font-bold\">Colores vivos:<\/strong><\/b> Una impresionante mezcla de tonos verdes<\/li>\n<li class=\"text-body font-regular leading-[24px] my-[5px] [&amp;&gt;ol]:!pt-0 [&amp;&gt;ol]:!pb-0 [&amp;&gt;ul]:!pt-0 [&amp;&gt;ul]:!pb-0\" value=\"3\"><b><strong class=\"font-bold\">Uso vers\u00e1til:<\/strong><\/b> Perfecto tanto para juegos anales como vaginales.<\/li>\n<\/ul>","protected":false},"excerpt":{"rendered":"<p>Imagina un ser de una dimensi\u00f3n futura, imbuido de la energ\u00eda vibrante de un planeta lejano y m\u00edstico. El color es verde, pero no el verde ordinario que conoces; irradia un brillo encantador, similar al de una esmeralda centelleando bajo la luz de la luna.<\/p>","protected":false},"featured_media":19010,"comment_status":"open","ping_status":"closed","template":"","meta":[],"product_brand":[767],"product_cat":[766,787],"product_tag":[],"class_list":{"0":"post-19011","1":"product","2":"type-product","3":"status-publish","4":"has-post-thumbnail","6":"product_brand-giant-space-intruders","7":"product_cat-dildos","8":"product_cat-monster-fantasy-dildos","10":"first","11":"instock","12":"sale","13":"taxable","14":"shipping-taxable","15":"purchasable","16":"product-type-simple"},"_links":{"self":[{"href":"https:\/\/stage.poppersparadise.eu\/es\/wp-json\/wp\/v2\/product\/19011","targetHints":{"allow":["GET"]}}],"collection":[{"href":"https:\/\/stage.poppersparadise.eu\/es\/wp-json\/wp\/v2\/product"}],"about":[{"href":"https:\/\/stage.poppersparadise.eu\/es\/wp-json\/wp\/v2\/types\/product"}],"replies":[{"embeddable":true,"href":"https:\/\/stage.poppersparadise.eu\/es\/wp-json\/wp\/v2\/comments?post=19011"}],"wp:featuredmedia":[{"embeddable":true,"href":"https:\/\/stage.poppersparadise.eu\/es\/wp-json\/wp\/v2\/media\/19010"}],"wp:attachment":[{"href":"https:\/\/stage.poppersparadise.eu\/es\/wp-json\/wp\/v2\/media?parent=19011"}],"wp:term":[{"taxonomy":"product_brand","embeddable":true,"href":"https:\/\/stage.poppersparadise.eu\/es\/wp-json\/wp\/v2\/product_brand?post=19011"},{"taxonomy":"product_cat","embeddable":true,"href":"https:\/\/stage.poppersparadise.eu\/es\/wp-json\/wp\/v2\/product_cat?post=19011"},{"taxonomy":"product_tag","embeddable":true,"href":"https:\/\/stage.poppersparadise.eu\/es\/wp-json\/wp\/v2\/product_tag?post=19011"}],"curies":[{"name":"wp","href":"https:\/\/api.w.org\/{rel}","templated":true}]}}