{"id":19098,"date":"2025-06-27T17:34:32","date_gmt":"2025-06-27T15:34:32","guid":{"rendered":"https:\/\/stage.poppersparadise.eu\/product\/asteroid-adventurer-dildo-l\/"},"modified":"2025-09-23T11:25:14","modified_gmt":"2025-09-23T09:25:14","slug":"asteroid-adventurer-consolador-l","status":"publish","type":"product","link":"https:\/\/stage.poppersparadise.eu\/es\/producto\/asteroid-adventurer-consolador-l\/","title":{"rendered":"Consolador Aventurero Asteroide - L"},"content":{"rendered":"<h2 class=\"font-bold text-h3 leading-[36px] pt-[21px] pb-[2px] [&amp;_a]:underline-offset-[6px] [&amp;_.underline]:underline-offset-[6px]\" dir=\"ltr\">Descubre el placer c\u00f3smico con el consolador Asteroid Adventurer<\/h2>\n<p class=\"text-body font-regular leading-[24px] pt-[9px] pb-[2px]\" dir=\"ltr\">Emb\u00e1rcate en un viaje a nuevas dimensiones de placer con nuestro consolador de fantas\u00eda de dise\u00f1o exclusivo, inspirado en criaturas m\u00edticas y fabricado con silicona de platino de alta calidad para una sensaci\u00f3n realista. Imagina una criatura venida de un asteroide lejano, enriqueciendo nuestro mundo con un \u00e9xtasis alien\u00edgena que colma tus deseos terrenales. Esto no es s\u00f3lo un juguete; es tu puerta de entrada a un universo de fantas\u00edas por descubrir. Tanto si te embarcas en una aventura en solitario como si exploras momentos compartidos con tu pareja, este consolador est\u00e1 aqu\u00ed para satisfacer tus fantas\u00edas m\u00e1s profundas y enigm\u00e1ticas.<\/p>\n<h3 class=\"font-bold text-h4 leading-[30px] pt-[15px] pb-[2px] [&amp;_a]:underline-offset-[6px] [&amp;_.underline]:underline-offset-[6px]\" dir=\"ltr\">Especificaciones del producto<\/h3>\n<ul class=\"pt-[9px] pb-[2px] pl-[24px] list-disc [&amp;_ul]:pt-[5px] pt-[5px]\">\n<li class=\"text-body font-regular leading-[24px] my-[5px] [&amp;&gt;ol]:!pt-0 [&amp;&gt;ol]:!pb-0 [&amp;&gt;ul]:!pt-0 [&amp;&gt;ul]:!pb-0\" value=\"1\"><b><strong class=\"font-bold\">Longitud total:<\/strong><\/b> 26,8 cm<\/li>\n<li class=\"text-body font-regular leading-[24px] my-[5px] [&amp;&gt;ol]:!pt-0 [&amp;&gt;ol]:!pb-0 [&amp;&gt;ul]:!pt-0 [&amp;&gt;ul]:!pb-0\" value=\"2\"><b><strong class=\"font-bold\">Longitud de inserci\u00f3n:<\/strong><\/b> 22,3 cm<\/li>\n<li class=\"text-body font-regular leading-[24px] my-[5px] [&amp;&gt;ol]:!pt-0 [&amp;&gt;ol]:!pb-0 [&amp;&gt;ul]:!pt-0 [&amp;&gt;ul]:!pb-0\" value=\"3\"><b><strong class=\"font-bold\">Di\u00e1metro superior:<\/strong><\/b> 4,4 cm<\/li>\n<li class=\"text-body font-regular leading-[24px] my-[5px] [&amp;&gt;ol]:!pt-0 [&amp;&gt;ol]:!pb-0 [&amp;&gt;ul]:!pt-0 [&amp;&gt;ul]:!pb-0\" value=\"4\"><b><strong class=\"font-bold\">Di\u00e1metro central:<\/strong><\/b> 7,5 cm<\/li>\n<li class=\"text-body font-regular leading-[24px] my-[5px] [&amp;&gt;ol]:!pt-0 [&amp;&gt;ol]:!pb-0 [&amp;&gt;ul]:!pt-0 [&amp;&gt;ul]:!pb-0\" value=\"5\"><b><strong class=\"font-bold\">Di\u00e1metro de la base:<\/strong><\/b> 12,8 cm<\/li>\n<li class=\"text-body font-regular leading-[24px] my-[5px] [&amp;&gt;ol]:!pt-0 [&amp;&gt;ol]:!pb-0 [&amp;&gt;ul]:!pt-0 [&amp;&gt;ul]:!pb-0\" value=\"6\"><b><strong class=\"font-bold\">Peso:<\/strong><\/b> 1376 gramos<\/li>\n<li class=\"text-body font-regular leading-[24px] my-[5px] [&amp;&gt;ol]:!pt-0 [&amp;&gt;ol]:!pb-0 [&amp;&gt;ul]:!pt-0 [&amp;&gt;ul]:!pb-0\" value=\"7\"><b><strong class=\"font-bold\">Colores:<\/strong><\/b> Una encantadora mezcla de verde-azul, dorado y rosa<\/li>\n<li class=\"text-body font-regular leading-[24px] my-[5px] [&amp;&gt;ol]:!pt-0 [&amp;&gt;ol]:!pb-0 [&amp;&gt;ul]:!pt-0 [&amp;&gt;ul]:!pb-0\" value=\"8\"><b><strong class=\"font-bold\">Material:<\/strong><\/b> Silicona platino de alta calidad<\/li>\n<\/ul>\n<h3 class=\"font-bold text-h4 leading-[30px] pt-[15px] pb-[2px] [&amp;_a]:underline-offset-[6px] [&amp;_.underline]:underline-offset-[6px]\" dir=\"ltr\">Caracter\u00edsticas \u00fanicas<\/h3>\n<ul class=\"pt-[9px] pb-[2px] pl-[24px] list-disc [&amp;_ul]:pt-[5px] pt-[5px]\">\n<li class=\"text-body font-regular leading-[24px] my-[5px] [&amp;&gt;ol]:!pt-0 [&amp;&gt;ol]:!pb-0 [&amp;&gt;ul]:!pt-0 [&amp;&gt;ul]:!pb-0\" value=\"1\"><b><strong class=\"font-bold\">Calidad superior:<\/strong><\/b> Fabricado con la m\u00e1s fina silicona de platino para un tacto incre\u00edblemente realista.<\/li>\n<li class=\"text-body font-regular leading-[24px] my-[5px] [&amp;&gt;ol]:!pt-0 [&amp;&gt;ol]:!pb-0 [&amp;&gt;ul]:!pt-0 [&amp;&gt;ul]:!pb-0\" value=\"2\"><b><strong class=\"font-bold\">Colores vivos:<\/strong><\/b> Una impresionante mezcla de verde-azul, dorado y rosa que hechiza los sentidos.<\/li>\n<li class=\"text-body font-regular leading-[24px] my-[5px] [&amp;&gt;ol]:!pt-0 [&amp;&gt;ol]:!pb-0 [&amp;&gt;ul]:!pt-0 [&amp;&gt;ul]:!pb-0\" value=\"3\"><b><strong class=\"font-bold\">Uso vers\u00e1til:<\/strong><\/b> Ideal tanto para la estimulaci\u00f3n anal como vaginal, perfecto para cualquier amante de las fantas\u00edas.<\/li>\n<\/ul>\n<h3 class=\"font-bold text-h4 leading-[30px] pt-[15px] pb-[2px] [&amp;_a]:underline-offset-[6px] [&amp;_.underline]:underline-offset-[6px]\" dir=\"ltr\">Emb\u00e1rcate en un viaje de descubrimiento hacia un nuevo mundo de placer<\/h3>\n<p class=\"text-body font-regular leading-[24px] pt-[9px] pb-[2px]\" dir=\"ltr\">Tanto si quieres darle un toque picante a las cosas en pareja o disfrutar de un juego en solitario como amante de la fantas\u00eda, esta belleza c\u00f3smica est\u00e1 dise\u00f1ada para complacer. Grande e imponente, con un dise\u00f1o inspirado en criaturas m\u00edticas, promete una experiencia visualmente impresionante y f\u00edsicamente satisfactoria.<\/p>","protected":false},"excerpt":{"rendered":"<p>Descubre nuevas dimensiones del placer con nuestro consolador de fantas\u00eda de dise\u00f1o exclusivo, inspirado en temas m\u00edticos. Elaborado por expertos para una experiencia realista y vers\u00e1til.<\/p>","protected":false},"featured_media":19097,"comment_status":"open","ping_status":"closed","template":"","meta":[],"product_brand":[767],"product_cat":[766,787],"product_tag":[],"class_list":{"0":"post-19098","1":"product","2":"type-product","3":"status-publish","4":"has-post-thumbnail","6":"product_brand-giant-space-intruders","7":"product_cat-dildos","8":"product_cat-monster-fantasy-dildos","10":"first","11":"instock","12":"sale","13":"taxable","14":"shipping-taxable","15":"purchasable","16":"product-type-simple"},"_links":{"self":[{"href":"https:\/\/stage.poppersparadise.eu\/es\/wp-json\/wp\/v2\/product\/19098","targetHints":{"allow":["GET"]}}],"collection":[{"href":"https:\/\/stage.poppersparadise.eu\/es\/wp-json\/wp\/v2\/product"}],"about":[{"href":"https:\/\/stage.poppersparadise.eu\/es\/wp-json\/wp\/v2\/types\/product"}],"replies":[{"embeddable":true,"href":"https:\/\/stage.poppersparadise.eu\/es\/wp-json\/wp\/v2\/comments?post=19098"}],"wp:featuredmedia":[{"embeddable":true,"href":"https:\/\/stage.poppersparadise.eu\/es\/wp-json\/wp\/v2\/media\/19097"}],"wp:attachment":[{"href":"https:\/\/stage.poppersparadise.eu\/es\/wp-json\/wp\/v2\/media?parent=19098"}],"wp:term":[{"taxonomy":"product_brand","embeddable":true,"href":"https:\/\/stage.poppersparadise.eu\/es\/wp-json\/wp\/v2\/product_brand?post=19098"},{"taxonomy":"product_cat","embeddable":true,"href":"https:\/\/stage.poppersparadise.eu\/es\/wp-json\/wp\/v2\/product_cat?post=19098"},{"taxonomy":"product_tag","embeddable":true,"href":"https:\/\/stage.poppersparadise.eu\/es\/wp-json\/wp\/v2\/product_tag?post=19098"}],"curies":[{"name":"wp","href":"https:\/\/api.w.org\/{rel}","templated":true}]}}