{"id":19164,"date":"2025-06-27T17:38:34","date_gmt":"2025-06-27T15:38:34","guid":{"rendered":"https:\/\/stage.poppersparadise.eu\/product\/starlight-stinger-dildo-m\/"},"modified":"2025-09-23T11:25:14","modified_gmt":"2025-09-23T09:25:14","slug":"starlight-stinger-dildo-m","status":"publish","type":"product","link":"https:\/\/stage.poppersparadise.eu\/es\/producto\/starlight-stinger-dildo-m\/","title":{"rendered":"Consolador Starlight Stinger - M"},"content":{"rendered":"<h2 class=\"font-bold text-h3 leading-[40px] pt-[21px] pb-[2px] [&amp;_a]:underline-offset-[6px] [&amp;_.underline]:underline-offset-[6px]\" dir=\"ltr\">Despu\u00e9s de un largo viaje, aqu\u00ed est\u00e1; el Consolador Starlight Stinger<\/h2>\n<p class=\"text-body font-regular leading-[24px] pt-[9px] pb-[2px]\" dir=\"ltr\">Una creaci\u00f3n de otro mundo ha aterrizado en la Tierra: el Starlight Stinger. Con sus colores vibrantes, materiales de alta calidad y dise\u00f1o vers\u00e1til, este no es un consolador m\u00e1s; es un aliado celestial que alimenta tus deseos y hace realidad tus fantas\u00edas.<\/p>\n<p class=\"text-body font-regular leading-[24px] pt-[9px] pb-[2px]\" dir=\"ltr\">Seg\u00fan la leyenda, el Starlight Stinger no es un objeto cualquiera. Procedente de los confines de una galaxia alien\u00edgena, tiene una misi\u00f3n clara: hacer que sus usuarios experimenten un placer sin parang\u00f3n a la vez que esparcen alegr\u00eda all\u00e1 donde van. Especialmente dise\u00f1ado para parejas aventureras y exploradores en solitario, esta creaci\u00f3n de alta calidad est\u00e1 aqu\u00ed para seducir, excitar y enganchar de formas que nunca so\u00f1aste.<\/p>\n<h3 class=\"font-bold text-h4 leading-[30px] pt-[15px] pb-[2px] [&amp;_a]:underline-offset-[6px] [&amp;_.underline]:underline-offset-[6px]\" dir=\"ltr\">Por qu\u00e9 el Starlight Stinger es \u00fanico<\/h3>\n<p class=\"text-body font-regular leading-[24px] pt-[9px] pb-[2px]\" dir=\"ltr\">Fabricado con la m\u00e1s fina silicona de platino, el Starlight Stinger est\u00e1 dise\u00f1ado para proporcionar una experiencia de otro mundo pero incre\u00edblemente realista. La fascinante combinaci\u00f3n de colores verde-azul, dorado y morado a\u00f1ade un elemento visual impresionante a tus momentos, atrayendo tus sentidos incluso antes de que comience la aventura.<\/p>\n<p class=\"text-body font-regular leading-[24px] pt-[9px] pb-[2px]\" dir=\"ltr\">Con unas dimensiones perfectamente equilibradas para la estimulaci\u00f3n vaginal y anal, este vers\u00e1til juguete es la elecci\u00f3n perfecta para cualquiera que desee explorar su sensualidad. Es duradero, respetuoso con el cuerpo y est\u00e1 hecho para quienes creen que el placer no tiene l\u00edmites.<\/p>\n<h3 class=\"font-bold text-h4 leading-[30px] pt-[15px] pb-[2px] [&amp;_a]:underline-offset-[6px] [&amp;_.underline]:underline-offset-[6px]\" dir=\"ltr\">Especificaciones del producto<\/h3>\n<ul class=\"pt-[9px] pb-[2px] pl-[24px] list-disc [&amp;_ul]:pt-[5px] pt-[5px]\">\n<li class=\"text-body font-regular leading-[24px] my-[5px] [&amp;&gt;ol]:!pt-0 [&amp;&gt;ol]:!pb-0 [&amp;&gt;ul]:!pt-0 [&amp;&gt;ul]:!pb-0\" value=\"1\"><b><strong class=\"font-bold\">Longitud total<\/strong><\/b>: 21,0 cm<\/li>\n<li class=\"text-body font-regular leading-[24px] my-[5px] [&amp;&gt;ol]:!pt-0 [&amp;&gt;ol]:!pb-0 [&amp;&gt;ul]:!pt-0 [&amp;&gt;ul]:!pb-0\" value=\"2\"><b><strong class=\"font-bold\">Longitud de inserci\u00f3n<\/strong><\/b>: 15,5 cm<\/li>\n<li class=\"text-body font-regular leading-[24px] my-[5px] [&amp;&gt;ol]:!pt-0 [&amp;&gt;ol]:!pb-0 [&amp;&gt;ul]:!pt-0 [&amp;&gt;ul]:!pb-0\" value=\"3\"><b><strong class=\"font-bold\">Di\u00e1metro punta<\/strong><\/b>: 5,4 cm<\/li>\n<li class=\"text-body font-regular leading-[24px] my-[5px] [&amp;&gt;ol]:!pt-0 [&amp;&gt;ol]:!pb-0 [&amp;&gt;ul]:!pt-0 [&amp;&gt;ul]:!pb-0\" value=\"4\"><b><strong class=\"font-bold\">Di\u00e1metro eje central<\/strong><\/b>: 6,0 cm<\/li>\n<li class=\"text-body font-regular leading-[24px] my-[5px] [&amp;&gt;ol]:!pt-0 [&amp;&gt;ol]:!pb-0 [&amp;&gt;ul]:!pt-0 [&amp;&gt;ul]:!pb-0\" value=\"5\"><b><strong class=\"font-bold\">Di\u00e1metro de la base<\/strong><\/b>: 12,5 cm<\/li>\n<li class=\"text-body font-regular leading-[24px] my-[5px] [&amp;&gt;ol]:!pt-0 [&amp;&gt;ol]:!pb-0 [&amp;&gt;ul]:!pt-0 [&amp;&gt;ul]:!pb-0\" value=\"6\"><b><strong class=\"font-bold\">Peso<\/strong><\/b>: 902 g<\/li>\n<li class=\"text-body font-regular leading-[24px] my-[5px] [&amp;&gt;ol]:!pt-0 [&amp;&gt;ol]:!pb-0 [&amp;&gt;ul]:!pt-0 [&amp;&gt;ul]:!pb-0\" value=\"7\"><b><strong class=\"font-bold\">Material<\/strong><\/b>Silicona de platino de alta calidad<\/li>\n<li class=\"text-body font-regular leading-[24px] my-[5px] [&amp;&gt;ol]:!pt-0 [&amp;&gt;ol]:!pb-0 [&amp;&gt;ul]:!pt-0 [&amp;&gt;ul]:!pb-0\" value=\"8\"><b><strong class=\"font-bold\">Color<\/strong><\/b>: Una mezcla celestial de verde-azul, dorado y p\u00farpura<\/li>\n<li><b><strong class=\"font-bold\">Uso vers\u00e1til:<\/strong><\/b> Ideal tanto para la estimulaci\u00f3n anal como vaginal, perfecto para cualquier amante de las fantas\u00edas<\/li>\n<\/ul>\n<h3 class=\"font-bold text-h4 leading-[30px] pt-[15px] pb-[2px] [&amp;_a]:underline-offset-[6px] [&amp;_.underline]:underline-offset-[6px]\" dir=\"ltr\">Le espera el m\u00e1ximo placer<\/h3>\n<p class=\"text-body font-regular leading-[24px] pt-[9px] pb-[2px]\" dir=\"ltr\">El Starlight Stinger es para quienes no temen sumergirse en sus fantas\u00edas m\u00e1s v\u00edvidas. Lleve la extraordinaria energ\u00eda del universo a su dormitorio y experimente la magia de este compa\u00f1ero de otro mundo. Perfecto para cualquiera a quien le guste explorar sus l\u00edmites o a\u00f1adir un toque de excitaci\u00f3n a su colecci\u00f3n.<\/p>\n<p class=\"text-body font-regular leading-[24px] pt-[9px] pb-[2px]\" dir=\"ltr\">El Starlight Stinger viene en un discreto embalaje ecol\u00f3gico y se env\u00eda con total respeto a tu intimidad. Tanto si vuelas solo como si exploras en pareja, este juguete c\u00f3smico te dejar\u00e1 experiencias inolvidables.<\/p>\n<p class=\"text-body font-regular leading-[24px] pt-[9px] pb-[2px]\" dir=\"ltr\">No te limites a so\u00f1ar con el placer m\u00e1s all\u00e1 de este mundo: experim\u00e9ntalo.<\/p>","protected":false},"excerpt":{"rendered":"<p>Descubre el Starlight Stinger, un consolador de silicona platino de primera calidad dise\u00f1ado para el placer c\u00f3smico con colores vibrantes y una calidad inigualable.<\/p>","protected":false},"featured_media":19163,"comment_status":"open","ping_status":"closed","template":"","meta":[],"product_brand":[767],"product_cat":[766,787],"product_tag":[],"class_list":{"0":"post-19164","1":"product","2":"type-product","3":"status-publish","4":"has-post-thumbnail","6":"product_brand-giant-space-intruders","7":"product_cat-dildos","8":"product_cat-monster-fantasy-dildos","10":"first","11":"instock","12":"sale","13":"taxable","14":"shipping-taxable","15":"purchasable","16":"product-type-simple"},"_links":{"self":[{"href":"https:\/\/stage.poppersparadise.eu\/es\/wp-json\/wp\/v2\/product\/19164","targetHints":{"allow":["GET"]}}],"collection":[{"href":"https:\/\/stage.poppersparadise.eu\/es\/wp-json\/wp\/v2\/product"}],"about":[{"href":"https:\/\/stage.poppersparadise.eu\/es\/wp-json\/wp\/v2\/types\/product"}],"replies":[{"embeddable":true,"href":"https:\/\/stage.poppersparadise.eu\/es\/wp-json\/wp\/v2\/comments?post=19164"}],"wp:featuredmedia":[{"embeddable":true,"href":"https:\/\/stage.poppersparadise.eu\/es\/wp-json\/wp\/v2\/media\/19163"}],"wp:attachment":[{"href":"https:\/\/stage.poppersparadise.eu\/es\/wp-json\/wp\/v2\/media?parent=19164"}],"wp:term":[{"taxonomy":"product_brand","embeddable":true,"href":"https:\/\/stage.poppersparadise.eu\/es\/wp-json\/wp\/v2\/product_brand?post=19164"},{"taxonomy":"product_cat","embeddable":true,"href":"https:\/\/stage.poppersparadise.eu\/es\/wp-json\/wp\/v2\/product_cat?post=19164"},{"taxonomy":"product_tag","embeddable":true,"href":"https:\/\/stage.poppersparadise.eu\/es\/wp-json\/wp\/v2\/product_tag?post=19164"}],"curies":[{"name":"wp","href":"https:\/\/api.w.org\/{rel}","templated":true}]}}