{"id":19197,"date":"2025-06-27T17:40:43","date_gmt":"2025-06-27T15:40:43","guid":{"rendered":"https:\/\/stage.poppersparadise.eu\/product\/saturnian-stallion-dildo-m\/"},"modified":"2025-09-23T11:25:15","modified_gmt":"2025-09-23T09:25:15","slug":"semental-saturniano-consolador-m","status":"publish","type":"product","link":"https:\/\/stage.poppersparadise.eu\/es\/producto\/semental-saturniano-consolador-m\/","title":{"rendered":"Consolador Semental Saturniano - M"},"content":{"rendered":"<h2 class=\"font-bold text-h3 leading-[40px] pt-[21px] pb-[2px] [&amp;_a]:underline-offset-[6px] [&amp;_.underline]:underline-offset-[6px]\" dir=\"ltr\">Cuidado con el consolador del semental de Saturno<\/h2>\n<p class=\"text-body font-regular leading-[24px] pt-[9px] pb-[2px]\" dir=\"ltr\">Desata un placer de otro mundo con el consolador Saturnian Stallion, una obra maestra hecha a mano desde las profundidades del espacio. Seg\u00fan la leyenda, el Semental de Saturno, una misteriosa criatura con la vibrante misi\u00f3n de poblar el universo, apareci\u00f3 por primera vez en la Tierra. Con su atracci\u00f3n c\u00f3smica y su dise\u00f1o sin igual, este consolador est\u00e1 listo para dar vida a tus fantas\u00edas m\u00e1s ardientes.<\/p>\n<p class=\"text-body font-regular leading-[24px] pt-[9px] pb-[2px]\" dir=\"ltr\">Tanto si est\u00e1s explorando en solitario, buscando darle un toque picante a tu relaci\u00f3n o explorando tus deseos m\u00e1s profundos de encuentros extraterrestres, el consolador Saturnian Stallion garantiza una experiencia trascendental para todas las parejas aventureras, exploradores en solitario y amantes de la fantas\u00eda.<\/p>\n<h3 class=\"font-bold text-h4 leading-[30px] pt-[15px] pb-[2px] [&amp;_a]:underline-offset-[6px] [&amp;_.underline]:underline-offset-[6px]\" dir=\"ltr\">\u00bfPor qu\u00e9 elegir el consolador Saturnian Stallion?<\/h3>\n<p class=\"text-body font-regular leading-[24px] pt-[9px] pb-[2px]\" dir=\"ltr\">Inspirado en la seductora belleza de las creaciones intergal\u00e1cticas, este consolador premium est\u00e1 cuidadosamente elaborado con la mejor silicona de grado platino. Su superficie suave y aterciopelada ofrece un tacto realista sin precedentes. La brillante mezcla de marr\u00f3n, gris y dorado refleja el encanto c\u00f3smico de los anillos de Saturno, por lo que no es s\u00f3lo un juguete, sino tambi\u00e9n una adici\u00f3n art\u00edstica a su colecci\u00f3n.<\/p>\n<h3 class=\"font-bold text-h4 leading-[30px] pt-[15px] pb-[2px] [&amp;_a]:underline-offset-[6px] [&amp;_.underline]:underline-offset-[6px]\" dir=\"ltr\">Especificaciones del producto<\/h3>\n<ul class=\"pt-[9px] pb-[2px] pl-[24px] list-disc [&amp;_ul]:pt-[5px] pt-[5px]\">\n<li class=\"text-body font-regular leading-[24px] my-[5px] [&amp;&gt;ol]:!pt-0 [&amp;&gt;ol]:!pb-0 [&amp;&gt;ul]:!pt-0 [&amp;&gt;ul]:!pb-0\" value=\"1\"><b><strong class=\"font-bold\">Longitud total:<\/strong><\/b> 25,0 cm<\/li>\n<li class=\"text-body font-regular leading-[24px] my-[5px] [&amp;&gt;ol]:!pt-0 [&amp;&gt;ol]:!pb-0 [&amp;&gt;ul]:!pt-0 [&amp;&gt;ul]:!pb-0\" value=\"2\"><b><strong class=\"font-bold\">Longitud de inserci\u00f3n:<\/strong><\/b> 11,5 cm<\/li>\n<li class=\"text-body font-regular leading-[24px] my-[5px] [&amp;&gt;ol]:!pt-0 [&amp;&gt;ol]:!pb-0 [&amp;&gt;ul]:!pt-0 [&amp;&gt;ul]:!pb-0\" value=\"3\"><b><strong class=\"font-bold\">Di\u00e1metro de la punta:<\/strong><\/b> 4,8 cm<\/li>\n<li class=\"text-body font-regular leading-[24px] my-[5px] [&amp;&gt;ol]:!pt-0 [&amp;&gt;ol]:!pb-0 [&amp;&gt;ul]:!pt-0 [&amp;&gt;ul]:!pb-0\" value=\"4\"><b><strong class=\"font-bold\">Di\u00e1metro de la secci\u00f3n central:<\/strong><\/b> 7,4 cm<\/li>\n<li class=\"text-body font-regular leading-[24px] my-[5px] [&amp;&gt;ol]:!pt-0 [&amp;&gt;ol]:!pb-0 [&amp;&gt;ul]:!pt-0 [&amp;&gt;ul]:!pb-0\" value=\"5\"><b><strong class=\"font-bold\">Di\u00e1metro de la base:<\/strong><\/b> 10,0 cm<\/li>\n<li class=\"text-body font-regular leading-[24px] my-[5px] [&amp;&gt;ol]:!pt-0 [&amp;&gt;ol]:!pb-0 [&amp;&gt;ul]:!pt-0 [&amp;&gt;ul]:!pb-0\" value=\"6\"><b><strong class=\"font-bold\">Peso:<\/strong><\/b> 803 gramos<\/li>\n<li class=\"text-body font-regular leading-[24px] my-[5px] [&amp;&gt;ol]:!pt-0 [&amp;&gt;ol]:!pb-0 [&amp;&gt;ul]:!pt-0 [&amp;&gt;ul]:!pb-0\" value=\"7\"><b><strong class=\"font-bold\">Colores:<\/strong><\/b> Una hermosa mezcla de marr\u00f3n, gris y dorado<\/li>\n<li class=\"text-body font-regular leading-[24px] my-[5px] [&amp;&gt;ol]:!pt-0 [&amp;&gt;ol]:!pb-0 [&amp;&gt;ul]:!pt-0 [&amp;&gt;ul]:!pb-0\" value=\"8\"><b><strong class=\"font-bold\">Material:<\/strong><\/b> Silicona platino de alta calidad<\/li>\n<\/ul>\n<h3 class=\"font-bold text-h4 leading-[30px] pt-[15px] pb-[2px] [&amp;_a]:underline-offset-[6px] [&amp;_.underline]:underline-offset-[6px]\" dir=\"ltr\">Caracter\u00edsticas \u00fanicas<\/h3>\n<ul class=\"pt-[9px] pb-[2px] pl-[24px] list-disc [&amp;_ul]:pt-[5px] pt-[5px]\">\n<li class=\"text-body font-regular leading-[24px] my-[5px] [&amp;&gt;ol]:!pt-0 [&amp;&gt;ol]:!pb-0 [&amp;&gt;ul]:!pt-0 [&amp;&gt;ul]:!pb-0\" value=\"1\"><b><strong class=\"font-bold\">Calidad excepcional:<\/strong><\/b> Fabricado en silicona platino, para una mayor durabilidad y un tacto hiperrealista sobre la piel.<\/li>\n<li class=\"text-body font-regular leading-[24px] my-[5px] [&amp;&gt;ol]:!pt-0 [&amp;&gt;ol]:!pb-0 [&amp;&gt;ul]:!pt-0 [&amp;&gt;ul]:!pb-0\" value=\"2\"><b><strong class=\"font-bold\">Dise\u00f1o vibrante:<\/strong><\/b> Cada remolino de color cuenta una historia c\u00f3smica y combina sin esfuerzo est\u00e9tica y deseo.<\/li>\n<li class=\"text-body font-regular leading-[24px] my-[5px] [&amp;&gt;ol]:!pt-0 [&amp;&gt;ol]:!pb-0 [&amp;&gt;ul]:!pt-0 [&amp;&gt;ul]:!pb-0\" value=\"3\"><b><strong class=\"font-bold\">Magia vers\u00e1til:<\/strong><\/b> Perfecto tanto para la exploraci\u00f3n vaginal como anal, lleva cada momento \u00edntimo al siguiente nivel.<\/li>\n<\/ul>\n<h3 class=\"font-bold text-h4 leading-[30px] pt-[15px] pb-[2px] [&amp;_a]:underline-offset-[6px] [&amp;_.underline]:underline-offset-[6px]\" dir=\"ltr\">R\u00edndete a la historia<\/h3>\n<p class=\"text-body font-regular leading-[24px] pt-[9px] pb-[2px]\" dir=\"ltr\">El Semental de Saturno recorri\u00f3 anta\u00f1o las estrellas, impulsado por un impulso primigenio de extender su legado por el universo. Ahora adorna nuestro planeta con su carisma celestial. \u00bfSu misi\u00f3n? Atrapar el coraz\u00f3n, el cuerpo y la imaginaci\u00f3n de hombres y mujeres. Invoca la poderosa energ\u00eda de esta bestia m\u00edtica y transforma tus fantas\u00edas en aventuras gal\u00e1cticas.<\/p>\n<p class=\"text-body font-regular leading-[24px] pt-[9px] pb-[2px]\" dir=\"ltr\">Ad\u00e9ntrate con audacia en un nuevo reino de placer, donde cada sensaci\u00f3n est\u00e1 sintonizada para obtener el m\u00e1ximo placer. Tanto si buscas momentos compartidos con tu pareja como si quieres explorar tus propios territorios desconocidos, el Saturnian Stallion est\u00e1 aqu\u00ed para conectarte con la satisfacci\u00f3n pura.<\/p>\n<p class=\"text-body font-regular leading-[24px] pt-[9px] pb-[2px]\" dir=\"ltr\">Prep\u00e1rese para explorar el universo del placer.<\/p>","protected":false},"excerpt":{"rendered":"<p>Sum\u00e9rgete en un universo de placer con el consolador Saturnian Stallion, fabricado en silicona platino de primera calidad, de dise\u00f1o c\u00f3smico y listo para tus fantas\u00edas.<\/p>","protected":false},"featured_media":19196,"comment_status":"open","ping_status":"closed","template":"","meta":[],"product_brand":[767],"product_cat":[766,787],"product_tag":[],"class_list":{"0":"post-19197","1":"product","2":"type-product","3":"status-publish","4":"has-post-thumbnail","6":"product_brand-giant-space-intruders","7":"product_cat-dildos","8":"product_cat-monster-fantasy-dildos","10":"first","11":"instock","12":"sale","13":"taxable","14":"shipping-taxable","15":"purchasable","16":"product-type-simple"},"_links":{"self":[{"href":"https:\/\/stage.poppersparadise.eu\/es\/wp-json\/wp\/v2\/product\/19197","targetHints":{"allow":["GET"]}}],"collection":[{"href":"https:\/\/stage.poppersparadise.eu\/es\/wp-json\/wp\/v2\/product"}],"about":[{"href":"https:\/\/stage.poppersparadise.eu\/es\/wp-json\/wp\/v2\/types\/product"}],"replies":[{"embeddable":true,"href":"https:\/\/stage.poppersparadise.eu\/es\/wp-json\/wp\/v2\/comments?post=19197"}],"wp:featuredmedia":[{"embeddable":true,"href":"https:\/\/stage.poppersparadise.eu\/es\/wp-json\/wp\/v2\/media\/19196"}],"wp:attachment":[{"href":"https:\/\/stage.poppersparadise.eu\/es\/wp-json\/wp\/v2\/media?parent=19197"}],"wp:term":[{"taxonomy":"product_brand","embeddable":true,"href":"https:\/\/stage.poppersparadise.eu\/es\/wp-json\/wp\/v2\/product_brand?post=19197"},{"taxonomy":"product_cat","embeddable":true,"href":"https:\/\/stage.poppersparadise.eu\/es\/wp-json\/wp\/v2\/product_cat?post=19197"},{"taxonomy":"product_tag","embeddable":true,"href":"https:\/\/stage.poppersparadise.eu\/es\/wp-json\/wp\/v2\/product_tag?post=19197"}],"curies":[{"name":"wp","href":"https:\/\/api.w.org\/{rel}","templated":true}]}}