{"id":19707,"date":"2025-07-22T16:44:29","date_gmt":"2025-07-22T14:44:29","guid":{"rendered":"https:\/\/stage.poppersparadise.eu\/?post_type=product&#038;p=19707"},"modified":"2025-10-02T20:51:07","modified_gmt":"2025-10-02T18:51:07","slug":"brutus-cuero-madera-10ml-poppers","status":"publish","type":"product","link":"https:\/\/stage.poppersparadise.eu\/es\/producto\/brutus-cuero-madera-10ml-poppers\/","title":{"rendered":"Brutus Cuero y Madera 10ml"},"content":{"rendered":"<h2 class=\"wp-block-heading\">Brutus Cuero y Madera 10ml poppers - una experiencia de fragancia sofisticada<\/h2>\n\n\n\n<p>Brutus Leather &amp; Wood 10ml poppers combina los sensuales aromas del cuero y la madera con una potente f\u00f3rmula de pentilo estabilizado. Lanzado en julio de 2025, este producto ofrece una experiencia de fragancia \u00fanica perfecta para los amantes de los aromas sofisticados e intensos. El frasco de cristal compacto es ideal para llevar y garantiza una comodidad duradera.<\/p>\n\n\n\n<h3 class=\"wp-block-heading\">Caracter\u00edsticas principales de Brutus Leather &amp; Wood<\/h3>\n\n\n\n<ul class=\"wp-block-list\">\n<li><strong>F\u00f3rmula pent\u00edlica estabilizada<\/strong>: Cuidadosamente desarrollado para una experiencia de fragancia potente y duradera.<\/li>\n\n\n\n<li><strong>Notas de fragancia \u00fanicas<\/strong>Piel sensual y madera refinada para una experiencia \u00fanica.<\/li>\n\n\n\n<li><strong>Tama\u00f1o compacto<\/strong>Frasco de vidrio de 10 ml, pr\u00e1ctico para viajar o para uso dom\u00e9stico.<\/li>\n\n\n\n<li><strong>Embalaje f\u00e1cil de usar<\/strong>: Dispone de un tap\u00f3n de rosca para un almacenamiento seguro y un uso f\u00e1cil.<\/li>\n<\/ul>\n\n\n\n<h3 class=\"wp-block-heading\">\u00bfC\u00f3mo se utiliza Brutus Cuero y madera?<\/h3>\n\n\n\n<p>Utilice Brutus Cuero y Madera \u00fanicamente como difusor de fragancias o disolvente de limpieza. No es apto para el consumo humano y no debe inhalarse. Guarde el producto en un lugar fresco y oscuro para preservar su calidad y cierre bien el frasco despu\u00e9s de usarlo.<\/p>\n\n\n\n<h3 class=\"wp-block-heading\">Por qu\u00e9 Brutus Leather &amp; Wood es un favorito<\/h3>\n\n\n\n<p>Brutus Cuero y Madera es una elecci\u00f3n \u00fanica entre los difusores de fragancias. La combinaci\u00f3n de aromas sensuales y una f\u00f3rmula potente hacen de este producto uno de los favoritos para quienes buscan una experiencia de fragancia sofisticada e intensa.<\/p>\n\n\n\n<h3 class=\"wp-block-heading\">Advertencias<\/h3>\n\n\n\n<p>L\u00edquido y vapores f\u00e1cilmente inflamables (H225).<br>Provoca irritaci\u00f3n cut\u00e1nea y ocular (H315\/H319).<br>T\u00f3xico por inhalaci\u00f3n (H331).<br>No es un medicamento. Util\u00edcelo bajo su propia responsabilidad.<\/p>\n\n\n\n<h3 class=\"wp-block-heading\">Utilice<\/h3>\n\n\n\n<p>S\u00f3lo se utiliza como difusor de fragancias o disolvente de limpieza.<br>No es apto para el consumo humano y no debe inhalarse.<\/p>\n\n\n\n<h3 class=\"wp-block-heading\">Almacenamiento<\/h3>\n\n\n\n<p>Conservar en lugar fresco y seco. Mantener fuera del alcance de los ni\u00f1os.<\/p>\n\n\n\n<h3 class=\"wp-block-heading\">Pa\u00eds de origen<\/h3>\n\n\n\n<p>UE.<\/p>","protected":false},"excerpt":{"rendered":"<p><strong><br \/>ACCESORIOS COMPATIBLES:<\/strong><\/p>\n<ul>\n<li><a href=\"https:\/\/stage.poppersparadise.eu\/es\/categoria-de-productos\/accesorios\/olfateadores-pequenos\/\">Olfateadores Peque\u00f1os<\/a><\/li>\n<li><a href=\"https:\/\/stage.poppersparadise.eu\/es\/producto\/xtrm-poppers-houder-zwart-small\/\">XTRM Poppers Soporte Peque\u00f1o<\/a><\/li>\n<li><a href=\"https:\/\/stage.poppersparadise.eu\/es\/producto\/xtrm-poppers-keeper-pequeno-10ml\/\">XTRM Poppers Guardi\u00e1n peque\u00f1o<\/a><\/li>\n<\/ul>","protected":false},"featured_media":19708,"comment_status":"open","ping_status":"closed","template":"","meta":[],"product_brand":[771],"product_cat":[34],"product_tag":[],"class_list":{"0":"post-19707","1":"product","2":"type-product","3":"status-publish","4":"has-post-thumbnail","6":"product_brand-brutus","7":"product_cat-kleine-flesjes-poppers","9":"first","10":"instock","11":"taxable","12":"shipping-taxable","13":"purchasable","14":"product-type-simple"},"_links":{"self":[{"href":"https:\/\/stage.poppersparadise.eu\/es\/wp-json\/wp\/v2\/product\/19707","targetHints":{"allow":["GET"]}}],"collection":[{"href":"https:\/\/stage.poppersparadise.eu\/es\/wp-json\/wp\/v2\/product"}],"about":[{"href":"https:\/\/stage.poppersparadise.eu\/es\/wp-json\/wp\/v2\/types\/product"}],"replies":[{"embeddable":true,"href":"https:\/\/stage.poppersparadise.eu\/es\/wp-json\/wp\/v2\/comments?post=19707"}],"wp:featuredmedia":[{"embeddable":true,"href":"https:\/\/stage.poppersparadise.eu\/es\/wp-json\/wp\/v2\/media\/19708"}],"wp:attachment":[{"href":"https:\/\/stage.poppersparadise.eu\/es\/wp-json\/wp\/v2\/media?parent=19707"}],"wp:term":[{"taxonomy":"product_brand","embeddable":true,"href":"https:\/\/stage.poppersparadise.eu\/es\/wp-json\/wp\/v2\/product_brand?post=19707"},{"taxonomy":"product_cat","embeddable":true,"href":"https:\/\/stage.poppersparadise.eu\/es\/wp-json\/wp\/v2\/product_cat?post=19707"},{"taxonomy":"product_tag","embeddable":true,"href":"https:\/\/stage.poppersparadise.eu\/es\/wp-json\/wp\/v2\/product_tag?post=19707"}],"curies":[{"name":"wp","href":"https:\/\/api.w.org\/{rel}","templated":true}]}}