{"id":20259,"date":"2025-08-04T14:53:21","date_gmt":"2025-08-04T12:53:21","guid":{"rendered":"https:\/\/stage.poppersparadise.eu\/?post_type=product&#038;p=20259"},"modified":"2025-09-14T23:08:48","modified_gmt":"2025-09-14T21:08:48","slug":"voodoo-10ml-poppers","status":"publish","type":"product","link":"https:\/\/stage.poppersparadise.eu\/es\/producto\/voodoo-10ml-poppers\/","title":{"rendered":"VooDoo 10ml"},"content":{"rendered":"<h2 class=\"wp-block-heading\">Voodoo 10ml poppers - mezcla \u00fanica para sabores potentes<\/h2>\n\n\n\n<p>Voodoo 10ml poppers ofrece una experiencia arom\u00e1tica \u00fanica gracias a su exclusiva mezcla de ingredientes. Esta potente f\u00f3rmula combina los beneficios de los poppers de amilo y propilo, proporcionando un aroma intenso y duradero. Ideal para los entusiastas que buscan un difusor de fragancias de alta calidad con un car\u00e1cter distintivo.<\/p>\n\n\n\n<h3 class=\"wp-block-heading\">Caracter\u00edsticas principales de Voodoo 10ml poppers<\/h3>\n\n\n\n<p>La composici\u00f3n consta de nitrito de isopropilo, nitrito de isopentilo, isopropanol e isopentanol. El frasco tiene una capacidad de 10 ml y ofrece una combinaci\u00f3n \u00fanica de ingredientes para una experiencia de fragancia potente.<\/p>\n\n\n\n<h3 class=\"wp-block-heading\">\u00bfC\u00f3mo se utilizan los poppers Voodoo de 10 ml?<\/h3>\n\n\n\n<p>Utilice Voodoo 10ml poppers s\u00f3lo como difusor de fragancias o disolvente de limpieza. No es apto para el consumo humano y no debe inhalarse. Evite el contacto directo con la piel y guarde el producto en un lugar fresco y seco, fuera del alcance de los ni\u00f1os. Utilizar con moderaci\u00f3n ya que un uso excesivo puede causar molestias como dolores de cabeza.<\/p>\n\n\n\n<h3 class=\"wp-block-heading\">Por qu\u00e9 los poppers Voodoo de 10 ml son los favoritos<\/h3>\n\n\n\n<p>Voodoo 10ml poppers es uno de los favoritos entre los amantes de los aromas potentes. Con su f\u00f3rmula de mezcla \u00fanica e ingredientes de alta calidad, este producto ofrece una experiencia de fragancia distintiva que te encantar\u00e1 una y otra vez.<\/p>\n\n\n\n<h3 class=\"wp-block-heading\">Advertencias<\/h3>\n\n\n\n<p>L\u00edquido y vapores f\u00e1cilmente inflamables (H225).<br>Provoca irritaci\u00f3n cut\u00e1nea y ocular (H315\/H319).<br>T\u00f3xico por inhalaci\u00f3n (H331).<br>No es un medicamento. Util\u00edcelo bajo su propia responsabilidad.<\/p>\n\n\n\n<h3 class=\"wp-block-heading\">Utilice<\/h3>\n\n\n\n<p>S\u00f3lo se utiliza como difusor de fragancias o disolvente de limpieza.<br>No es apto para el consumo humano y no debe inhalarse.<\/p>\n\n\n\n<h3 class=\"wp-block-heading\">Almacenamiento<\/h3>\n\n\n\n<p>Conservar en lugar fresco y seco. Mantener fuera del alcance de los ni\u00f1os.<\/p>\n\n\n\n<h3 class=\"wp-block-heading\">Pa\u00eds de origen<\/h3>\n\n\n\n<p>UE.<\/p>\n\n\n\n<p><\/p>","protected":false},"excerpt":{"rendered":"<p>Voodoo 10ml poppers \u2013 unieke mix voor krachtige aroma\u2019s Voodoo 10ml poppers biedt een unieke geurervaring dankzij de exclusieve mix van ingredi\u00ebnten. Deze krachtige formule combineert de voordelen van zowel amyl- als propyl-poppers, wat zorgt voor een langdurig en intens aroma. Ideaal voor liefhebbers die op zoek zijn naar een hoogwaardige geurverspreider met een onderscheidend [&hellip;]<\/p>","protected":false},"featured_media":20260,"comment_status":"open","ping_status":"closed","template":"","meta":[],"product_brand":[773],"product_cat":[34],"product_tag":[],"class_list":{"0":"post-20259","1":"product","2":"type-product","3":"status-publish","4":"has-post-thumbnail","6":"product_brand-jolt-push-poppers","7":"product_cat-kleine-flesjes-poppers","9":"first","10":"instock","11":"taxable","12":"shipping-taxable","13":"purchasable","14":"product-type-simple"},"_links":{"self":[{"href":"https:\/\/stage.poppersparadise.eu\/es\/wp-json\/wp\/v2\/product\/20259","targetHints":{"allow":["GET"]}}],"collection":[{"href":"https:\/\/stage.poppersparadise.eu\/es\/wp-json\/wp\/v2\/product"}],"about":[{"href":"https:\/\/stage.poppersparadise.eu\/es\/wp-json\/wp\/v2\/types\/product"}],"replies":[{"embeddable":true,"href":"https:\/\/stage.poppersparadise.eu\/es\/wp-json\/wp\/v2\/comments?post=20259"}],"wp:featuredmedia":[{"embeddable":true,"href":"https:\/\/stage.poppersparadise.eu\/es\/wp-json\/wp\/v2\/media\/20260"}],"wp:attachment":[{"href":"https:\/\/stage.poppersparadise.eu\/es\/wp-json\/wp\/v2\/media?parent=20259"}],"wp:term":[{"taxonomy":"product_brand","embeddable":true,"href":"https:\/\/stage.poppersparadise.eu\/es\/wp-json\/wp\/v2\/product_brand?post=20259"},{"taxonomy":"product_cat","embeddable":true,"href":"https:\/\/stage.poppersparadise.eu\/es\/wp-json\/wp\/v2\/product_cat?post=20259"},{"taxonomy":"product_tag","embeddable":true,"href":"https:\/\/stage.poppersparadise.eu\/es\/wp-json\/wp\/v2\/product_tag?post=20259"}],"curies":[{"name":"wp","href":"https:\/\/api.w.org\/{rel}","templated":true}]}}