{"id":21340,"date":"2025-09-13T09:37:30","date_gmt":"2025-09-13T07:37:30","guid":{"rendered":"https:\/\/stage.poppersparadise.eu\/?post_type=product&#038;p=21340"},"modified":"2025-09-30T17:10:46","modified_gmt":"2025-09-30T15:10:46","slug":"jungle-juice-ultra-strong-black-label-10ml-poppers","status":"publish","type":"product","link":"https:\/\/stage.poppersparadise.eu\/es\/producto\/jungle-juice-ultra-strong-black-label-10ml-poppers\/","title":{"rendered":"Jungle Juice Ultra Strong Black Label 10ml"},"content":{"rendered":"<h2 class=\"wp-block-heading\">Jungle Juice Ultra Strong Black Label 10ml Poppers: sensaciones potentes en un tama\u00f1o compacto<\/h2>\n\n\n\n<p>Jungle Juice Ultra Strong Black Label 10ml Poppers est\u00e1 especialmente dise\u00f1ado para los entendidos que buscan un difusor de fragancias potente y fiable. Este producto ofrece una experiencia intensa en una botella compacta, perfecta para uso t\u00e9cnico y para difundir un aroma fresco en cualquier habitaci\u00f3n.<\/p>\n\n\n\n<h3 class=\"wp-block-heading\">\u00bfPor qu\u00e9 elegir Jungle Juice Ultra Strong Black Label 10ml Poppers?<\/h3>\n\n\n\n<p>Jungle Juice Ultra Strong Black Label 10ml Poppers combina una f\u00f3rmula exclusiva de pentilo con una acci\u00f3n inmediata y duradera. Est\u00e1 mundialmente reconocido como uno de los difusores de fragancias m\u00e1s potentes y fiables, ideal para quienes buscan calidad y eficacia.<\/p>\n\n\n\n<h3 class=\"wp-block-heading\">Especificaciones de Jungle Juice Ultra Strong Black Label 10ml Poppers<\/h3>\n\n\n\n<ul class=\"wp-block-list\">\n<li><strong>F\u00f3rmula:<\/strong>\u00a0F\u00f3rmula exclusiva de pentilo para una difusi\u00f3n potente y r\u00e1pida de la fragancia<\/li>\n\n\n\n<li><strong>Uso:<\/strong>\u00a0S\u00f3lo con fines t\u00e9cnicos<\/li>\n\n\n\n<li><strong>Embalaje:<\/strong>\u00a0Frasco compacto y discreto de 10 ml<\/li>\n\n\n\n<li><strong>Categor\u00eda:<\/strong>\u00a0Reconocido en todo el mundo como uno de los difusores de fragancias m\u00e1s potentes<\/li>\n<\/ul>\n\n\n\n<h3 class=\"wp-block-heading\">Informaci\u00f3n importante para el usuario<\/h3>\n\n\n\n<ul class=\"wp-block-list\">\n<li>Este producto est\u00e1 destinado a utilizarse \u00fanicamente como difusor de fragancias o disolvente de limpieza.<\/li>\n\n\n\n<li>No es apto para el consumo humano ni para la inhalaci\u00f3n.<\/li>\n\n\n\n<li>Evitar el contacto directo con la piel debido a sus propiedades c\u00e1usticas.<\/li>\n\n\n\n<li>Gu\u00e1rdelo en un lugar fresco y oscuro y cierre bien el frasco despu\u00e9s de usarlo.<\/li>\n<\/ul>\n\n\n\n<h3 class=\"wp-block-heading\">Advertencias<\/h3>\n\n\n\n<ul class=\"wp-block-list\">\n<li>L\u00edquido y vapores f\u00e1cilmente inflamables (H225).<\/li>\n\n\n\n<li>Provoca irritaci\u00f3n cut\u00e1nea y ocular (H315\/H319).<\/li>\n\n\n\n<li>T\u00f3xico por inhalaci\u00f3n (H331).<\/li>\n\n\n\n<li>No es un medicamento ni un producto m\u00e9dico.<\/li>\n\n\n\n<li>Utilizar s\u00f3lo seg\u00fan las indicaciones.<\/li>\n<\/ul>\n\n\n\n<h3 class=\"wp-block-heading\">Almacenamiento de Jungle Juice Ultra Strong Black Label 10ml Poppers<\/h3>\n\n\n\n<ul class=\"wp-block-list\">\n<li>Conservar en lugar fresco y seco.<\/li>\n\n\n\n<li>Mantener fuera del alcance de los ni\u00f1os.<\/li>\n<\/ul>\n\n\n\n<h3 class=\"wp-block-heading\">Pa\u00eds de origen<\/h3>\n\n\n\n<p>Francia<\/p>\n\n\n\n<p>Pida hoy mismo su botella de Jungle Juice Ultra Strong Black Label 10ml Poppers y descubra por qu\u00e9 esta marca es la favorita de los usuarios de difusores de aromas.<\/p>\n\n\n\n<p><\/p>","protected":false},"excerpt":{"rendered":"<p><strong><br \/>COMPATIBLE <br \/>ACCESORIOS:<\/strong><\/p>\n<ul>\n<li><a href=\"https:\/\/stage.poppersparadise.eu\/es\/categoria-de-productos\/accesorios\/olfateadores-pequenos\/\">Olfateadores Peque\u00f1os<\/a><\/li>\n<li><a href=\"https:\/\/stage.poppersparadise.eu\/es\/producto\/xtrm-poppers-houder-zwart-small\/\">XTRM Poppers Soporte Peque\u00f1o<\/a><\/li>\n<li><a href=\"https:\/\/stage.poppersparadise.eu\/es\/producto\/xtrm-poppers-keeper-pequeno-10ml\/\">XTRM Poppers Guardi\u00e1n peque\u00f1o<\/a><\/li>\n<\/ul>","protected":false},"featured_media":21342,"comment_status":"open","ping_status":"closed","template":"","meta":[],"product_brand":[745],"product_cat":[34],"product_tag":[],"class_list":{"0":"post-21340","1":"product","2":"type-product","3":"status-publish","4":"has-post-thumbnail","6":"product_brand-jungle-juice","7":"product_cat-kleine-flesjes-poppers","9":"first","10":"instock","11":"taxable","12":"shipping-taxable","13":"purchasable","14":"product-type-simple"},"_links":{"self":[{"href":"https:\/\/stage.poppersparadise.eu\/es\/wp-json\/wp\/v2\/product\/21340","targetHints":{"allow":["GET"]}}],"collection":[{"href":"https:\/\/stage.poppersparadise.eu\/es\/wp-json\/wp\/v2\/product"}],"about":[{"href":"https:\/\/stage.poppersparadise.eu\/es\/wp-json\/wp\/v2\/types\/product"}],"replies":[{"embeddable":true,"href":"https:\/\/stage.poppersparadise.eu\/es\/wp-json\/wp\/v2\/comments?post=21340"}],"wp:featuredmedia":[{"embeddable":true,"href":"https:\/\/stage.poppersparadise.eu\/es\/wp-json\/wp\/v2\/media\/21342"}],"wp:attachment":[{"href":"https:\/\/stage.poppersparadise.eu\/es\/wp-json\/wp\/v2\/media?parent=21340"}],"wp:term":[{"taxonomy":"product_brand","embeddable":true,"href":"https:\/\/stage.poppersparadise.eu\/es\/wp-json\/wp\/v2\/product_brand?post=21340"},{"taxonomy":"product_cat","embeddable":true,"href":"https:\/\/stage.poppersparadise.eu\/es\/wp-json\/wp\/v2\/product_cat?post=21340"},{"taxonomy":"product_tag","embeddable":true,"href":"https:\/\/stage.poppersparadise.eu\/es\/wp-json\/wp\/v2\/product_tag?post=21340"}],"curies":[{"name":"wp","href":"https:\/\/api.w.org\/{rel}","templated":true}]}}