{"id":21623,"date":"2025-09-23T09:34:37","date_gmt":"2025-09-23T07:34:37","guid":{"rendered":"https:\/\/stage.poppersparadise.eu\/product\/animals-dieren-dildo-wild-donkey-wilde-ezel\/"},"modified":"2025-09-23T10:52:22","modified_gmt":"2025-09-23T08:52:22","slug":"consolador-animal-culo-salvaje","status":"publish","type":"product","link":"https:\/\/stage.poppersparadise.eu\/es\/producto\/consolador-animal-culo-salvaje\/","title":{"rendered":"Dieren Dildo Wilde Ezel"},"content":{"rendered":"<h2 class=\"text-body font-regular leading-[24px] pt-[9px] pb-xxs\" dir=\"ltr\">El Dieren Dildo Wilde Ezel est\u00e1 dise\u00f1ado para dar rienda suelta a tus deseos m\u00e1s persistentes e indomables, inspirado en la legendaria resistencia de un culo salvaje.<\/h2>\n<p class=\"text-body font-regular leading-[24px] pt-[9px] pb-xxs\" dir=\"ltr\">Esta es una invitaci\u00f3n al placer implacable, con una impresionante longitud de 31,5 cm y un fornido di\u00e1metro de 5,0 cm, especialmente dise\u00f1ado para aquellos que anhelan una sensaci\u00f3n profunda, potente e inflexible. Su forma realista y su imponente tama\u00f1o est\u00e1n pensados para superar tus l\u00edmites y proporcionarte una experiencia profundamente satisfactoria y duradera.<\/p>\n<p class=\"text-body font-regular leading-[24px] pt-[9px] pb-xxs\" dir=\"ltr\">Fabricado en PVC suave y flexible, este consolador combina a la perfecci\u00f3n un n\u00facleo interior firme con una superficie flexible y adaptable. Como resultado, se mueve con tu cuerpo mientras proporciona una estimulaci\u00f3n intensa y profunda. A pesar de su impresionante tama\u00f1o, est\u00e1 dise\u00f1ado para la exploraci\u00f3n vaginal y anal, prometiendo un viaje satisfactorio y c\u00f3modo. El consolador es compatible con todo tipo de lubricantes (a base de agua, silicona o aceite), lo que te da la libertad de explorar tu lado salvaje sin l\u00edmites. Prep\u00e1rate para dejarte envolver por un placer tan persistente como potente.<\/p>\n<h3 class=\"font-semibold pdf-heading-class-replace text-h4 leading-[30px] pb-xxs [&amp;:not(:first-child)]:pt-[15px] [&amp;_a]:underline-offset-[6px] [&amp;_.underline]:underline-offset-[6px]\" dir=\"ltr\">Especificaciones del producto<\/h3>\n<ul class=\"pt-[9px] pb-xxs pl-5xl list-disc pt-[5px]\">\n<li class=\"text-body font-regular leading-[24px] my-[5px] [&amp;&gt;ol]:!pt-0 [&amp;&gt;ol]:!pb-0 [&amp;&gt;ul]:!pt-0 [&amp;&gt;ul]:!pb-0\" dir=\"ltr\" value=\"1\"><b><strong class=\"font-semibold\">Material:<\/strong><\/b> PVC suave y seguro para el cuerpo<\/li>\n<li class=\"text-body font-regular leading-[24px] my-[5px] [&amp;&gt;ol]:!pt-0 [&amp;&gt;ol]:!pb-0 [&amp;&gt;ul]:!pt-0 [&amp;&gt;ul]:!pb-0\" dir=\"ltr\" value=\"2\"><b><strong class=\"font-semibold\">Longitud total:<\/strong><\/b> 31,5 cm<\/li>\n<li class=\"text-body font-regular leading-[24px] my-[5px] [&amp;&gt;ol]:!pt-0 [&amp;&gt;ol]:!pb-0 [&amp;&gt;ul]:!pt-0 [&amp;&gt;ul]:!pb-0\" dir=\"ltr\" value=\"3\"><b><strong class=\"font-semibold\">Di\u00e1metro:<\/strong><\/b> 5,0 cm<\/li>\n<li class=\"text-body font-regular leading-[24px] my-[5px] [&amp;&gt;ol]:!pt-0 [&amp;&gt;ol]:!pb-0 [&amp;&gt;ul]:!pt-0 [&amp;&gt;ul]:!pb-0\" dir=\"ltr\" value=\"4\"><b><strong class=\"font-semibold\">Dise\u00f1o:<\/strong><\/b> R\u00e9plica realista del pene de un burro<\/li>\n<\/ul>","protected":false},"excerpt":{"rendered":"<p>Los consoladores Animals son imprescindibles para todos los amantes de Petplay. No encontrar\u00e1 mejores r\u00e9plicas. Material muy bueno, suave, compacto y flexible. Estos juguetes se fabrican en Europa.<\/p>","protected":false},"featured_media":21622,"comment_status":"open","ping_status":"closed","template":"","meta":[],"product_brand":[786],"product_cat":[766,785],"product_tag":[],"class_list":{"0":"post-21623","1":"product","2":"type-product","3":"status-publish","4":"has-post-thumbnail","6":"product_brand-animals","7":"product_cat-dildos","8":"product_cat-realistische-dieren-dildos","10":"first","11":"instock","12":"sale","13":"taxable","14":"shipping-taxable","15":"purchasable","16":"product-type-simple"},"_links":{"self":[{"href":"https:\/\/stage.poppersparadise.eu\/es\/wp-json\/wp\/v2\/product\/21623","targetHints":{"allow":["GET"]}}],"collection":[{"href":"https:\/\/stage.poppersparadise.eu\/es\/wp-json\/wp\/v2\/product"}],"about":[{"href":"https:\/\/stage.poppersparadise.eu\/es\/wp-json\/wp\/v2\/types\/product"}],"replies":[{"embeddable":true,"href":"https:\/\/stage.poppersparadise.eu\/es\/wp-json\/wp\/v2\/comments?post=21623"}],"wp:featuredmedia":[{"embeddable":true,"href":"https:\/\/stage.poppersparadise.eu\/es\/wp-json\/wp\/v2\/media\/21622"}],"wp:attachment":[{"href":"https:\/\/stage.poppersparadise.eu\/es\/wp-json\/wp\/v2\/media?parent=21623"}],"wp:term":[{"taxonomy":"product_brand","embeddable":true,"href":"https:\/\/stage.poppersparadise.eu\/es\/wp-json\/wp\/v2\/product_brand?post=21623"},{"taxonomy":"product_cat","embeddable":true,"href":"https:\/\/stage.poppersparadise.eu\/es\/wp-json\/wp\/v2\/product_cat?post=21623"},{"taxonomy":"product_tag","embeddable":true,"href":"https:\/\/stage.poppersparadise.eu\/es\/wp-json\/wp\/v2\/product_tag?post=21623"}],"curies":[{"name":"wp","href":"https:\/\/api.w.org\/{rel}","templated":true}]}}