{"id":823,"date":"2024-10-08T16:52:01","date_gmt":"2024-10-08T14:52:01","guid":{"rendered":"https:\/\/stage.poppersparadise.eu\/product\/bb-propyl-10ml-blue-boy\/"},"modified":"2025-09-27T17:11:02","modified_gmt":"2025-09-27T15:11:02","slug":"bb-propyl-poppers-10ml","status":"publish","type":"product","link":"https:\/\/stage.poppersparadise.eu\/es\/producto\/bb-propyl-poppers-10ml\/","title":{"rendered":"BB Propyl 10ml (Blue Boy)"},"content":{"rendered":"<h2 class=\"wp-block-heading\">BB Propyl Poppers 10ml - Para una experiencia olfativa inigualable<\/h2>\n\n\n\n<p>Descubra la calidad cl\u00e1sica de BB Propyl Poppers, un favorito entre los entendidos desde la d\u00e9cada de 1970. Estos difusores de fragancias est\u00e1n fabricados con una f\u00f3rmula de nitrito de isopropilo de alta calidad, ideal para los amantes que buscan una experiencia arom\u00e1tica intensa y sofisticada.<\/p>\n\n\n\n<h3 class=\"wp-block-heading\">Aromas potentes para una experiencia \u00fanica<\/h3>\n\n\n\n<p>BB Propyl Poppers ofrecen aromas sutiles pero potentes que son perfectos para crear un ambiente relajante y calmante. El envase compacto de 10 ml hace que sean f\u00e1ciles de usar e ideales para un disfrute prolongado.<\/p>\n\n\n\n<h3 class=\"wp-block-heading\">\u00bfPor qu\u00e9 elegir BB Propyl Poppers?<\/h3>\n\n\n\n<ul class=\"wp-block-list\">\n<li><strong>Composici\u00f3n de alta calidad<\/strong>: Contiene nitrito de isopropilo para una potente dispersi\u00f3n de la fragancia.<\/li>\n\n\n\n<li><strong>Tama\u00f1o compacto<\/strong>Pr\u00e1ctico frasco de vidrio de 10 ml, ideal para viajar.<\/li>\n\n\n\n<li><strong>Calidad fiable<\/strong>Un cl\u00e1sico apreciado por los entendidos desde hace d\u00e9cadas.<\/li>\n\n\n\n<li><strong>Aromas sutiles<\/strong>: Crea un ambiente relajado y sofisticado.<\/li>\n<\/ul>\n\n\n\n<h3 class=\"wp-block-heading\">Informaci\u00f3n importante para el usuario<\/h3>\n\n\n\n<ul class=\"wp-block-list\">\n<li>Este producto est\u00e1 destinado a utilizarse \u00fanicamente como difusor de fragancias o disolvente de limpieza.<\/li>\n\n\n\n<li>No es apto para el consumo humano ni para la inhalaci\u00f3n.<\/li>\n\n\n\n<li>Evitar el contacto directo con la piel debido a sus propiedades c\u00e1usticas.<\/li>\n\n\n\n<li>Gu\u00e1rdelo en un lugar fresco y oscuro y cierre bien el frasco despu\u00e9s de usarlo.<\/li>\n<\/ul>\n\n\n\n<h3 class=\"wp-block-heading\">Advertencias<\/h3>\n\n\n\n<ul class=\"wp-block-list\">\n<li>L\u00edquido y vapores f\u00e1cilmente inflamables (H225).<\/li>\n\n\n\n<li>Provoca irritaci\u00f3n cut\u00e1nea y ocular (H315\/H319).<\/li>\n\n\n\n<li>T\u00f3xico por inhalaci\u00f3n (H331).<\/li>\n\n\n\n<li>No es un medicamento ni un producto m\u00e9dico.<\/li>\n\n\n\n<li>Utilizar s\u00f3lo seg\u00fan las indicaciones.<\/li>\n<\/ul>\n\n\n\n<h3 class=\"wp-block-heading\">Almacenamiento<\/h3>\n\n\n\n<ul class=\"wp-block-list\">\n<li>Conservar en lugar fresco y seco.<\/li>\n\n\n\n<li>Mantener fuera del alcance de los ni\u00f1os.<\/li>\n<\/ul>\n\n\n\n<p><strong>Pa\u00eds de origen<\/strong>: Luxemburgo<\/p>\n\n\n\n<h3 class=\"wp-block-heading\">Pida hoy BB Propyl Poppers<\/h3>\n\n\n\n<p>Con BB Propyl Poppers, se lleva a casa un difusor de fragancias de alta calidad que combina calidad y funcionalidad. P\u00eddalo hoy mismo y descubra por qu\u00e9 este producto lleva d\u00e9cadas siendo uno de los favoritos entre los entusiastas de los difusores de fragancias.<\/p>","protected":false},"excerpt":{"rendered":"<p><strong><br \/>ACCESORIOS COMPATIBLES:<\/strong><\/p>\n<ul>\n<li><a href=\"https:\/\/stage.poppersparadise.eu\/es\/categoria-de-productos\/accesorios\/olfateadores-pequenos\/\">Olfateadores Peque\u00f1os<\/a><\/li>\n<li><a href=\"https:\/\/stage.poppersparadise.eu\/es\/producto\/xtrm-poppers-houder-zwart-small\/\">XTRM Poppers Soporte Peque\u00f1o<\/a><\/li>\n<li><a href=\"https:\/\/stage.poppersparadise.eu\/es\/producto\/xtrm-poppers-keeper-pequeno-10ml\/\">XTRM Poppers Guardi\u00e1n peque\u00f1o<\/a><\/li>\n<\/ul>","protected":false},"featured_media":494,"comment_status":"open","ping_status":"closed","template":"","meta":[],"product_brand":[737],"product_cat":[34],"product_tag":[],"class_list":{"0":"post-823","1":"product","2":"type-product","3":"status-publish","4":"has-post-thumbnail","6":"product_brand-bb","7":"product_cat-kleine-flesjes-poppers","9":"first","10":"instock","11":"taxable","12":"shipping-taxable","13":"purchasable","14":"product-type-simple"},"_links":{"self":[{"href":"https:\/\/stage.poppersparadise.eu\/es\/wp-json\/wp\/v2\/product\/823","targetHints":{"allow":["GET"]}}],"collection":[{"href":"https:\/\/stage.poppersparadise.eu\/es\/wp-json\/wp\/v2\/product"}],"about":[{"href":"https:\/\/stage.poppersparadise.eu\/es\/wp-json\/wp\/v2\/types\/product"}],"replies":[{"embeddable":true,"href":"https:\/\/stage.poppersparadise.eu\/es\/wp-json\/wp\/v2\/comments?post=823"}],"wp:featuredmedia":[{"embeddable":true,"href":"https:\/\/stage.poppersparadise.eu\/es\/wp-json\/wp\/v2\/media\/494"}],"wp:attachment":[{"href":"https:\/\/stage.poppersparadise.eu\/es\/wp-json\/wp\/v2\/media?parent=823"}],"wp:term":[{"taxonomy":"product_brand","embeddable":true,"href":"https:\/\/stage.poppersparadise.eu\/es\/wp-json\/wp\/v2\/product_brand?post=823"},{"taxonomy":"product_cat","embeddable":true,"href":"https:\/\/stage.poppersparadise.eu\/es\/wp-json\/wp\/v2\/product_cat?post=823"},{"taxonomy":"product_tag","embeddable":true,"href":"https:\/\/stage.poppersparadise.eu\/es\/wp-json\/wp\/v2\/product_tag?post=823"}],"curies":[{"name":"wp","href":"https:\/\/api.w.org\/{rel}","templated":true}]}}