{"id":834,"date":"2024-10-08T16:52:04","date_gmt":"2024-10-08T14:52:04","guid":{"rendered":"https:\/\/stage.poppersparadise.eu\/product\/bleachers-extra-strong-24ml\/"},"modified":"2025-08-31T13:33:17","modified_gmt":"2025-08-31T11:33:17","slug":"bleachers-extra-fuerte-poppers-24ml","status":"publish","type":"product","link":"https:\/\/stage.poppersparadise.eu\/es\/producto\/bleachers-extra-fuerte-poppers-24ml\/","title":{"rendered":"Bleachers Extra Strong 24ml"},"content":{"rendered":"<h2 class=\"wp-block-heading\">Descubre el poder de Bleachers Extra Fuerte Poppers<\/h2>\n\n\n\n<p>Los Bleachers Extra Fuerte Poppers son una elecci\u00f3n de alta calidad para los amantes de los aromas intensos. Con una potente f\u00f3rmula a base de nitrito de pentilo, estos poppers ofrecen una experiencia arom\u00e1tica duradera y sofisticada.<\/p>\n\n\n\n<h3 class=\"wp-block-heading\">\u00bfPor qu\u00e9 elegir Bleachers Extra Fuerte?<\/h3>\n\n\n\n<ul class=\"wp-block-list\">\n<li><strong>F\u00f3rmula extrafuerte<\/strong>Para una difusi\u00f3n potente y duradera de la fragancia.<\/li>\n\n\n\n<li><strong>Composici\u00f3n de alta calidad<\/strong>: Elaborado a partir de nitrito de pentilo, un ingrediente popular para obtener sabores intensos.<\/li>\n\n\n\n<li><strong>Contenido flexible<\/strong>: Disponible en frascos de 15 a 24 ml para adaptarse a sus necesidades.<\/li>\n\n\n\n<li><strong>Apto para todos los p\u00fablicos<\/strong>: Ideal tanto para nuevos usuarios como para entendidos.<\/li>\n\n\n\n<li><strong>Atractivos descuentos por volumen<\/strong>: Ahorre m\u00e1s al comprar varias botellas.<\/li>\n<\/ul>\n\n\n\n<h3 class=\"wp-block-heading\">Informaci\u00f3n importante para el usuario<\/h3>\n\n\n\n<ul class=\"wp-block-list\">\n<li>Este producto est\u00e1 destinado a utilizarse \u00fanicamente como difusor de fragancias o disolvente de limpieza.<\/li>\n\n\n\n<li>No es apto para el consumo humano ni para la inhalaci\u00f3n.<\/li>\n\n\n\n<li>Evite el contacto directo con la piel o los ojos debido a sus propiedades corrosivas.<\/li>\n\n\n\n<li>Gu\u00e1rdelo en un lugar fresco y oscuro y cierre bien el frasco despu\u00e9s de usarlo.<\/li>\n<\/ul>\n\n\n\n<h3 class=\"wp-block-heading\">Advertencias<\/h3>\n\n\n\n<ul class=\"wp-block-list\">\n<li>L\u00edquido y vapores f\u00e1cilmente inflamables (H225).<\/li>\n\n\n\n<li>Provoca irritaci\u00f3n cut\u00e1nea y ocular (H315\/H319).<\/li>\n\n\n\n<li>T\u00f3xico por inhalaci\u00f3n (H331).<\/li>\n\n\n\n<li>No es un medicamento ni un producto m\u00e9dico.<\/li>\n\n\n\n<li>Utilizar s\u00f3lo seg\u00fan las indicaciones.<\/li>\n<\/ul>\n\n\n\n<h3 class=\"wp-block-heading\">Almacenamiento<\/h3>\n\n\n\n<ul class=\"wp-block-list\">\n<li>Conservar en lugar fresco y seco.<\/li>\n\n\n\n<li>Mantener fuera del alcance de los ni\u00f1os.<\/li>\n<\/ul>\n\n\n\n<p><strong>Pa\u00eds de origen<\/strong>: Luxemburgo<\/p>\n\n\n\n<h3 class=\"wp-block-heading\">Pida hoy Bleachers Extra Fuerte Poppers<\/h3>\n\n\n\n<p>Con Bleachers Extra Fuerte Poppers, te llevas a casa un difusor de fragancias de alta calidad que combina calidad y funcionalidad. Haz tu pedido hoy mismo y descubre por qu\u00e9 este producto es uno de los favoritos entre los entusiastas de los difusores de fragancias.<\/p>\n\n\n\n<p><\/p>","protected":false},"excerpt":{"rendered":"<p><strong><br \/>ACCESORIOS COMPATIBLES:<\/strong><\/p>\n<ul>\n<li><a href=\"https:\/\/stage.poppersparadise.eu\/es\/categoria-de-productos\/accesorios\/olfateadores-pequenos\/\">Olfateadores Peque\u00f1os<\/a><\/li>\n<li><a href=\"https:\/\/stage.poppersparadise.eu\/es\/producto\/xtrm-poppers-holder-oval-2\/\">XTRM Poppers Soporte Ovalado<\/a><\/li>\n<li><a href=\"https:\/\/stage.poppersparadise.eu\/es\/producto\/xtrm-poppers-keeper-grande-24ml-2\/\">XTRM Poppers Guardi\u00e1n grande<\/a><\/li>\n<\/ul>","protected":false},"featured_media":288,"comment_status":"open","ping_status":"closed","template":"","meta":[],"product_brand":[],"product_cat":[35],"product_tag":[],"class_list":{"0":"post-834","1":"product","2":"type-product","3":"status-publish","4":"has-post-thumbnail","6":"product_cat-grote-flesjes-poppers","8":"first","9":"instock","10":"taxable","11":"shipping-taxable","12":"purchasable","13":"product-type-simple"},"_links":{"self":[{"href":"https:\/\/stage.poppersparadise.eu\/es\/wp-json\/wp\/v2\/product\/834","targetHints":{"allow":["GET"]}}],"collection":[{"href":"https:\/\/stage.poppersparadise.eu\/es\/wp-json\/wp\/v2\/product"}],"about":[{"href":"https:\/\/stage.poppersparadise.eu\/es\/wp-json\/wp\/v2\/types\/product"}],"replies":[{"embeddable":true,"href":"https:\/\/stage.poppersparadise.eu\/es\/wp-json\/wp\/v2\/comments?post=834"}],"wp:featuredmedia":[{"embeddable":true,"href":"https:\/\/stage.poppersparadise.eu\/es\/wp-json\/wp\/v2\/media\/288"}],"wp:attachment":[{"href":"https:\/\/stage.poppersparadise.eu\/es\/wp-json\/wp\/v2\/media?parent=834"}],"wp:term":[{"taxonomy":"product_brand","embeddable":true,"href":"https:\/\/stage.poppersparadise.eu\/es\/wp-json\/wp\/v2\/product_brand?post=834"},{"taxonomy":"product_cat","embeddable":true,"href":"https:\/\/stage.poppersparadise.eu\/es\/wp-json\/wp\/v2\/product_cat?post=834"},{"taxonomy":"product_tag","embeddable":true,"href":"https:\/\/stage.poppersparadise.eu\/es\/wp-json\/wp\/v2\/product_tag?post=834"}],"curies":[{"name":"wp","href":"https:\/\/api.w.org\/{rel}","templated":true}]}}