{"id":858,"date":"2024-10-08T16:52:11","date_gmt":"2024-10-08T14:52:11","guid":{"rendered":"https:\/\/stage.poppersparadise.eu\/product\/amsterdam-xxx-pride-10ml\/"},"modified":"2025-09-15T08:08:52","modified_gmt":"2025-09-15T06:08:52","slug":"amsterdam-xxx-pride-poppers-10ml","status":"publish","type":"product","link":"https:\/\/stage.poppersparadise.eu\/es\/producto\/amsterdam-xxx-pride-poppers-10ml\/","title":{"rendered":"Amsterdam Xxx Pride 10ml"},"content":{"rendered":"<h2 class=\"wp-block-heading\">Amsterdam Orgullo XXX Poppers<\/h2>\n\n\n\n<p>Descubra la experiencia de fragancia \u00fanica de Amsterdam Pride XXX Poppers, un difusor de fragancia de alta calidad especialmente dise\u00f1ado para crear un ambiente festivo. Con una potente f\u00f3rmula a base de nitrito de amilo, este producto ofrece una experiencia de fragancia intensa y duradera.<\/p>\n\n\n\n<h3 class=\"wp-block-heading\">Caracter\u00edsticas principales<\/h3>\n\n\n\n<ul class=\"wp-block-list\">\n<li><strong>Composici\u00f3n de alta calidad<\/strong>: Contiene nitrito de amilo para una potente dispersi\u00f3n de la fragancia.<\/li>\n\n\n\n<li><strong>Especialmente dise\u00f1ado para el ambiente<\/strong>: Ideal para crear un ambiente festivo y relajado.<\/li>\n\n\n\n<li><strong>La mejor relaci\u00f3n calidad-precio<\/strong>Disfrute de un producto de primera calidad a un precio competitivo.<\/li>\n\n\n\n<li><strong>Entrega r\u00e1pida<\/strong>Aseg\u00farate de estar siempre preparado.<\/li>\n<\/ul>\n\n\n\n<h3 class=\"wp-block-heading\">Informaci\u00f3n importante para el usuario<\/h3>\n\n\n\n<ul class=\"wp-block-list\">\n<li>Este producto est\u00e1 destinado a utilizarse \u00fanicamente como difusor de fragancias o disolvente de limpieza.<\/li>\n\n\n\n<li>No es apto para el consumo humano ni para la inhalaci\u00f3n.<\/li>\n\n\n\n<li>Evitar el contacto directo con la piel debido a sus propiedades c\u00e1usticas.<\/li>\n\n\n\n<li>Gu\u00e1rdelo en un lugar fresco y oscuro y cierre bien el frasco despu\u00e9s de usarlo.<\/li>\n<\/ul>\n\n\n\n<h3 class=\"wp-block-heading\">Advertencias<\/h3>\n\n\n\n<ul class=\"wp-block-list\">\n<li>L\u00edquido y vapores f\u00e1cilmente inflamables (H225).<\/li>\n\n\n\n<li>Provoca irritaci\u00f3n cut\u00e1nea y ocular (H315\/H319).<\/li>\n\n\n\n<li>T\u00f3xico por inhalaci\u00f3n (H331).<\/li>\n\n\n\n<li>No es un medicamento ni un producto m\u00e9dico.<\/li>\n\n\n\n<li>Utilizar s\u00f3lo seg\u00fan las indicaciones.<\/li>\n<\/ul>\n\n\n\n<h3 class=\"wp-block-heading\">Almacenamiento<\/h3>\n\n\n\n<ul class=\"wp-block-list\">\n<li>Conservar en lugar fresco y seco.<\/li>\n\n\n\n<li>Mantener fuera del alcance de los ni\u00f1os.<\/li>\n<\/ul>\n\n\n\n<p><strong>Pa\u00eds de origen<\/strong>: Luxemburgo<\/p>\n\n\n\n<h3 class=\"wp-block-heading\">Encargar Amsterdam Pride XXX Poppers hoy<\/h3>\n\n\n\n<p>Con Amsterdam Pride XXX Poppers, obtendr\u00e1 un potente difusor de fragancias que combina calidad y funcionalidad. Haz tu pedido hoy mismo y descubre por qu\u00e9 este producto es uno de los favoritos entre los entusiastas de los difusores de aromas.<\/p>","protected":false},"excerpt":{"rendered":"<p><strong><br \/>ACCESORIOS COMPATIBLES:<\/strong><\/p>\n<ul>\n<li><a href=\"https:\/\/stage.poppersparadise.eu\/es\/categoria-de-productos\/accesorios\/olfateadores-pequenos\/\">Olfateadores Peque\u00f1os<\/a><\/li>\n<li><a href=\"https:\/\/stage.poppersparadise.eu\/es\/producto\/xtrm-poppers-houder-zwart-small\/\">XTRM Poppers Soporte Peque\u00f1o<\/a><\/li>\n<li><a href=\"https:\/\/stage.poppersparadise.eu\/es\/producto\/xtrm-poppers-keeper-pequeno-10ml\/\">XTRM Poppers Guardi\u00e1n peque\u00f1o<\/a><\/li>\n<\/ul>","protected":false},"featured_media":530,"comment_status":"open","ping_status":"closed","template":"","meta":[],"product_brand":[735],"product_cat":[34],"product_tag":[],"class_list":{"0":"post-858","1":"product","2":"type-product","3":"status-publish","4":"has-post-thumbnail","6":"product_brand-amsterdam","7":"product_cat-kleine-flesjes-poppers","9":"first","10":"instock","11":"taxable","12":"shipping-taxable","13":"purchasable","14":"product-type-simple"},"_links":{"self":[{"href":"https:\/\/stage.poppersparadise.eu\/es\/wp-json\/wp\/v2\/product\/858","targetHints":{"allow":["GET"]}}],"collection":[{"href":"https:\/\/stage.poppersparadise.eu\/es\/wp-json\/wp\/v2\/product"}],"about":[{"href":"https:\/\/stage.poppersparadise.eu\/es\/wp-json\/wp\/v2\/types\/product"}],"replies":[{"embeddable":true,"href":"https:\/\/stage.poppersparadise.eu\/es\/wp-json\/wp\/v2\/comments?post=858"}],"wp:featuredmedia":[{"embeddable":true,"href":"https:\/\/stage.poppersparadise.eu\/es\/wp-json\/wp\/v2\/media\/530"}],"wp:attachment":[{"href":"https:\/\/stage.poppersparadise.eu\/es\/wp-json\/wp\/v2\/media?parent=858"}],"wp:term":[{"taxonomy":"product_brand","embeddable":true,"href":"https:\/\/stage.poppersparadise.eu\/es\/wp-json\/wp\/v2\/product_brand?post=858"},{"taxonomy":"product_cat","embeddable":true,"href":"https:\/\/stage.poppersparadise.eu\/es\/wp-json\/wp\/v2\/product_cat?post=858"},{"taxonomy":"product_tag","embeddable":true,"href":"https:\/\/stage.poppersparadise.eu\/es\/wp-json\/wp\/v2\/product_tag?post=858"}],"curies":[{"name":"wp","href":"https:\/\/api.w.org\/{rel}","templated":true}]}}