{"id":863,"date":"2024-10-08T16:52:12","date_gmt":"2024-10-08T14:52:12","guid":{"rendered":"https:\/\/stage.poppersparadise.eu\/product\/amsterdam-zero-24ml\/"},"modified":"2025-09-07T12:50:55","modified_gmt":"2025-09-07T10:50:55","slug":"amsterdam-zero-poppers-24ml","status":"publish","type":"product","link":"https:\/\/stage.poppersparadise.eu\/es\/producto\/amsterdam-zero-poppers-24ml\/","title":{"rendered":"Amsterdam Zero 24ml"},"content":{"rendered":"<h2 class=\"wp-block-heading\">Descubra la potente experiencia de Amsterdam Zero Poppers<\/h2>\n\n\n\n<p>Experimente la calidad de Amsterdam Zero Poppers, un difusor de fragancias conocido por su mezcla \u00fanica y su difusi\u00f3n de fragancias de larga duraci\u00f3n. Disponible en frascos de 10 ml o 24 ml discretamente envasados, este producto ofrece una experiencia de fragancia intensa y de alta calidad.<\/p>\n\n\n\n<h3 class=\"wp-block-heading\">Mezcla \u00fanica para una potente experiencia olfativa<\/h3>\n\n\n\n<p>Amsterdam Zero Poppers est\u00e1n compuestos por una mezcla \u00fanica de nitritos de isopropilo e isopentilo, que proporcionan una dispersi\u00f3n de fragancia potente y duradera.<\/p>\n\n\n\n<h3 class=\"wp-block-heading\">Aroma duradero gracias al megapellet<\/h3>\n\n\n\n<p>El megapellet de la botella ayuda a conservar el aroma durante m\u00e1s tiempo, incluso cuando se abre repetidamente. Esto lo hace ideal para un uso prolongado.<\/p>\n\n\n\n<h3 class=\"wp-block-heading\">Caracter\u00edsticas principales<\/h3>\n\n\n\n<ul class=\"wp-block-list\">\n<li><strong>F\u00f3rmula \u00fanica<\/strong>Mezcla de nitritos de isopropilo e isopentil para una intensa experiencia olfativa.<\/li>\n\n\n\n<li><strong>Aroma duradero<\/strong>: Gracias al megapellet, la fragancia permanece m\u00e1s tiempo.<\/li>\n\n\n\n<li><strong>Disponible en 10 ml y 24 ml<\/strong>Elige el formato que mejor se adapte a tus necesidades.<\/li>\n<\/ul>\n\n\n\n<h3 class=\"wp-block-heading\">Informaci\u00f3n importante para el usuario<\/h3>\n\n\n\n<ul class=\"wp-block-list\">\n<li>Este producto est\u00e1 destinado a utilizarse \u00fanicamente como difusor de fragancias o disolvente de limpieza.<\/li>\n\n\n\n<li>No es apto para el consumo humano ni para la inhalaci\u00f3n.<\/li>\n\n\n\n<li>Evitar el contacto directo con la piel debido a sus propiedades c\u00e1usticas.<\/li>\n\n\n\n<li>Gu\u00e1rdelo en un lugar fresco y oscuro y cierre bien el frasco despu\u00e9s de usarlo.<\/li>\n<\/ul>\n\n\n\n<h3 class=\"wp-block-heading\">Advertencias<\/h3>\n\n\n\n<ul class=\"wp-block-list\">\n<li>L\u00edquido y vapores f\u00e1cilmente inflamables (H225).<\/li>\n\n\n\n<li>Provoca irritaci\u00f3n cut\u00e1nea y ocular (H315\/H319).<\/li>\n\n\n\n<li>T\u00f3xico por inhalaci\u00f3n (H331).<\/li>\n\n\n\n<li>No es un medicamento ni un producto m\u00e9dico.<\/li>\n\n\n\n<li>Utilizar s\u00f3lo seg\u00fan las indicaciones.<\/li>\n<\/ul>\n\n\n\n<h3 class=\"wp-block-heading\">Almacenamiento<\/h3>\n\n\n\n<ul class=\"wp-block-list\">\n<li>Conservar en lugar fresco y seco.<\/li>\n\n\n\n<li>Mantener fuera del alcance de los ni\u00f1os.<\/li>\n<\/ul>\n\n\n\n<p><strong>Pa\u00eds de origen<\/strong>: Pa\u00edses Bajos<\/p>\n\n\n\n<h3 class=\"wp-block-heading\">Pida Zero Amsterdam Poppers hoy mismo<\/h3>\n\n\n\n<p>Con Amsterdam Zero Poppers obtendr\u00e1 un potente difusor de fragancias que combina calidad y funcionalidad. Haz tu pedido hoy mismo y descubre por qu\u00e9 este producto es uno de los favoritos entre los entusiastas de los difusores de fragancias.<\/p>","protected":false},"excerpt":{"rendered":"<p><strong><br \/>ACCESORIOS COMPATIBLES:<\/strong><\/p>\n<ul>\n<li><a href=\"https:\/\/stage.poppersparadise.eu\/es\/categoria-de-productos\/accesorios\/olfateadores-grandes\/\">Olfateadores Grandes<\/a><\/li>\n<li><a href=\"https:\/\/stage.poppersparadise.eu\/es\/producto\/xtrm-poppers-holder-grande-2\/\">XTRM Poppers Soporte grande<\/a><\/li>\n<li><a href=\"https:\/\/stage.poppersparadise.eu\/es\/producto\/xtrm-poppers-keeper-grande-24ml-2\/\">XTRM Poppers Guardi\u00e1n grande<\/a><\/li>\n<\/ul>","protected":false},"featured_media":327,"comment_status":"open","ping_status":"closed","template":"","meta":[],"product_brand":[735],"product_cat":[35],"product_tag":[],"class_list":{"0":"post-863","1":"product","2":"type-product","3":"status-publish","4":"has-post-thumbnail","6":"product_brand-amsterdam","7":"product_cat-grote-flesjes-poppers","9":"first","10":"instock","11":"taxable","12":"shipping-taxable","13":"purchasable","14":"product-type-simple"},"_links":{"self":[{"href":"https:\/\/stage.poppersparadise.eu\/es\/wp-json\/wp\/v2\/product\/863","targetHints":{"allow":["GET"]}}],"collection":[{"href":"https:\/\/stage.poppersparadise.eu\/es\/wp-json\/wp\/v2\/product"}],"about":[{"href":"https:\/\/stage.poppersparadise.eu\/es\/wp-json\/wp\/v2\/types\/product"}],"replies":[{"embeddable":true,"href":"https:\/\/stage.poppersparadise.eu\/es\/wp-json\/wp\/v2\/comments?post=863"}],"wp:featuredmedia":[{"embeddable":true,"href":"https:\/\/stage.poppersparadise.eu\/es\/wp-json\/wp\/v2\/media\/327"}],"wp:attachment":[{"href":"https:\/\/stage.poppersparadise.eu\/es\/wp-json\/wp\/v2\/media?parent=863"}],"wp:term":[{"taxonomy":"product_brand","embeddable":true,"href":"https:\/\/stage.poppersparadise.eu\/es\/wp-json\/wp\/v2\/product_brand?post=863"},{"taxonomy":"product_cat","embeddable":true,"href":"https:\/\/stage.poppersparadise.eu\/es\/wp-json\/wp\/v2\/product_cat?post=863"},{"taxonomy":"product_tag","embeddable":true,"href":"https:\/\/stage.poppersparadise.eu\/es\/wp-json\/wp\/v2\/product_tag?post=863"}],"curies":[{"name":"wp","href":"https:\/\/api.w.org\/{rel}","templated":true}]}}