{"id":864,"date":"2024-10-08T16:52:13","date_gmt":"2024-10-08T14:52:13","guid":{"rendered":"https:\/\/stage.poppersparadise.eu\/product\/amyl-24ml-long\/"},"modified":"2025-10-04T19:40:27","modified_gmt":"2025-10-04T17:40:27","slug":"amyl-long-poppers-24ml","status":"publish","type":"product","link":"https:\/\/stage.poppersparadise.eu\/es\/producto\/amyl-long-poppers-24ml\/","title":{"rendered":"Amyl 24ml Long"},"content":{"rendered":"<h2 class=\"wp-block-heading\">Amyl Botella larga Poppers - Potente difusor de fragancias en un c\u00f3modo tama\u00f1o<\/h2>\n\n\n\n<p>Descubra la calidad de Amyl Botella Larga Poppers, envasada en un pr\u00e1ctico frasco de 24 ml. Este difusor de fragancias ofrece una experiencia arom\u00e1tica intensa y duradera, perfecta para los amantes de los productos de alta calidad.<\/p>\n\n\n\n<h3 class=\"wp-block-heading\">Caracter\u00edsticas principales<\/h3>\n\n\n\n<ul class=\"wp-block-list\">\n<li><strong>Efecto duradero<\/strong>: Con una capacidad de 24 ml, disfrutar\u00e1 de una potente difusi\u00f3n del aroma durante m\u00e1s tiempo.<\/li>\n\n\n\n<li><strong>Formato pr\u00e1ctico<\/strong>La botella delgada es f\u00e1cil de guardar y transportar.<\/li>\n\n\n\n<li><strong>F\u00f3rmula de alta calidad<\/strong>: Especialmente dise\u00f1ado para una experiencia de fragancia intensa.<\/li>\n<\/ul>\n\n\n\n<h3 class=\"wp-block-heading\">Informaci\u00f3n importante para el usuario<\/h3>\n\n\n\n<ul class=\"wp-block-list\">\n<li>Este producto est\u00e1 destinado a utilizarse \u00fanicamente como difusor de fragancias o disolvente de limpieza.<\/li>\n\n\n\n<li>No es apto para el consumo humano ni para la inhalaci\u00f3n.<\/li>\n\n\n\n<li>Evitar el contacto directo con la piel debido a sus propiedades c\u00e1usticas.<\/li>\n\n\n\n<li>Gu\u00e1rdelo en un lugar fresco y oscuro y cierre bien el frasco despu\u00e9s de usarlo.<\/li>\n<\/ul>\n\n\n\n<h3 class=\"wp-block-heading\">Advertencias<\/h3>\n\n\n\n<ul class=\"wp-block-list\">\n<li>L\u00edquido y vapores f\u00e1cilmente inflamables (H225).<\/li>\n\n\n\n<li>Provoca irritaci\u00f3n cut\u00e1nea y ocular (H315\/H319).<\/li>\n\n\n\n<li>T\u00f3xico por inhalaci\u00f3n (H331).<\/li>\n\n\n\n<li>No es un medicamento ni un producto m\u00e9dico.<\/li>\n\n\n\n<li>Utilizar s\u00f3lo seg\u00fan las indicaciones.<\/li>\n<\/ul>\n\n\n\n<h3 class=\"wp-block-heading\">Almacenamiento<\/h3>\n\n\n\n<ul class=\"wp-block-list\">\n<li>Conservar en lugar fresco y seco.<\/li>\n\n\n\n<li>Mantener fuera del alcance de los ni\u00f1os.<\/li>\n<\/ul>\n\n\n\n<p><strong>Pa\u00eds de origen<\/strong>: Luxemburgo<\/p>\n\n\n\n<h3 class=\"wp-block-heading\">Pida hoy el Amyl Botella larga Poppers<\/h3>\n\n\n\n<p>Con Amyl Botella Larga Poppers, obtendr\u00e1 un potente difusor de fragancias que combina calidad y funcionalidad. P\u00eddalo hoy mismo y descubra por qu\u00e9 este producto es uno de los favoritos entre los entusiastas de los difusores de fragancias.<\/p>","protected":false},"excerpt":{"rendered":"<p><strong><br \/>ACCESORIOS COMPATIBLES:<\/strong><\/p>\n<ul>\n<li><a href=\"https:\/\/stage.poppersparadise.eu\/es\/categoria-de-productos\/accesorios\/olfateadores-pequenos\/\">Olfateadores Peque\u00f1os<\/a><\/li>\n<\/ul>","protected":false},"featured_media":328,"comment_status":"open","ping_status":"closed","template":"","meta":[],"product_brand":[736],"product_cat":[35],"product_tag":[705],"class_list":{"0":"post-864","1":"product","2":"type-product","3":"status-publish","4":"has-post-thumbnail","6":"product_brand-amyl","7":"product_cat-grote-flesjes-poppers","8":"product_tag-tube","10":"first","11":"instock","12":"taxable","13":"shipping-taxable","14":"purchasable","15":"product-type-simple"},"_links":{"self":[{"href":"https:\/\/stage.poppersparadise.eu\/es\/wp-json\/wp\/v2\/product\/864","targetHints":{"allow":["GET"]}}],"collection":[{"href":"https:\/\/stage.poppersparadise.eu\/es\/wp-json\/wp\/v2\/product"}],"about":[{"href":"https:\/\/stage.poppersparadise.eu\/es\/wp-json\/wp\/v2\/types\/product"}],"replies":[{"embeddable":true,"href":"https:\/\/stage.poppersparadise.eu\/es\/wp-json\/wp\/v2\/comments?post=864"}],"wp:featuredmedia":[{"embeddable":true,"href":"https:\/\/stage.poppersparadise.eu\/es\/wp-json\/wp\/v2\/media\/328"}],"wp:attachment":[{"href":"https:\/\/stage.poppersparadise.eu\/es\/wp-json\/wp\/v2\/media?parent=864"}],"wp:term":[{"taxonomy":"product_brand","embeddable":true,"href":"https:\/\/stage.poppersparadise.eu\/es\/wp-json\/wp\/v2\/product_brand?post=864"},{"taxonomy":"product_cat","embeddable":true,"href":"https:\/\/stage.poppersparadise.eu\/es\/wp-json\/wp\/v2\/product_cat?post=864"},{"taxonomy":"product_tag","embeddable":true,"href":"https:\/\/stage.poppersparadise.eu\/es\/wp-json\/wp\/v2\/product_tag?post=864"}],"curies":[{"name":"wp","href":"https:\/\/api.w.org\/{rel}","templated":true}]}}